{"id":987611802,"date":"2025-12-30T06:12:03","date_gmt":"2025-12-30T06:12:03","guid":{"rendered":"https:\/\/final.et-mg.com\/vocaciones\/"},"modified":"2026-01-12T19:56:56","modified_gmt":"2026-01-12T19:56:56","slug":"vocaciones","status":"publish","type":"page","link":"https:\/\/final.et-mg.com\/es\/vocaciones\/","title":{"rendered":"Vocaciones"},"content":{"rendered":"<p>[et_pb_section fb_built=\u00bb1&#8243; admin_label=\u00bbsection\u00bb _builder_version=\u00bb4.16&#8243; global_colors_info=\u00bb{}\u00bb da_is_popup=\u00bboff\u00bb da_exit_intent=\u00bboff\u00bb da_has_close=\u00bbon\u00bb da_alt_close=\u00bboff\u00bb da_dark_close=\u00bboff\u00bb da_not_modal=\u00bbon\u00bb da_is_singular=\u00bboff\u00bb da_with_loader=\u00bboff\u00bb da_has_shadow=\u00bbon\u00bb da_disable_devices=\u00bboff|off|off\u00bb][et_pb_row admin_label=\u00bbfila\u00bb _builder_version=\u00bb4.16&#8243; background_size=\u00bbinitial\u00bb background_position=\u00bbtop_left\u00bb background_repeat=\u00bbrepeat\u00bb global_colors_info=\u00bb{}\u00bb][et_pb_column type=\u00bb4_4&#8243; _builder_version=\u00bb4.16&#8243; custom_padding=\u00bb|||\u00bb global_colors_info=\u00bb{}\u00bb custom_padding__hover=\u00bb|||\u00bb][et_pb_text _builder_version=\u00bb4.27.5&#8243; _dynamic_attributes=\u00bbcontent\u00bb _module_preset=\u00bbf948cc9a-6cf1-423f-888b-8f4e4ea4d2af\u00bb global_colors_info=\u00bb{}\u00bb]@ET-DC@eyJkeW5hbWljIjp0cnVlLCJjb250ZW50IjoicG9zdF90aXRsZSIsInNldHRpbmdzIjp7ImJlZm9yZSI6IiIsImFmdGVyIjoiIiwiZW5hYmxlX2h0bWwiOiJvZmYifX0=@[\/et_pb_text][\/et_pb_column][\/et_pb_row][et_pb_row use_custom_gutter=\u00bbon\u00bb make_equal=\u00bbon\u00bb custom_padding_last_edited=\u00bbon|phone\u00bb _builder_version=\u00bb4.27.4&#8243; background_color=\u00bb#f6f6f6&#8243; width=\u00bb100%\u00bb max_width=\u00bb1210px\u00bb custom_margin=\u00bb0px||0px||true|false\u00bb custom_padding=\u00bb30px|50px|30px|50px|true|true\u00bb custom_padding_tablet=\u00bb20px|30px|20px|30px|true|true\u00bb custom_padding_phone=\u00bb20px|20px|20px|20px|true|true\u00bb custom_css_free_form=\u00bb@media only screen and (min-width: 981px) {|| .vertical_center{|| display: flex;|| align-items: center;|| }||}||\u00bb border_radii=\u00bbon|12px|12px|12px|12px\u00bb global_colors_info=\u00bb{}\u00bb][et_pb_column type=\u00bb4_4&#8243; _builder_version=\u00bb4.27.4&#8243; _module_preset=\u00bbdefault\u00bb global_colors_info=\u00bb{}\u00bb][et_pb_text _builder_version=\u00bb4.27.5&#8243; _module_preset=\u00bbdefault\u00bb header_3_font=\u00bbLora|600|||||||\u00bb header_3_text_color=\u00bb#0B233F\u00bb header_3_font_size=\u00bb26px\u00bb hover_enabled=\u00bb0&#8243; sticky_enabled=\u00bb0&#8243;]<\/p>\n<h3>\u00bfTe est\u00e1n llamando?<\/h3>\n<p>[\/et_pb_text][et_pb_image src=\u00bbhttps:\/\/et-mg.com\/wp-content\/uploads\/2025\/12\/4-1-IMG_5029may-696&#215;504-1.jpg\u00bb title_text=\u00bb4-1-IMG_5029may-696&#215;504&#8243; _builder_version=\u00bb4.27.4&#8243; _module_preset=\u00bbdefault\u00bb width_tablet=\u00bb100%\u00bb width_last_edited=\u00bboff|desktop\u00bb global_colors_info=\u00bb{}\u00bb][\/et_pb_image][et_pb_text _builder_version=\u00bb4.27.4&#8243; _module_preset=\u00bbdefault\u00bb text_font=\u00bbVerdana||||||||\u00bb text_text_color=\u00bb#000000&#8243; text_font_size=\u00bb16px\u00bb text_line_height=\u00bb1.8em\u00bb link_text_color=\u00bb#012a6b\u00bb header_4_font_size=\u00bb20px\u00bb custom_margin=\u00bb-11px||||false|false\u00bb custom_margin_tablet=\u00bb||30px||false|false\u00bb custom_margin_phone=\u00bb||20px||false|false\u00bb custom_margin_last_edited=\u00bboff|desktop\u00bb custom_padding=\u00bb0px||0px||true|false\u00bb text_font_size_tablet=\u00bb16px\u00bb text_font_size_phone=\u00bb14px\u00bb text_font_size_last_edited=\u00bboff|desktop\u00bb locked=\u00bboff\u00bb global_colors_info=\u00bb{}\u00bb]<\/p>\n<p>Obtenga m\u00e1s informaci\u00f3n sobre c\u00f3mo <a href=\"https:\/\/josephites.org\/answering-the-call\/\">discernir su vocaci\u00f3n<\/a>, <a href=\"https:\/\/josephites.org\/becoming-a-brother\/\">hacerse hermano<\/a> o <a href=\"https:\/\/josephites.org\/becoming-a-priest\/\">hacerse sacerdote<\/a>.<\/p>\n<p>[\/et_pb_text][et_pb_image src=\u00bbhttps:\/\/et-mg.com\/wp-content\/uploads\/2025\/12\/Anthony-Bozeman-205&#215;300-1.jpg\u00bb title_text=\u00bbAnthony-Bozeman-205&#215;300&#8243; _builder_version=\u00bb4.27.4&#8243; _module_preset=\u00bbdefault\u00bb width_tablet=\u00bb100%\u00bb width_last_edited=\u00bboff|desktop\u00bb global_colors_info=\u00bb{}\u00bb][\/et_pb_image][et_pb_text _builder_version=\u00bb4.27.4&#8243; _module_preset=\u00bbdefault\u00bb text_font=\u00bbVerdana||||||||\u00bb text_text_color=\u00bb#000000&#8243; text_font_size=\u00bb16px\u00bb text_line_height=\u00bb1.8em\u00bb link_text_color=\u00bb#012a6b\u00bb header_4_font_size=\u00bb20px\u00bb custom_margin=\u00bb-11px||||false|false\u00bb custom_margin_tablet=\u00bb||30px||false|false\u00bb custom_margin_phone=\u00bb||20px||false|false\u00bb custom_margin_last_edited=\u00bboff|desktop\u00bb custom_padding=\u00bb0px||0px||true|false\u00bb text_font_size_tablet=\u00bb16px\u00bb text_font_size_phone=\u00bb14px\u00bb text_font_size_last_edited=\u00bboff|desktop\u00bb locked=\u00bboff\u00bb global_colors_info=\u00bb{}\u00bb]<\/p>\n<p><strong>Padre Anthony Bozeman, SSJ<\/strong><br \/><strong>Director de Vocaciones<\/strong><\/p>\n<p><strong>P\u00f3ngase en contacto con el Padre Bozeman<\/strong><br \/><strong>Correo electr\u00f3nico:<\/strong> vocations@josephite.com<\/p>\n<p><strong>Tel\u00e9fono:<\/strong> (202) 832-9100<\/p>\n<p><strong>Direcci\u00f3n postal:<\/strong><br \/>P.O. Box 65010<br \/>Baltimore, MD 21209<\/p>\n<p><a href=\"https:\/\/www.wesharegiving.org\/app\/giving\/WeShare-2640?tab=home\">Haga clic aqu\u00ed para apoyar a un seminarista.<\/a><\/p>\n<p>[\/et_pb_text][\/et_pb_column][\/et_pb_row][\/et_pb_section]<\/p>\n","protected":false},"excerpt":{"rendered":"<p>\u00bfTe est\u00e1n llamando?Obtenga m\u00e1s informaci\u00f3n sobre c\u00f3mo discernir su vocaci\u00f3n, hacerse hermano o hacerse sacerdote.Padre Anthony Bozeman, SSJDirector de Vocaciones P\u00f3ngase en contacto con el Padre BozemanCorreo electr\u00f3nico: vocations@josephite.com Tel\u00e9fono: [&hellip;]<\/p>\n","protected":false},"author":1,"featured_media":0,"parent":0,"menu_order":0,"comment_status":"closed","ping_status":"closed","template":"","meta":{"_acf_changed":false,"give_campaign_id":0,"_et_pb_use_builder":"on","_et_pb_old_content":"","_et_gb_content_width":"","pmpro_default_level":"","_exactmetrics_skip_tracking":false,"_exactmetrics_sitenote_active":false,"_exactmetrics_sitenote_note":"","_exactmetrics_sitenote_category":0,"footnotes":""},"dipi_cpt_category":[],"difl_page_category":[],"class_list":["post-987611802","page","type-page","status-publish","hentry","pmpro-has-access"],"acf":[],"campaignId":"","_links":{"self":[{"href":"https:\/\/final.et-mg.com\/es\/wp-json\/wp\/v2\/pages\/987611802","targetHints":{"allow":["GET"]}}],"collection":[{"href":"https:\/\/final.et-mg.com\/es\/wp-json\/wp\/v2\/pages"}],"about":[{"href":"https:\/\/final.et-mg.com\/es\/wp-json\/wp\/v2\/types\/page"}],"author":[{"embeddable":true,"href":"https:\/\/final.et-mg.com\/es\/wp-json\/wp\/v2\/users\/1"}],"replies":[{"embeddable":true,"href":"https:\/\/final.et-mg.com\/es\/wp-json\/wp\/v2\/comments?post=987611802"}],"version-history":[{"count":0,"href":"https:\/\/final.et-mg.com\/es\/wp-json\/wp\/v2\/pages\/987611802\/revisions"}],"wp:attachment":[{"href":"https:\/\/final.et-mg.com\/es\/wp-json\/wp\/v2\/media?parent=987611802"}],"wp:term":[{"taxonomy":"dipi_cpt_category","embeddable":true,"href":"https:\/\/final.et-mg.com\/es\/wp-json\/wp\/v2\/dipi_cpt_category?post=987611802"},{"taxonomy":"difl_page_category","embeddable":true,"href":"https:\/\/final.et-mg.com\/es\/wp-json\/wp\/v2\/difl_page_category?post=987611802"}],"curies":[{"name":"wp","href":"https:\/\/api.w.org\/{rel}","templated":true}]}}