{"id":987611850,"date":"2025-12-30T15:08:45","date_gmt":"2025-12-30T15:08:45","guid":{"rendered":"https:\/\/final.et-mg.com\/anunciar\/"},"modified":"2026-01-13T14:59:09","modified_gmt":"2026-01-13T14:59:09","slug":"anunciar","status":"publish","type":"page","link":"https:\/\/final.et-mg.com\/es\/anunciar\/","title":{"rendered":"Anunciar"},"content":{"rendered":"<p>[et_pb_section fb_built=\u00bb1&#8243; admin_label=\u00bbsection\u00bb _builder_version=\u00bb4.16&#8243; global_colors_info=\u00bb{}\u00bb][et_pb_row admin_label=\u00bbfila\u00bb _builder_version=\u00bb4.16&#8243; background_size=\u00bbinitial\u00bb background_position=\u00bbtop_left\u00bb background_repeat=\u00bbrepeat\u00bb global_colors_info=\u00bb{}\u00bb][et_pb_column type=\u00bb4_4&#8243; _builder_version=\u00bb4.16&#8243; custom_padding=\u00bb|||\u00bb global_colors_info=\u00bb{}\u00bb custom_padding__hover=\u00bb|||\u00bb][et_pb_text admin_label=\u00bbText\u00bb _builder_version=\u00bb4.27.5&#8243; background_size=\u00bbinitial\u00bb background_position=\u00bbtop_left\u00bb background_repeat=\u00bbrepeat\u00bb hover_enabled=\u00bb0&#8243; global_colors_info=\u00bb{}\u00bb _dynamic_attributes=\u00bbcontent\u00bb _module_preset=\u00bbf948cc9a-6cf1-423f-888b-8f4e4ea4d2af\u00bb sticky_enabled=\u00bb0&#8243;]@ET-DC@eyJkeW5hbWljIjp0cnVlLCJjb250ZW50IjoicG9zdF90aXRsZSIsInNldHRpbmdzIjp7ImJlZm9yZSI6IiIsImFmdGVyIjoiIiwiZW5hYmxlX2h0bWwiOiJvZmYifX0=@[\/et_pb_text][\/et_pb_column][\/et_pb_row][et_pb_row use_custom_gutter=\u00bbon\u00bb make_equal=\u00bbon\u00bb custom_padding_last_edited=\u00bbon|phone\u00bb _builder_version=\u00bb4.27.5&#8243; background_color=\u00bb#f6f6f6&#8243; width=\u00bb100%\u00bb max_width=\u00bb1210px\u00bb custom_margin=\u00bb20px||0px||false|false\u00bb custom_padding=\u00bb30px|50px|30px|50px|true|true\u00bb custom_padding_tablet=\u00bb20px|30px|20px|30px|true|true\u00bb custom_padding_phone=\u00bb20px|20px|20px|20px|true|true\u00bb hover_enabled=\u00bb0&#8243; custom_css_free_form=\u00bb@media only screen and (min-width: 981px) {|| .vertical_center{|| display: flex;|| align-items: center;|| }||}||\u00bb border_radii=\u00bbon|12px|12px|12px|12px\u00bb global_colors_info=\u00bb{}\u00bb theme_builder_area=\u00bbpost_content\u00bb sticky_enabled=\u00bb0&#8243;][et_pb_column type=\u00bb4_4&#8243; _builder_version=\u00bb4.27.4&#8243; _module_preset=\u00bbdefault\u00bb global_colors_info=\u00bb{}\u00bb theme_builder_area=\u00bbpost_content\u00bb][et_pb_text _builder_version=\u00bb4.27.4&#8243; _module_preset=\u00bbdefault\u00bb text_font=\u00bbVerdana||||||||\u00bb text_text_color=\u00bb#000000&#8243; text_font_size=\u00bb16px\u00bb text_line_height=\u00bb1.8em\u00bb link_text_color=\u00bb#012a6b\u00bb custom_margin=\u00bb-11px||||false|false\u00bb custom_margin_tablet=\u00bb||30px||false|false\u00bb custom_margin_phone=\u00bb||20px||false|false\u00bb custom_margin_last_edited=\u00bboff|desktop\u00bb custom_padding=\u00bb0px||0px||true|false\u00bb text_font_size_tablet=\u00bb16px\u00bb text_font_size_phone=\u00bb14px\u00bb text_font_size_last_edited=\u00bboff|desktop\u00bb locked=\u00bboff\u00bb global_colors_info=\u00bb{}\u00bb theme_builder_area=\u00bbpost_content\u00bb]<\/p>\n<p><em><a href=\"https:\/\/josephites.org\/wp-content\/uploads\/2020\/04\/Harvest-Media-Kit-2020.pdf\">Kit de medios publicitarios de The Josephite Harvest<\/a><\/em><\/p>\n<p><strong>Llegue a 50.000 lectores dedicados y habituales<\/strong><\/p>\n<p>Entre los lectores de The Harvest se incluyen amigos especiales y simpatizantes de la sociedad josefita de sacerdotes y hermanos y su misi\u00f3n de dedicaci\u00f3n a la comunidad afroamericana.<\/p>\n<p>The Harvest se distribuye a 25.000 hogares afines a los josefitas en primavera, verano, oto\u00f1o e invierno. Gracias a la lectura compartida, cada n\u00famero de The Harvest llega a 50.000 lectores adultos habituales. <\/p>\n<p>Al igual que los lectores de otras publicaciones cat\u00f3licas consolidadas, los lectores de The Josephite Harvest tienden a ser m\u00e1s activos y a participar m\u00e1s en su fe, y son m\u00e1s devotos y generosos con sus comunidades. Demogr\u00e1ficamente, los lectores de publicaciones cat\u00f3licas son m\u00e1s atractivos que otros grandes grupos identificables, debido a su: <\/p>\n<p><span>\u25cf <\/span>Ingresos superiores a la media<br \/><span>\u25cf <\/span>Carreras en la alta direcci\u00f3n<br \/><span>\u25cf <\/span>Niveles educativos avanzados<br \/><span>\u25cf <\/span>Muy alta tasa de propiedad de vivienda<br \/><span>\u25cf <\/span>Familias numerosas<br \/><span>\u25cf <\/span>S\u00f3lidas carteras financieras<br \/><span>\u25cf <\/span>Viajes frecuentes<br \/><span>\u25cf <\/span>Hogares con varios coches<\/p>\n<p>The Josephite Harvest es la revista cat\u00f3lica de misiones m\u00e1s antigua de publicaci\u00f3n continua en los Estados Unidos. Fundada en 1888, The Harvest se publica trimestralmente para mantener a sus lectores al d\u00eda y al tanto del trabajo en el apostolado josefita. <\/p>\n<p>La misi\u00f3n de The Josephite Harvest es ayudar y promover el ministerio evangelizador de la Sociedad de San Jos\u00e9 del Sagrado Coraz\u00f3n. Es la voz de la Sociedad para convocar tanto a hombres como a medios para la labor de los josefitas. Tambi\u00e9n ayuda a establecer lazos duraderos con los numerosos benefactores y amigos de la Sociedad.  <\/p>\n<p><strong>\u00bfLa mejor parte? \u00a1A los lectores de The Harvest les importa, participan, dan y compran! <\/strong><\/p>\n<p>Para llegar a este grupo \u00fanico de lectores y consumidores de The Josephite Harvest, p\u00f3ngase en contacto con:<\/p>\n<p>Representante del editor:<\/p>\n<p>Advertising Media Plus<br \/>5397 Twin Knolls Road, Suite 17<br \/>Columbia, MD 21045<br \/>410-740-5009<\/p>\n<p><strong>Correo electr\u00f3nico:<\/strong> <a href=\"mailto:info@ampsinc.net\">info@ampsinc.net<\/a><\/p>\n<p><a href=\"http:\/\/ampsinc.net\"><strong><em>www.ampsinc.net<\/em><\/strong><\/a><\/p>\n<p>[\/et_pb_text][\/et_pb_column][\/et_pb_row][\/et_pb_section]<\/p>\n","protected":false},"excerpt":{"rendered":"<p>Kit de medios publicitarios de The Josephite Harvest Llegue a 50.000 lectores dedicados y habituales Entre los lectores de The Harvest se incluyen amigos especiales y simpatizantes de la sociedad [&hellip;]<\/p>\n","protected":false},"author":1,"featured_media":0,"parent":0,"menu_order":0,"comment_status":"closed","ping_status":"closed","template":"","meta":{"_acf_changed":false,"give_campaign_id":0,"_et_pb_use_builder":"on","_et_pb_old_content":"","_et_gb_content_width":"","pmpro_default_level":"","_exactmetrics_skip_tracking":false,"_exactmetrics_sitenote_active":false,"_exactmetrics_sitenote_note":"","_exactmetrics_sitenote_category":0,"footnotes":""},"dipi_cpt_category":[],"difl_page_category":[],"class_list":["post-987611850","page","type-page","status-publish","hentry","pmpro-has-access"],"acf":[],"campaignId":"","_links":{"self":[{"href":"https:\/\/final.et-mg.com\/es\/wp-json\/wp\/v2\/pages\/987611850","targetHints":{"allow":["GET"]}}],"collection":[{"href":"https:\/\/final.et-mg.com\/es\/wp-json\/wp\/v2\/pages"}],"about":[{"href":"https:\/\/final.et-mg.com\/es\/wp-json\/wp\/v2\/types\/page"}],"author":[{"embeddable":true,"href":"https:\/\/final.et-mg.com\/es\/wp-json\/wp\/v2\/users\/1"}],"replies":[{"embeddable":true,"href":"https:\/\/final.et-mg.com\/es\/wp-json\/wp\/v2\/comments?post=987611850"}],"version-history":[{"count":0,"href":"https:\/\/final.et-mg.com\/es\/wp-json\/wp\/v2\/pages\/987611850\/revisions"}],"wp:attachment":[{"href":"https:\/\/final.et-mg.com\/es\/wp-json\/wp\/v2\/media?parent=987611850"}],"wp:term":[{"taxonomy":"dipi_cpt_category","embeddable":true,"href":"https:\/\/final.et-mg.com\/es\/wp-json\/wp\/v2\/dipi_cpt_category?post=987611850"},{"taxonomy":"difl_page_category","embeddable":true,"href":"https:\/\/final.et-mg.com\/es\/wp-json\/wp\/v2\/difl_page_category?post=987611850"}],"curies":[{"name":"wp","href":"https:\/\/api.w.org\/{rel}","templated":true}]}}