{"id":987611853,"date":"2025-12-23T05:48:51","date_gmt":"2025-12-23T05:48:51","guid":{"rendered":"https:\/\/final.et-mg.com\/nuestra-comunidad\/"},"modified":"2026-01-13T19:09:37","modified_gmt":"2026-01-13T19:09:37","slug":"nuestra-comunidad","status":"publish","type":"page","link":"https:\/\/final.et-mg.com\/es\/nuestra-comunidad\/","title":{"rendered":"Nuestra comunidad"},"content":{"rendered":"<p>[et_pb_section fb_built=\u00bb1&#8243; custom_padding_last_edited=\u00bbon|phone\u00bb _builder_version=\u00bb4.27.5&#8243; custom_padding=\u00bb80px||80px||true\u00bb custom_padding_tablet=\u00bb80px||80px||true\u00bb custom_padding_phone=\u00bb10px||20px||false|false\u00bb global_colors_info=\u00bb{}\u00bb da_is_popup=\u00bboff\u00bb da_exit_intent=\u00bboff\u00bb da_has_close=\u00bbon\u00bb da_alt_close=\u00bboff\u00bb da_dark_close=\u00bboff\u00bb da_not_modal=\u00bbon\u00bb da_is_singular=\u00bboff\u00bb da_with_loader=\u00bboff\u00bb da_has_shadow=\u00bbon\u00bb da_disable_devices=\u00bboff|off|off\u00bb][et_pb_row _builder_version=\u00bb4.27.5&#8243; width=\u00bb90%\u00bb max_width=\u00bb1380px\u00bb custom_padding=\u00bb5%||5%||true|false\u00bb box_shadow_style=\u00bbpreset1&#8243; box_shadow_color=\u00bbrgba(0,0,0,0.1)\u00bb global_colors_info=\u00bb{}\u00bb][et_pb_column type=\u00bb4_4&#8243; _builder_version=\u00bb4.16&#8243; custom_padding=\u00bb|||\u00bb global_colors_info=\u00bb{}\u00bb custom_padding__hover=\u00bb|||\u00bb][et_pb_text _builder_version=\u00bb4.27.5&#8243; header_font=\u00bb||||||||\u00bb header_2_font=\u00bb|600||on|||||\u00bb header_2_text_color=\u00bb#0A233F\u00bb header_2_font_size=\u00bb14px\u00bb header_2_letter_spacing=\u00bb2px\u00bb header_2_line_height=\u00bb1.3em\u00bb global_colors_info=\u00bb{}\u00bb]<\/p>\n<h2 style=\"text-align: center;\">QUI\u00c9NES SOMOS JUNTOS<\/h2>\n<p>[\/et_pb_text][et_pb_text _builder_version=\u00bb4.27.5&#8243; header_font=\u00bb|700|||||||\u00bb header_text_color=\u00bb#0A233F\u00bb header_line_height=\u00bb1.3em\u00bb header_2_font=\u00bb||||||||\u00bb header_2_font_size=\u00bb15px\u00bb custom_margin=\u00bb-28px|||\u00bb header_font_size_tablet=\u00bb\u00bb header_font_size_phone=\u00bb25px\u00bb header_font_size_last_edited=\u00bbon|desktop\u00bb global_colors_info=\u00bb{}\u00bb]<\/p>\n<h1 style=\"text-align: center;\">Unidos en el servicio, la fe y la misi\u00f3n<\/h1>\n<p>[\/et_pb_text][et_pb_divider color=\u00bb#000000&#8243; divider_weight=\u00bb2px\u00bb _builder_version=\u00bb4.16&#8243; max_width=\u00bb100px\u00bb module_alignment=\u00bbcenter\u00bb custom_margin=\u00bb-21px|||\u00bb global_colors_info=\u00bb{}\u00bb][\/et_pb_divider][et_pb_text _builder_version=\u00bb4.27.5&#8243; text_font=\u00bb|300|||||||\u00bb text_text_color=\u00bb#000000&#8243; text_font_size=\u00bb17px\u00bb text_line_height=\u00bb1.8em\u00bb header_font=\u00bb||||||||\u00bb header_2_font=\u00bb||||||||\u00bb header_2_font_size=\u00bb15px\u00bb text_orientation=\u00bbcenter\u00bb max_width=\u00bb790px\u00bb module_alignment=\u00bbcenter\u00bb custom_margin=\u00bb-30px||\u00bb global_colors_info=\u00bb{}\u00bb]La comunidad josefita est\u00e1 formada por personas e instituciones comprometidas con una misi\u00f3n compartida de servicio, atenci\u00f3n pastoral y liderazgo espiritual. A trav\u00e9s de parroquias, escuelas, ministerios y programas de formaci\u00f3n, nuestra comunidad vive su vocaci\u00f3n a trav\u00e9s de la colaboraci\u00f3n, la oraci\u00f3n y la dedicaci\u00f3n a las personas a las que servimos.[\/et_pb_text][\/et_pb_column][\/et_pb_row][\/et_pb_section][et_pb_section fb_built=\u00bb1&#8243; custom_padding_last_edited=\u00bbon|tablet\u00bb _builder_version=\u00bb4.27.5&#8243; _module_preset=\u00bbdefault\u00bb background_enable_color=\u00bboff\u00bb background_enable_image=\u00bboff\u00bb custom_margin=\u00bb0px|0px|0px|0px|true|true\u00bb custom_padding=\u00bb0px|0px|100px|0px|false|true\u00bb custom_padding_tablet=\u00bb60px||60px||true|true\u00bb custom_padding_phone=\u00bb40px|15px|40px|15px|true|true\u00bb global_colors_info=\u00bb{}\u00bb da_is_popup=\u00bboff\u00bb da_exit_intent=\u00bboff\u00bb da_has_close=\u00bbon\u00bb da_alt_close=\u00bboff\u00bb da_dark_close=\u00bboff\u00bb da_not_modal=\u00bbon\u00bb da_is_singular=\u00bboff\u00bb da_with_loader=\u00bboff\u00bb da_has_shadow=\u00bbon\u00bb da_disable_devices=\u00bboff|off|off\u00bb][et_pb_row module_class=\u00bbhervest-new-row\u00bb _builder_version=\u00bb4.27.5&#8243; _module_preset=\u00bbdefault\u00bb background_enable_color=\u00bboff\u00bb width=\u00bb90%\u00bb max_width=\u00bb1380px\u00bb custom_margin=\u00bb0px||0px||true|false\u00bb custom_padding=\u00bb0px||0px||true|false\u00bb custom_css_free_form=\u00bbselector .dnxt-text-two{||  border: 0px;||}||selector .hervest-new-row{||  max-width: 1400px!important;||}\u00bb global_colors_info=\u00bb{}\u00bb][et_pb_column type=\u00bb4_4&#8243; _builder_version=\u00bb4.27.0&#8243; _module_preset=\u00bbdefault\u00bb background_enable_color=\u00bboff\u00bb global_colors_info=\u00bb{}\u00bb][dnxte_advanced_tab use_tabs_wrap=\u00bboff\u00bb use_tabs_wrap_tablet=\u00bbon\u00bb use_tabs_wrap_phone=\u00bboff\u00bb tab_wrapper_margin=\u00bb|10px|50px|10px|false|true\u00bb body_wrapper_margin=\u00bb||||false|false\u00bb body_wrapper_padding=\u00bb0px|0px|0px|0px|true|true\u00bb tab_container_bg_color=\u00bb#FFFFFF\u00bb tab_single_bg_color=\u00bb#fafafa\u00bb tab_active_bg_color=\u00bb#0A233F\u00bb content_container_bg_color=\u00bbRGBA(255,255,255,0)\u00bb tab_wrapper_margin_tablet=\u00bb|30px|40px|30px|false|true\u00bb tab_wrapper_margin_phone=\u00bb|0px|30px|0px|false|false\u00bb tab_wrapper_margin_last_edited=\u00bbon|phone\u00bb _builder_version=\u00bb4.27.5&#8243; _module_preset=\u00bbdefault\u00bb tab_title_font=\u00bbRokkitt|600|||||||\u00bb tab_title_text_color=\u00bb#000000&#8243; tab_title_font_size=\u00bb18px\u00bb tab_title_line_height=\u00bb2em\u00bb tab_active_title_text_color=\u00bb#FFFFFF\u00bb tab_subtitle_font_size=\u00bb1px\u00bb tab_subtitle_line_height=\u00bb1px\u00bb width=\u00bb100%\u00bb custom_margin=\u00bb||||false|false\u00bb hover_enabled=\u00bb0&#8243; tab_title_font_size_tablet=\u00bb14px\u00bb tab_title_font_size_last_edited=\u00bboff|desktop\u00bb tab_title_line_height_tablet=\u00bb36px\u00bb tab_title_line_height_last_edited=\u00bboff|desktop\u00bb custom_css_tab_item=\u00bbalign-items: center;\u00bb border_color_all_tab=\u00bbRGBA(255,255,255,0)\u00bb border_color_all_body=\u00bb#191919&#8243; global_colors_info=\u00bb{}\u00bb tab_single_bg_color__hover_enabled=\u00bboff|hover\u00bb tab_single_bg_enable_color__hover=\u00bboff\u00bb tab_title_text_color__hover_enabled=\u00bboff|desktop\u00bb tab_title_text_color__hover=\u00bb#FFFFFF\u00bb tab_active_title_text_color__hover_enabled=\u00bboff|desktop\u00bb tab_active_title_text_color__hover=\u00bb#FFFFFF\u00bb sticky_enabled=\u00bb0&#8243;][dnxte_advanced_tab_item admin_label_text=\u00bbOur Leadership\u00bb tab_title=\u00bbNuestro liderazgo\u00bb use_divi_library=\u00bbon\u00bb divi_library=\u00bb987611910&#8243; _builder_version=\u00bb4.27.5&#8243; _module_preset=\u00bbdefault\u00bb hover_enabled=\u00bb0&#8243; global_colors_info=\u00bb{}\u00bb sticky_enabled=\u00bb0&#8243;][\/dnxte_advanced_tab_item][dnxte_advanced_tab_item admin_label_text=\u00bbParishes and Schools\u00bb tab_title=\u00bbParroquias y escuelas\u00bb use_divi_library=\u00bbon\u00bb divi_library=\u00bb0&#8243; _builder_version=\u00bb4.27.5&#8243; _module_preset=\u00bbdefault\u00bb hover_enabled=\u00bb0&#8243; global_colors_info=\u00bb{}\u00bb sticky_enabled=\u00bb0&#8243;][\/dnxte_advanced_tab_item][dnxte_advanced_tab_item admin_label_text=\u00bbSpecial Ministries\u00bb tab_title=\u00bbMinisterios especiales\u00bb use_divi_library=\u00bbon\u00bb divi_library=\u00bb987611904&#8243; _builder_version=\u00bb4.27.5&#8243; _module_preset=\u00bbdefault\u00bb hover_enabled=\u00bb0&#8243; global_colors_info=\u00bb{}\u00bb sticky_enabled=\u00bb0&#8243;][\/dnxte_advanced_tab_item][dnxte_advanced_tab_item admin_label_text=\u00bbJosephite Pastoral Center\u00bb tab_title=\u00bbCentro Pastoral Josephite\u00bb use_divi_library=\u00bbon\u00bb divi_library=\u00bb0&#8243; _builder_version=\u00bb4.27.5&#8243; _module_preset=\u00bbdefault\u00bb hover_enabled=\u00bb0&#8243; global_colors_info=\u00bb{}\u00bb sticky_enabled=\u00bb0&#8243;][\/dnxte_advanced_tab_item][dnxte_advanced_tab_item admin_label_text=\u00bbInstitutions\u00bb tab_title=\u00bbInstituciones\u00bb use_divi_library=\u00bbon\u00bb divi_library=\u00bb987611907&#8243; _builder_version=\u00bb4.27.5&#8243; _module_preset=\u00bbdefault\u00bb hover_enabled=\u00bb0&#8243; global_colors_info=\u00bb{}\u00bb sticky_enabled=\u00bb0&#8243;][\/dnxte_advanced_tab_item][dnxte_advanced_tab_item admin_label_text=\u00bbOur Retired Josephites\u00bb tab_title=\u00bbNuestros Josephitas jubilados\u00bb use_divi_library=\u00bbon\u00bb divi_library=\u00bb987611910&#8243; _builder_version=\u00bb4.27.5&#8243; _module_preset=\u00bbdefault\u00bb hover_enabled=\u00bb0&#8243; global_colors_info=\u00bb{}\u00bb sticky_enabled=\u00bb0&#8243;][\/dnxte_advanced_tab_item][dnxte_advanced_tab_item admin_label_text=\u00bbOur Seminarians\u00bb tab_title=\u00bbNuestros seminaristas\u00bb use_divi_library=\u00bbon\u00bb divi_library=\u00bb987611913&#8243; _builder_version=\u00bb4.27.5&#8243; _module_preset=\u00bbdefault\u00bb hover_enabled=\u00bb0&#8243; global_colors_info=\u00bb{}\u00bb sticky_enabled=\u00bb0&#8243;][\/dnxte_advanced_tab_item][dnxte_advanced_tab_item admin_label_text=\u00bbHome for Retired Josephite Priests\u00bb tab_title=\u00bbHogar para sacerdotes josefinos jubilados\u00bb use_divi_library=\u00bbon\u00bb divi_library=\u00bb987611916&#8243; _builder_version=\u00bb4.27.5&#8243; _module_preset=\u00bbdefault\u00bb hover_enabled=\u00bb0&#8243; global_colors_info=\u00bb{}\u00bb sticky_enabled=\u00bb0&#8243;][\/dnxte_advanced_tab_item][\/dnxte_advanced_tab][\/et_pb_column][\/et_pb_row][\/et_pb_section]<\/p>\n","protected":false},"excerpt":{"rendered":"<p>QUI\u00c9NES SOMOS JUNTOSUnidos en el servicio, la fe y la misi\u00f3nLa comunidad josefita est\u00e1 formada por personas e instituciones comprometidas con una misi\u00f3n compartida de servicio, atenci\u00f3n pastoral y liderazgo [&hellip;]<\/p>\n","protected":false},"author":1,"featured_media":0,"parent":0,"menu_order":0,"comment_status":"closed","ping_status":"closed","template":"","meta":{"_acf_changed":false,"give_campaign_id":0,"_et_pb_use_builder":"on","_et_pb_old_content":"","_et_gb_content_width":"","pmpro_default_level":"","_exactmetrics_skip_tracking":false,"_exactmetrics_sitenote_active":false,"_exactmetrics_sitenote_note":"","_exactmetrics_sitenote_category":0,"footnotes":""},"dipi_cpt_category":[],"difl_page_category":[],"class_list":["post-987611853","page","type-page","status-publish","hentry","pmpro-has-access"],"acf":[],"campaignId":"","_links":{"self":[{"href":"https:\/\/final.et-mg.com\/es\/wp-json\/wp\/v2\/pages\/987611853","targetHints":{"allow":["GET"]}}],"collection":[{"href":"https:\/\/final.et-mg.com\/es\/wp-json\/wp\/v2\/pages"}],"about":[{"href":"https:\/\/final.et-mg.com\/es\/wp-json\/wp\/v2\/types\/page"}],"author":[{"embeddable":true,"href":"https:\/\/final.et-mg.com\/es\/wp-json\/wp\/v2\/users\/1"}],"replies":[{"embeddable":true,"href":"https:\/\/final.et-mg.com\/es\/wp-json\/wp\/v2\/comments?post=987611853"}],"version-history":[{"count":0,"href":"https:\/\/final.et-mg.com\/es\/wp-json\/wp\/v2\/pages\/987611853\/revisions"}],"wp:attachment":[{"href":"https:\/\/final.et-mg.com\/es\/wp-json\/wp\/v2\/media?parent=987611853"}],"wp:term":[{"taxonomy":"dipi_cpt_category","embeddable":true,"href":"https:\/\/final.et-mg.com\/es\/wp-json\/wp\/v2\/dipi_cpt_category?post=987611853"},{"taxonomy":"difl_page_category","embeddable":true,"href":"https:\/\/final.et-mg.com\/es\/wp-json\/wp\/v2\/difl_page_category?post=987611853"}],"curies":[{"name":"wp","href":"https:\/\/api.w.org\/{rel}","templated":true}]}}