{"id":987611856,"date":"2025-12-23T05:50:51","date_gmt":"2025-12-23T05:50:51","guid":{"rendered":"https:\/\/final.et-mg.com\/nuestro-liderazgo\/"},"modified":"2026-01-13T15:19:28","modified_gmt":"2026-01-13T15:19:28","slug":"nuestro-liderazgo","status":"publish","type":"page","link":"https:\/\/final.et-mg.com\/es\/nuestro-liderazgo\/","title":{"rendered":"Nuestro liderazgo"},"content":{"rendered":"<p>[et_pb_section fb_built=\u00bb1&#8243; _builder_version=\u00bb4.27.5&#8243; _module_preset=\u00bbdefault\u00bb background_enable_color=\u00bboff\u00bb custom_padding=\u00bb||||false|false\u00bb hover_enabled=\u00bb0&#8243; da_disable_devices=\u00bboff|off|off\u00bb global_colors_info=\u00bb{}\u00bb custom_padding_last_edited=\u00bbon|phone\u00bb custom_padding_phone=\u00bb10px||10px||true|false\u00bb sticky_enabled=\u00bb0&#8243; da_is_popup=\u00bboff\u00bb da_exit_intent=\u00bboff\u00bb da_has_close=\u00bbon\u00bb da_alt_close=\u00bboff\u00bb da_dark_close=\u00bboff\u00bb da_not_modal=\u00bbon\u00bb da_is_singular=\u00bboff\u00bb da_with_loader=\u00bboff\u00bb da_has_shadow=\u00bbon\u00bb custom_padding_tablet=\u00bb||||false|false\u00bb][et_pb_row custom_padding_last_edited=\u00bbon|tablet\u00bb _builder_version=\u00bb4.16&#8243; _module_preset=\u00bbdefault\u00bb custom_margin_tablet=\u00bb||0px||false|false\u00bb custom_margin_phone=\u00bb\u00bb custom_margin_last_edited=\u00bbon|tablet\u00bb custom_padding_tablet=\u00bb||0px||false|false\u00bb custom_padding_phone=\u00bb\u00bb global_colors_info=\u00bb{}\u00bb][et_pb_column type=\u00bb4_4&#8243; _builder_version=\u00bb4.16&#8243; _module_preset=\u00bbdefault\u00bb global_colors_info=\u00bb{}\u00bb][et_pb_text _builder_version=\u00bb4.27.5&#8243; _module_preset=\u00bbdefault\u00bb text_font=\u00bbPoppins|300|||||||\u00bb text_text_color=\u00bb#FFFFFF\u00bb text_line_height=\u00bb24px\u00bb header_2_font=\u00bbCinzel|600||on|||||\u00bb header_2_text_color=\u00bb#0B233F\u00bb header_2_font_size=\u00bb28px\u00bb header_2_line_height=\u00bb1.2em\u00bb custom_margin=\u00bb||6px||false|false\u00bb custom_margin_phone=\u00bb||15px||false|false\u00bb custom_margin_last_edited=\u00bboff|desktop\u00bb hover_enabled=\u00bb0&#8243; global_colors_info=\u00bb{}\u00bb sticky_enabled=\u00bb0&#8243;]<\/p>\n<h2>El Consejo de Liderazgo Josefinos<\/h2>\n<p>[\/et_pb_text][et_pb_text _builder_version=\u00bb4.27.5&#8243; _module_preset=\u00bbdefault\u00bb text_font=\u00bbLora|300|||||||\u00bb text_text_color=\u00bb#0B233F\u00bb text_font_size=\u00bb17px\u00bb text_line_height=\u00bb1.6em\u00bb header_2_font=\u00bbPoppins|700|||||||\u00bb header_2_text_color=\u00bb#FFFFFF\u00bb header_2_font_size=\u00bb36px\u00bb header_2_line_height=\u00bb56px\u00bb text_font_size_phone=\u00bb14px\u00bb text_font_size_last_edited=\u00bboff|desktop\u00bb global_colors_info=\u00bb{}\u00bb]<\/p>\n<p>En la Conferencia General de 2023 de la Sociedad de San Jos\u00e9 del Sagrado Coraz\u00f3n (Los Josefinos), el equipo de liderazgo fue elegido para un mandato de cuatro a\u00f1os.<\/p>\n<p>[\/et_pb_text][\/et_pb_column][\/et_pb_row][et_pb_row _builder_version=\u00bb4.27.5&#8243; _module_preset=\u00bbdefault\u00bb custom_padding=\u00bb12px||||false|false\u00bb hover_enabled=\u00bb0&#8243; global_colors_info=\u00bb{}\u00bb custom_padding_last_edited=\u00bbon|phone\u00bb custom_padding_phone=\u00bb30px||||false|false\u00bb sticky_enabled=\u00bb0&#8243; custom_padding_tablet=\u00bb35px||||false|false\u00bb][et_pb_column type=\u00bb4_4&#8243; _builder_version=\u00bb4.27.5&#8243; _module_preset=\u00bbdefault\u00bb global_colors_info=\u00bb{}\u00bb][dipl_team_grid posts_number=\u00bb3&#8243; post_order=\u00bbASC\u00bb include_categories=\u00bb63&#8243; image_size=\u00bbfull\u00bb onclick_trigger=\u00bbopen_popup\u00bb use_button=\u00bbon\u00bb display_in_popup=\u00bbon|on|on|on|off\u00bb number_of_columns=\u00bb3&#8243; close_icon_position=\u00bbinside\u00bb lightbox_close_icon_color=\u00bb#FFFFFF\u00bb lightbox_close_icon_size=\u00bb35px\u00bb _builder_version=\u00bb4.27.5&#8243; _module_preset=\u00bbdefault\u00bb name_font=\u00bbCinzel|600||on|||||\u00bb name_text_color=\u00bb#0B233F\u00bb name_font_size=\u00bb22px\u00bb popup_name_font=\u00bbCinzel|600||on|||||\u00bb popup_name_text_color=\u00bb#0B233F\u00bb popup_name_font_size=\u00bb20px\u00bb popup_designation_font=\u00bbLora||||||||\u00bb popup_designation_text_color=\u00bb#0B233F\u00bb popup_designation_font_size=\u00bb16px\u00bb popup_description_font=\u00bbLora||||||||\u00bb popup_description_text_color=\u00bb#0B233F\u00bb popup_description_font_size=\u00bb16px\u00bb popup_description_line_height=\u00bb1.8em\u00bb loader_icon_text_text_color=\u00bb#D4B466&#8243; custom_link_button=\u00bbon\u00bb link_button_text_size=\u00bb16px\u00bb link_button_text_color=\u00bb#FFFFFF\u00bb link_button_bg_color=\u00bb#0B233F\u00bb link_button_border_color=\u00bb#0B233F\u00bb link_button_border_radius=\u00bb8px\u00bb link_button_font=\u00bbLora||||||||\u00bb link_button_use_icon=\u00bboff\u00bb link_button_custom_padding=\u00bb||||true|true\u00bb global_colors_info=\u00bb{}\u00bb link_button_bg_color__hover_enabled=\u00bbon|hover\u00bb link_button_bg_color__hover=\u00bb#D4B466&#8243; link_button_bg_enable_color__hover=\u00bbon\u00bb link_button_text_color__hover_enabled=\u00bbon|desktop\u00bb link_button_text_color__hover=\u00bb#0B233F\u00bb grid_overlay_bg_color=\u00bbrgba(255,255,255,0.6)\u00bb grid_overlay_bg_enable_color=\u00bbon\u00bb sticky_enabled=\u00bb0&#8243; show_designation=\u00bboff\u00bb number_of_columns_tablet=\u00bb2&#8243; number_of_columns_phone=\u00bb1&#8243; number_of_columns_last_edited=\u00bbon|tablet\u00bb name_font_size_tablet=\u00bb18px\u00bb name_font_size_last_edited=\u00bbon|tablet\u00bb hover_enabled=\u00bb0&#8243; name_font_size_phone=\u00bb18px\u00bb][\/dipl_team_grid][\/et_pb_column][\/et_pb_row][et_pb_row _builder_version=\u00bb4.27.5&#8243; _module_preset=\u00bbdefault\u00bb hover_enabled=\u00bb0&#8243; global_colors_info=\u00bb{}\u00bb custom_padding_last_edited=\u00bbon|phone\u00bb custom_padding_phone=\u00bb10px||20px||false|false\u00bb sticky_enabled=\u00bb0&#8243;][et_pb_column type=\u00bb4_4&#8243; _builder_version=\u00bb4.27.5&#8243; _module_preset=\u00bbdefault\u00bb global_colors_info=\u00bb{}\u00bb][et_pb_text _builder_version=\u00bb4.27.5&#8243; _module_preset=\u00bbdefault\u00bb text_font=\u00bbLora|600|on||||||\u00bb text_text_color=\u00bb#0B233F\u00bb text_font_size=\u00bb24px\u00bb text_line_height=\u00bb1.6em\u00bb header_2_font=\u00bbCinzel|600||on|||||\u00bb header_2_text_color=\u00bb#0B233F\u00bb header_2_font_size=\u00bb28px\u00bb header_2_line_height=\u00bb1.2em\u00bb custom_margin=\u00bb||6px||false|false\u00bb custom_margin_phone=\u00bb||15px||false|false\u00bb custom_margin_last_edited=\u00bboff|desktop\u00bb hover_enabled=\u00bb0&#8243; locked=\u00bboff\u00bb global_colors_info=\u00bb{}\u00bb sticky_enabled=\u00bb0&#8243; header_2_font_size_last_edited=\u00bbon|phone\u00bb header_2_font_size_phone=\u00bb25px\u00bb text_font_size_last_edited=\u00bbon|phone\u00bb text_font_size_phone=\u00bb22px\u00bb header_2_font_size_tablet=\u00bb28px\u00bb text_font_size_tablet=\u00bb24px\u00bb]<\/p>\n<p>El resto del Consejo est\u00e1 compuesto por los cuatro Directores de \u00c1rea:<\/p>\n<p>[\/et_pb_text][\/et_pb_column][\/et_pb_row][et_pb_row _builder_version=\u00bb4.27.5&#8243; _module_preset=\u00bbdefault\u00bb custom_padding=\u00bb12px||||false|false\u00bb hover_enabled=\u00bb0&#8243; locked=\u00bboff\u00bb global_colors_info=\u00bb{}\u00bb custom_padding_last_edited=\u00bbon|phone\u00bb custom_padding_phone=\u00bb||12px||false|false\u00bb sticky_enabled=\u00bb0&#8243; custom_padding_tablet=\u00bb12px||||false|false\u00bb][et_pb_column type=\u00bb4_4&#8243; _builder_version=\u00bb4.27.5&#8243; _module_preset=\u00bbdefault\u00bb global_colors_info=\u00bb{}\u00bb][dipl_team_grid posts_number=\u00bb3&#8243; post_order=\u00bbASC\u00bb image_size=\u00bbfull\u00bb onclick_trigger=\u00bbopen_popup\u00bb use_button=\u00bbon\u00bb display_in_popup=\u00bbon|on|on|on|off\u00bb number_of_columns=\u00bb3&#8243; close_icon_position=\u00bbinside\u00bb lightbox_close_icon_color=\u00bb#FFFFFF\u00bb lightbox_close_icon_size=\u00bb35px\u00bb _builder_version=\u00bb4.27.5&#8243; _module_preset=\u00bbdefault\u00bb name_font=\u00bbCinzel|600||on|||||\u00bb name_text_color=\u00bb#0B233F\u00bb name_font_size=\u00bb22px\u00bb popup_name_font=\u00bbCinzel|600||on|||||\u00bb popup_name_text_color=\u00bb#0B233F\u00bb popup_name_font_size=\u00bb20px\u00bb popup_designation_font=\u00bbLora||||||||\u00bb popup_designation_text_color=\u00bb#0B233F\u00bb popup_designation_font_size=\u00bb16px\u00bb popup_description_font=\u00bbLora||||||||\u00bb popup_description_text_color=\u00bb#0B233F\u00bb popup_description_font_size=\u00bb16px\u00bb popup_description_line_height=\u00bb1.8em\u00bb loader_icon_text_text_color=\u00bb#D4B466&#8243; custom_link_button=\u00bbon\u00bb link_button_text_size=\u00bb16px\u00bb link_button_text_color=\u00bb#FFFFFF\u00bb link_button_bg_color=\u00bb#0B233F\u00bb link_button_border_color=\u00bb#0B233F\u00bb link_button_border_radius=\u00bb8px\u00bb link_button_font=\u00bbLora||||||||\u00bb link_button_use_icon=\u00bboff\u00bb link_button_custom_padding=\u00bb||||true|true\u00bb hover_enabled=\u00bb0&#8243; global_colors_info=\u00bb{}\u00bb link_button_bg_color__hover_enabled=\u00bbon|hover\u00bb link_button_bg_color__hover=\u00bb#D4B466&#8243; link_button_bg_enable_color__hover=\u00bbon\u00bb link_button_text_color__hover_enabled=\u00bbon|desktop\u00bb link_button_text_color__hover=\u00bb#0B233F\u00bb include_categories=\u00bb64&#8243; sticky_enabled=\u00bb0&#8243; grid_overlay_bg_color=\u00bbrgba(255,255,255,0.6)\u00bb grid_overlay_bg_enable_color=\u00bbon\u00bb show_designation=\u00bboff\u00bb number_of_columns_last_edited=\u00bbon|tablet\u00bb number_of_columns_tablet=\u00bb2&#8243; number_of_columns_phone=\u00bb1&#8243; name_font_size_last_edited=\u00bbon|tablet\u00bb name_font_size_tablet=\u00bb18px\u00bb name_font_size_phone=\u00bb18px\u00bb][\/dipl_team_grid][\/et_pb_column][\/et_pb_row][et_pb_row _builder_version=\u00bb4.27.5&#8243; _module_preset=\u00bbdefault\u00bb custom_padding=\u00bb12px||||false|false\u00bb locked=\u00bboff\u00bb global_colors_info=\u00bb{}\u00bb][et_pb_column type=\u00bb4_4&#8243; _builder_version=\u00bb4.27.5&#8243; _module_preset=\u00bbdefault\u00bb global_colors_info=\u00bb{}\u00bb][dipl_team_grid posts_number=\u00bb3&#8243; post_order=\u00bbASC\u00bb image_size=\u00bbfull\u00bb onclick_trigger=\u00bbopen_popup\u00bb use_button=\u00bbon\u00bb display_in_popup=\u00bbon|on|on|on|off\u00bb number_of_columns=\u00bb3&#8243; close_icon_position=\u00bbinside\u00bb lightbox_close_icon_color=\u00bb#FFFFFF\u00bb lightbox_close_icon_size=\u00bb35px\u00bb _builder_version=\u00bb4.27.5&#8243; _module_preset=\u00bbdefault\u00bb name_font=\u00bbCinzel|600||on|||||\u00bb name_text_color=\u00bb#0B233F\u00bb name_font_size=\u00bb22px\u00bb popup_name_font=\u00bbCinzel|600||on|||||\u00bb popup_name_text_color=\u00bb#0B233F\u00bb popup_name_font_size=\u00bb20px\u00bb popup_designation_font=\u00bbLora||||||||\u00bb popup_designation_text_color=\u00bb#0B233F\u00bb popup_designation_font_size=\u00bb16px\u00bb popup_description_font=\u00bbLora||||||||\u00bb popup_description_text_color=\u00bb#0B233F\u00bb popup_description_font_size=\u00bb16px\u00bb popup_description_line_height=\u00bb1.8em\u00bb loader_icon_text_text_color=\u00bb#D4B466&#8243; custom_link_button=\u00bbon\u00bb link_button_text_size=\u00bb16px\u00bb link_button_text_color=\u00bb#FFFFFF\u00bb link_button_bg_color=\u00bb#0B233F\u00bb link_button_border_color=\u00bb#0B233F\u00bb link_button_border_radius=\u00bb8px\u00bb link_button_font=\u00bbLora||||||||\u00bb link_button_use_icon=\u00bboff\u00bb link_button_custom_padding=\u00bb||||true|true\u00bb global_colors_info=\u00bb{}\u00bb link_button_bg_color__hover_enabled=\u00bbon|hover\u00bb link_button_bg_color__hover=\u00bb#D4B466&#8243; link_button_bg_enable_color__hover=\u00bbon\u00bb link_button_text_color__hover_enabled=\u00bbon|desktop\u00bb link_button_text_color__hover=\u00bb#0B233F\u00bb include_categories=\u00bb65&#8243; sticky_enabled=\u00bb0&#8243; grid_overlay_bg_color=\u00bbrgba(255,255,255,0.6)\u00bb grid_overlay_bg_enable_color=\u00bbon\u00bb show_designation=\u00bboff\u00bb number_of_columns_tablet=\u00bb2&#8243; number_of_columns_phone=\u00bb1&#8243; number_of_columns_last_edited=\u00bbon|tablet\u00bb name_font_size_tablet=\u00bb18px\u00bb name_font_size_last_edited=\u00bbon|tablet\u00bb name_font_size_phone=\u00bb18px\u00bb][\/dipl_team_grid][\/et_pb_column][\/et_pb_row][\/et_pb_section]<\/p>\n","protected":false},"excerpt":{"rendered":"<p>El Consejo de Liderazgo JosefinosEn la Conferencia General de 2023 de la Sociedad de San Jos\u00e9 del Sagrado Coraz\u00f3n (Los Josefinos), el equipo de liderazgo fue elegido para un mandato [&hellip;]<\/p>\n","protected":false},"author":1,"featured_media":0,"parent":0,"menu_order":0,"comment_status":"closed","ping_status":"closed","template":"","meta":{"_acf_changed":false,"give_campaign_id":0,"_et_pb_use_builder":"on","_et_pb_old_content":"","_et_gb_content_width":"","pmpro_default_level":"","_exactmetrics_skip_tracking":false,"_exactmetrics_sitenote_active":false,"_exactmetrics_sitenote_note":"","_exactmetrics_sitenote_category":0,"footnotes":""},"dipi_cpt_category":[],"difl_page_category":[],"class_list":["post-987611856","page","type-page","status-publish","hentry","pmpro-has-access"],"acf":[],"campaignId":"","_links":{"self":[{"href":"https:\/\/final.et-mg.com\/es\/wp-json\/wp\/v2\/pages\/987611856","targetHints":{"allow":["GET"]}}],"collection":[{"href":"https:\/\/final.et-mg.com\/es\/wp-json\/wp\/v2\/pages"}],"about":[{"href":"https:\/\/final.et-mg.com\/es\/wp-json\/wp\/v2\/types\/page"}],"author":[{"embeddable":true,"href":"https:\/\/final.et-mg.com\/es\/wp-json\/wp\/v2\/users\/1"}],"replies":[{"embeddable":true,"href":"https:\/\/final.et-mg.com\/es\/wp-json\/wp\/v2\/comments?post=987611856"}],"version-history":[{"count":0,"href":"https:\/\/final.et-mg.com\/es\/wp-json\/wp\/v2\/pages\/987611856\/revisions"}],"wp:attachment":[{"href":"https:\/\/final.et-mg.com\/es\/wp-json\/wp\/v2\/media?parent=987611856"}],"wp:term":[{"taxonomy":"dipi_cpt_category","embeddable":true,"href":"https:\/\/final.et-mg.com\/es\/wp-json\/wp\/v2\/dipi_cpt_category?post=987611856"},{"taxonomy":"difl_page_category","embeddable":true,"href":"https:\/\/final.et-mg.com\/es\/wp-json\/wp\/v2\/difl_page_category?post=987611856"}],"curies":[{"name":"wp","href":"https:\/\/api.w.org\/{rel}","templated":true}]}}