{"id":987611860,"date":"2025-12-23T05:51:17","date_gmt":"2025-12-23T05:51:17","guid":{"rendered":"https:\/\/final.et-mg.com\/parroquias-y-escuelas\/"},"modified":"2026-01-26T07:22:47","modified_gmt":"2026-01-26T07:22:47","slug":"parroquias-y-escuelas","status":"publish","type":"page","link":"https:\/\/final.et-mg.com\/es\/parroquias-y-escuelas\/","title":{"rendered":"Parroquias y escuelas"},"content":{"rendered":"<p>[et_pb_section fb_built=\u00bb1&#8243; _builder_version=\u00bb4.27.5&#8243; _module_preset=\u00bbdefault\u00bb da_disable_devices=\u00bboff|off|off\u00bb global_colors_info=\u00bb{}\u00bb da_is_popup=\u00bboff\u00bb da_exit_intent=\u00bboff\u00bb da_has_close=\u00bbon\u00bb da_alt_close=\u00bboff\u00bb da_dark_close=\u00bboff\u00bb da_not_modal=\u00bbon\u00bb da_is_singular=\u00bboff\u00bb da_with_loader=\u00bboff\u00bb da_has_shadow=\u00bbon\u00bb][et_pb_row use_custom_gutter=\u00bbon\u00bb make_equal=\u00bbon\u00bb custom_padding_last_edited=\u00bbon|phone\u00bb _builder_version=\u00bb4.27.5&#8243; background_enable_color=\u00bboff\u00bb width=\u00bb100%\u00bb max_width=\u00bb1210px\u00bb custom_margin=\u00bb0px||0px||true|false\u00bb custom_padding=\u00bb30px|50px|30px|50px|true|true\u00bb custom_padding_tablet=\u00bb20px|30px|20px|30px|true|true\u00bb custom_padding_phone=\u00bb20px|20px|20px|20px|true|true\u00bb custom_css_free_form=\u00bb@media only screen and (min-width: 981px) {|| .vertical_center{|| display: flex;|| align-items: center;|| }||}||\u00bb border_radii=\u00bbon|12px|12px|12px|12px\u00bb locked=\u00bboff\u00bb global_colors_info=\u00bb{}\u00bb][et_pb_column type=\u00bb4_4&#8243; _builder_version=\u00bb4.27.4&#8243; _module_preset=\u00bbdefault\u00bb global_colors_info=\u00bb{}\u00bb][dnxte_multi_heading text_two=\u00bbParishes and Schools\u00bb heading_tag=\u00bbh2&#8243; display_type_select=\u00bbon\u00bb text_one_margin=\u00bb0px||0px||false|false\u00bb text_one_padding=\u00bb0px||12px||false|false\u00bb text_two_margin=\u00bb0px||0px||true|false\u00bb text_two_padding=\u00bb0px||0px||false|false\u00bb text_three_margin=\u00bb0px||0px||true|false\u00bb text_three_padding=\u00bb0px||0px||true|false\u00bb text_one_padding_tablet=\u00bb||10px||false|false\u00bb text_one_padding_phone=\u00bb0px||8px||false|false\u00bb text_one_padding_last_edited=\u00bbon|tablet\u00bb text_two_padding_tablet=\u00bb||15px||false|false\u00bb text_two_padding_phone=\u00bb||10px||false|false\u00bb text_two_padding_last_edited=\u00bboff|desktop\u00bb _builder_version=\u00bb4.27.5&#8243; _module_preset=\u00bbdefault\u00bb text_one_font=\u00bbRokkitt|500||on|||||\u00bb text_one_text_color=\u00bb#469a11&#8243; text_one_font_size=\u00bb16px\u00bb text_one_letter_spacing=\u00bb2px\u00bb text_one_line_height=\u00bb1.2em\u00bb text_two_font=\u00bbCinzel|600|||||||\u00bb text_two_text_color=\u00bb#012A6B\u00bb text_two_font_size=\u00bb35px\u00bb text_two_line_height=\u00bb1.3em\u00bb custom_margin=\u00bb0px||0px||false|false\u00bb custom_padding=\u00bb0px||0px||false|false\u00bb text_one_font_size_tablet=\u00bb14px\u00bb text_one_font_size_phone=\u00bb12px\u00bb text_one_font_size_last_edited=\u00bbon|tablet\u00bb text_two_font_size_tablet=\u00bb30px\u00bb text_two_font_size_phone=\u00bb28px\u00bb text_two_font_size_last_edited=\u00bbon|phone\u00bb text_two_line_height_tablet=\u00bb1.3em\u00bb text_two_line_height_phone=\u00bb1.2em\u00bb text_two_line_height_last_edited=\u00bbon|phone\u00bb locked=\u00bboff\u00bb global_colors_info=\u00bb{}\u00bb][\/dnxte_multi_heading][et_pb_image src=\u00bbhttps:\/\/final.et-mg.com\/wp-content\/uploads\/2026\/01\/Schools_StFX_FrEdAndStudents-1-696&#215;520-1.jpg\u00bb title_text=\u00bbSchools_StFX_FrEdAndStudents-1-696&#215;520&#8243; _builder_version=\u00bb4.27.5&#8243; _module_preset=\u00bbdefault\u00bb width=\u00bb80%\u00bb width_tablet=\u00bb100%\u00bb width_phone=\u00bb100%\u00bb width_last_edited=\u00bbon|tablet\u00bb global_colors_info=\u00bb{}\u00bb][\/et_pb_image][et_pb_accordion open_toggle_text_color=\u00bb#012a6b\u00bb open_toggle_background_color=\u00bb#f8f8f8&#8243; closed_toggle_text_color=\u00bb#012a6b\u00bb closed_toggle_background_color=\u00bb#f8f8f8&#8243; toggle_icon=\u00bb&#x32;||divi||400&#8243; icon_color=\u00bb#012a6b\u00bb use_icon_font_size=\u00bbon\u00bb icon_font_size=\u00bb18px\u00bb _builder_version=\u00bb4.27.5&#8243; _module_preset=\u00bbdefault\u00bb toggle_text_color=\u00bb#012a6b\u00bb toggle_font=\u00bbCinzel|600|||||||\u00bb toggle_font_size=\u00bb26px\u00bb body_font=\u00bbLora||||||||\u00bb body_text_color=\u00bb#000000&#8243; body_font_size=\u00bb16px\u00bb border_radii=\u00bbon|5px|5px|5px|5px\u00bb global_colors_info=\u00bb{}\u00bb][et_pb_accordion_item title=\u00bbAlabama\u00bb _builder_version=\u00bb4.27.5&#8243; _module_preset=\u00bbdefault\u00bb body_link_text_color=\u00bb#0B233F\u00bb global_colors_info=\u00bb{}\u00bb open=\u00bbon\u00bb]<\/p>\n<p><a href=\"http:\/\/olfbirmingham.org\/\">Nuestra Se\u00f1ora de F\u00e1tima, Birmingham<\/a><\/p>\n<p><a href=\"http:\/\/www.mostpureheartofmarymobile.org\/\">Iglesia del Pur\u00edsimo Coraz\u00f3n de Mar\u00eda, Mobile<\/a><\/p>\n<p><a href=\"http:\/\/www.stjosephmaysville.org\/home.html\">San Jos\u00e9, Mobile<\/a><\/p>\n<p><a href=\"http:\/\/www.stjamesmajor.org\/\">Santiago el Mayor, Prichard<\/a><\/p>\n<p>[\/et_pb_accordion_item][et_pb_accordion_item title=\u00bbCalifornia\u00bb open=\u00bboff\u00bb _builder_version=\u00bb4.27.5&#8243; _module_preset=\u00bbdefault\u00bb body_link_text_color=\u00bb#0B233F\u00bb global_colors_info=\u00bb{}\u00bb]<\/p>\n<p><a href=\"http:\/\/holynameofjesus-la.org\/\">Santo Nombre de Jes\u00fas, Los \u00c1ngeles<\/a><\/p>\n<p><a href=\"http:\/\/www.stbrigidchurchla.com\/\">Iglesia Cat\u00f3lica de Santa Br\u00edgida, Los \u00c1ngeles<\/a><\/p>\n<p>[\/et_pb_accordion_item][et_pb_accordion_item title=\u00bbDistrito de Columbia\u00bb _builder_version=\u00bb4.27.5&#8243; _module_preset=\u00bbdefault\u00bb body_link_text_color=\u00bb#0B233F\u00bb global_colors_info=\u00bb{}\u00bb open=\u00bboff\u00bb]<\/p>\n<p><a href=\"http:\/\/www.incarnationdc.org\/\">Iglesia de la Encarnaci\u00f3n<\/a><\/p>\n<p><a href=\"http:\/\/www.olphsedc.com\/\">Nuestra Se\u00f1ora del Perpetuo Socorro<\/a><\/p>\n<p><a href=\"https:\/\/josephites.org\/st-josephs-seminary\/\">Seminario de San Jos\u00e9<\/a><\/p>\n<p><a href=\"http:\/\/www.stlukechurchssj.org\/\">San Lucas<\/a><\/p>\n<p>[\/et_pb_accordion_item][et_pb_accordion_item title=\u00bbLuisiana\u00bb _builder_version=\u00bb4.27.5&#8243; _module_preset=\u00bbdefault\u00bb body_link_text_color=\u00bb#0B233F\u00bb global_colors_info=\u00bb{}\u00bb open=\u00bboff\u00bb]<\/p>\n<p><a href=\"http:\/\/stfrancisxavierbr.org\/\">San Francisco Javier, Baton Rouge<\/a><\/p>\n<p><a href=\"https:\/\/josephites.org\/saint-francis-of-assisi-catholic-church\/\">San Francisco de As\u00eds, Breaux Bridge<\/a><\/p>\n<p><a href=\"https:\/\/josephites.org\/our-mother-of-mercy-church\/\">Nuestra Madre de la Misericordia, Church Point<\/a><\/p>\n<p><a href=\"https:\/\/josephites.org\/saint-theresa-catholic-church\/\">Santa Teresa, Crowley<\/a><\/p>\n<p><a href=\"https:\/\/josephites.org\/immaculate-conception-church\/\">Inmaculada Concepci\u00f3n, Lebeau<\/a><\/p>\n<p><a href=\"http:\/\/allsaintschurchnola.org\/\">Todos los Santos, Nueva Orleans<\/a><\/p>\n<p><a href=\"https:\/\/www.ccecno.org\/\">Corpus Christi \u2013 Epifan\u00eda, Nueva Orleans<\/a><\/p>\n<p><a href=\"https:\/\/www.staugnola.org\/\">Escuela Secundaria St. Augustine, Nueva Orleans<\/a><\/p>\n<p><a href=\"https:\/\/stdavidnola.com\/\">San David, Nueva Orleans<\/a><\/p>\n<p><a href=\"https:\/\/www.bssjaparish.com\/\">Sant\u00edsimo Sacramento \u2013 Santa Juana de Arco, Nueva Orleans<\/a><\/p>\n<p><a href=\"https:\/\/srslchurch.com\/\">San Raimundo \u2013 San Le\u00f3n, Nueva Orleans<\/a><\/p>\n<p><a href=\"https:\/\/josephites.org\/shrine-of-our-mother-of-mercy-rayne\/\">Santuario de Nuestra Madre de la Misericordia, Rayne<\/a><\/p>\n<p><a href=\"https:\/\/sites.google.com\/view\/staugustinecatholic\">Iglesia de San Agust\u00edn, New Roads<\/a><\/p>\n<p><a href=\"https:\/\/olgcommunity.com\/\">Nuestra Se\u00f1ora de Gracia, Reserve<\/a><\/p>\n<p>[\/et_pb_accordion_item][et_pb_accordion_item title=\u00bbMaryland\u00bb _builder_version=\u00bb4.27.5&#8243; _module_preset=\u00bbdefault\u00bb body_link_text_color=\u00bb#0B233F\u00bb global_colors_info=\u00bb{}\u00bb open=\u00bboff\u00bb]<\/p>\n<p><a href=\"https:\/\/josephites.org\/saint-veronica-roman-catholic-church\/\">Santa Ver\u00f3nica, Baltimore<\/a><\/p>\n<p>[\/et_pb_accordion_item][et_pb_accordion_item title=\u00bbM\u00edchigan\u00bb _builder_version=\u00bb4.27.5&#8243; _module_preset=\u00bbdefault\u00bb body_link_text_color=\u00bb#0B233F\u00bb global_colors_info=\u00bb{}\u00bb open=\u00bboff\u00bb]San Carlos Borromeo[\/et_pb_accordion_item][et_pb_accordion_item title=\u00bbMisisipi\u00bb _builder_version=\u00bb4.27.5&#8243; _module_preset=\u00bbdefault\u00bb body_link_text_color=\u00bb#0B233F\u00bb global_colors_info=\u00bb{}\u00bb open=\u00bboff\u00bb]<\/p>\n<p><a href=\"https:\/\/josephites.org\/holy-family-roman-catholic-church-st-john-the-baptist-mission-in-cranfield\/\">Sagrada Familia, Natchez y Misi\u00f3n: San Juan Bautista, Cranfield<\/a><\/p>\n<p><a href=\"https:\/\/ourmotherofmercy.church\/\">Iglesia Cat\u00f3lica de Nuestra Madre de la Misericordia<\/a><\/p>\n<p><a href=\"https:\/\/www.stannefayette.com\/\">Santa Ana, Fayette<\/a><\/p>\n<p><a href=\"https:\/\/www.stpeterparishpascagoula.org\/\">San Pedro Ap\u00f3stol, Pascagoula<\/a><\/p>\n<p><a href=\"https:\/\/josephites.org\/saint-therese-of-lisieux-catholic-church\/\">Santa Teresa de Lisieux, Gulfport<\/a><\/p>\n<p>[\/et_pb_accordion_item][et_pb_accordion_item title=\u00bbTexas\u00bb _builder_version=\u00bb4.27.5&#8243; _module_preset=\u00bbdefault\u00bb body_link_text_color=\u00bb#0B233F\u00bb global_colors_info=\u00bb{}\u00bb open=\u00bboff\u00bb]<\/p>\n<p><a href=\"https:\/\/holyfamilycatholicchurchmcnairtx.org\/\">Sagrada Familia, Baytown<\/a><\/p>\n<p><a href=\"https:\/\/www.olsoshoustontx.com\/\">Nuestra Se\u00f1ora Estrella del Mar, Houston<\/a><\/p>\n<p><a href=\"http:\/\/ourmotherofmercy.net\/\">Nuestra Madre de la Misericordia, Houston<\/a><\/p>\n<p><a href=\"https:\/\/sfxhouston.com\/\">San Francisco Javier, Houston<\/a><\/p>\n<p><a href=\"http:\/\/stpeterclaverhouston.com\/\">San Pedro Claver, Houston<\/a><\/p>\n<p>[\/et_pb_accordion_item][et_pb_accordion_item title=\u00bbVirginia\u00bb _builder_version=\u00bb4.27.5&#8243; _module_preset=\u00bbdefault\u00bb body_link_text_color=\u00bb#0B233F\u00bb global_colors_info=\u00bb{}\u00bb open=\u00bboff\u00bb][\/et_pb_accordion_item][et_pb_accordion_item title=\u00bbM\u00edchigan\u00bb _builder_version=\u00bb4.27.5&#8243; _module_preset=\u00bbdefault\u00bb body_link_text_color=\u00bb#0B233F\u00bb global_colors_info=\u00bb{}\u00bb open=\u00bboff\u00bb][\/et_pb_accordion_item][\/et_pb_accordion][\/et_pb_column][\/et_pb_row][\/et_pb_section]<\/p>\n","protected":false},"excerpt":{"rendered":"<div class=\"et_pb_module dnxte_multi_heading dnxte_multi_heading_0\">\n\t\t\t\t\n\t\t\t\t\n\t\t\t\t\n\t\t\t\t\n\t\t\t\t\n\t\t\t\t\n\t\t\t\t<div class=\"et_pb_module_inner\">\n\t\t\t\t\t<div class=\"wrapper\"><\u00bbh2&#8243; class='header-level '><span class=\"dnxt-text-two \"><span class=\"dnxt-gradient-text-color-2\">\u00bbParishes<\/span><\/span><\/\u00bbh2&#8243;><\/div>\n\t\t\t\t<\/div>\n\t\t\t<\/div>\n","protected":false},"author":1,"featured_media":987611859,"parent":0,"menu_order":0,"comment_status":"closed","ping_status":"closed","template":"","meta":{"_acf_changed":false,"give_campaign_id":0,"_et_pb_use_builder":"on","_et_pb_old_content":"","_et_gb_content_width":"","pmpro_default_level":"","_exactmetrics_skip_tracking":false,"_exactmetrics_sitenote_active":false,"_exactmetrics_sitenote_note":"","_exactmetrics_sitenote_category":0,"footnotes":""},"dipi_cpt_category":[],"difl_page_category":[],"class_list":["post-987611860","page","type-page","status-publish","has-post-thumbnail","hentry","pmpro-has-access"],"acf":[],"campaignId":"","_links":{"self":[{"href":"https:\/\/final.et-mg.com\/es\/wp-json\/wp\/v2\/pages\/987611860","targetHints":{"allow":["GET"]}}],"collection":[{"href":"https:\/\/final.et-mg.com\/es\/wp-json\/wp\/v2\/pages"}],"about":[{"href":"https:\/\/final.et-mg.com\/es\/wp-json\/wp\/v2\/types\/page"}],"author":[{"embeddable":true,"href":"https:\/\/final.et-mg.com\/es\/wp-json\/wp\/v2\/users\/1"}],"replies":[{"embeddable":true,"href":"https:\/\/final.et-mg.com\/es\/wp-json\/wp\/v2\/comments?post=987611860"}],"version-history":[{"count":0,"href":"https:\/\/final.et-mg.com\/es\/wp-json\/wp\/v2\/pages\/987611860\/revisions"}],"wp:featuredmedia":[{"embeddable":true,"href":"https:\/\/final.et-mg.com\/es\/wp-json\/wp\/v2\/media\/987611859"}],"wp:attachment":[{"href":"https:\/\/final.et-mg.com\/es\/wp-json\/wp\/v2\/media?parent=987611860"}],"wp:term":[{"taxonomy":"dipi_cpt_category","embeddable":true,"href":"https:\/\/final.et-mg.com\/es\/wp-json\/wp\/v2\/dipi_cpt_category?post=987611860"},{"taxonomy":"difl_page_category","embeddable":true,"href":"https:\/\/final.et-mg.com\/es\/wp-json\/wp\/v2\/difl_page_category?post=987611860"}],"curies":[{"name":"wp","href":"https:\/\/api.w.org\/{rel}","templated":true}]}}