{"id":987612009,"date":"2025-12-19T07:32:46","date_gmt":"2025-12-19T07:32:46","guid":{"rendered":"https:\/\/final.et-mg.com\/elevacion\/"},"modified":"2026-01-15T15:25:49","modified_gmt":"2026-01-15T15:25:49","slug":"elevacion","status":"publish","type":"page","link":"https:\/\/final.et-mg.com\/es\/","title":{"rendered":"Elevaci\u00f3n"},"content":{"rendered":"<p>[et_pb_section fb_built=\u00bb1&#8243; _builder_version=\u00bb4.27.4&#8243; _module_preset=\u00bbdefault\u00bb custom_padding=\u00bb0px||0px||true|false\u00bb da_disable_devices=\u00bboff|off|off\u00bb global_colors_info=\u00bb{}\u00bb da_is_popup=\u00bboff\u00bb da_exit_intent=\u00bboff\u00bb da_has_close=\u00bbon\u00bb da_alt_close=\u00bboff\u00bb da_dark_close=\u00bboff\u00bb da_not_modal=\u00bbon\u00bb da_is_singular=\u00bboff\u00bb da_with_loader=\u00bboff\u00bb da_has_shadow=\u00bbon\u00bb][et_pb_row _builder_version=\u00bb4.27.4&#8243; _module_preset=\u00bbdefault\u00bb width=\u00bb100%\u00bb max_width=\u00bb100%\u00bb custom_padding=\u00bb0px||0px||true|false\u00bb locked=\u00bboff\u00bb global_colors_info=\u00bb{}\u00bb][et_pb_column type=\u00bb4_4&#8243; _builder_version=\u00bb4.23.4&#8243; _module_preset=\u00bbdefault\u00bb global_colors_info=\u00bb{}\u00bb][difl_contentcarousel item_desktop=\u00bb1&#8243; item_tablet=\u00bb1&#8243; item_spacing=\u00bb100px\u00bb centered_slides=\u00bbon\u00bb autoplay=\u00bbon\u00bb pause_hover=\u00bbon\u00bb arrow=\u00bbon\u00bb dots=\u00bbon\u00bb equal_height=\u00bbon\u00bb arrow_color=\u00bb#FFFFFF\u00bb arrow_background=\u00bbrgba(102,102,102,0.64)\u00bb arrow_circle=\u00bbon\u00bb arrow_prev_icon_use_icon=\u00bbon\u00bb arrow_prev_icon_icon_size=\u00bb30px\u00bb arrow_next_icon_use_icon=\u00bbon\u00bb arrow_next_icon_icon_size=\u00bb30px\u00bb arrow_prev_margin=\u00bb|||3px|false|false\u00bb arrow_next_margin=\u00bb|3px|||false|false\u00bb active_dots_color=\u00bb#000000&#8243; large_active_dot=\u00bbon\u00bb cc_button_button_align=\u00bbcenter\u00bb df_button_bg_bgcolor=\u00bb#0B233F\u00bb button_padding=\u00bb10px|38px|10px|38px|true|true\u00bb wrapper_padding=\u00bb0px||||false|false\u00bb item_wrapper_padding=\u00bb110px|150px|110px|150px|true|true\u00bb item_wrapper_padding_tablet=\u00bb100px|50px|100px|50px|true|true\u00bb item_wrapper_padding_phone=\u00bb50px|40px|50px|40px|true|true\u00bb item_wrapper_padding_last_edited=\u00bbon|tablet\u00bb title_padding=\u00bb0px|0px|8px|0px|false|false\u00bb subtitle_padding=\u00bb||32px||false|false\u00bb content_margin=\u00bb||10px||false|false\u00bb arrow_prev_icon_icon_size_tablet=\u00bb30px\u00bb arrow_prev_icon_icon_size_phone=\u00bb20px\u00bb arrow_prev_icon_icon_size_last_edited=\u00bbon|phone\u00bb arrow_next_icon_icon_size_tablet=\u00bb30px\u00bb arrow_next_icon_icon_size_phone=\u00bb20px\u00bb arrow_next_icon_icon_size_last_edited=\u00bbon|phone\u00bb _builder_version=\u00bb4.27.5&#8243; _module_preset=\u00bbdefault\u00bb cc_title_font=\u00bbCinzel|600||on|||||\u00bb cc_title_text_align=\u00bbcenter\u00bb cc_title_text_color=\u00bb#0B233F\u00bb cc_title_font_size=\u00bb40px\u00bb cc_title_line_height=\u00bb1.4em\u00bb cc_subtitle_font=\u00bbDM Sans|500||on|||||\u00bb cc_subtitle_text_color=\u00bb#FFFFFF\u00bb cc_subtitle_font_size=\u00bb18px\u00bb cc_subtitle_letter_spacing=\u00bb1px\u00bb cc_subtitle_line_height=\u00bb27px\u00bb cc_content_font=\u00bbDM Sans|500|||||||\u00bb cc_content_text_color=\u00bb#FFFFFF\u00bb cc_content_font_size=\u00bb17px\u00bb cc_content_line_height=\u00bb24px\u00bb df_content_inherit_font=\u00bbLora|500|||||||\u00bb df_content_inherit_text_align=\u00bbcenter\u00bb df_content_inherit_text_color=\u00bb#0B233F\u00bb df_content_inherit_font_size=\u00bb18px\u00bb df_content_inherit_line_height=\u00bb1.6em\u00bb button_font=\u00bbLora|600|||||||\u00bb button_text_align=\u00bbcenter\u00bb button_text_color=\u00bb#FFFFFF\u00bb button_font_size=\u00bb16px\u00bb module_alignment=\u00bbcenter\u00bb custom_padding=\u00bb0px||0px||true|false\u00bb hover_enabled=\u00bb0&#8243; cc_title_font_size_tablet=\u00bb32px\u00bb cc_title_font_size_phone=\u00bb28px\u00bb cc_title_font_size_last_edited=\u00bbon|phone\u00bb custom_css_main_element=\u00bb.difl_contentcarouselitem_0 .df_cci_image_container img,||.difl_contentcarouselitem_1 .df_cci_image_container img,||.difl_contentcarouselitem_2 .df_cci_image_container img {||    max-width: 15% !important;||    display: block;||    margin-left: auto;||    margin-right: auto;||}||||\u00bb border_radii_button=\u00bbon|8px|8px|8px|8px\u00bb border_width_all_button=\u00bb1px\u00bb border_color_all_button=\u00bb#0B233F\u00bb global_colors_info=\u00bb{}\u00bb df_button_bg_bgcolor__hover_enabled=\u00bbon|hover\u00bb df_button_bg_bgcolor__hover=\u00bb#d4b466&#8243; button_text_color__hover_enabled=\u00bbon|desktop\u00bb button_text_color__hover=\u00bb#0B233F\u00bb border_color_all_button__hover_enabled=\u00bbon|desktop\u00bb border_color_all_button__hover=\u00bb#0B233F\u00bb sticky_enabled=\u00bb0&#8243;][difl_contentcarouselitem title=\u00bbBienvenidos a los Josefitas.\u00bb df_cci_image=\u00bbhttps:\/\/final.et-mg.com\/wp-content\/uploads\/2026\/01\/New-Josephite-Blue-Logo-scaled.png\u00bb df_cci_image_align=\u00bbcenter\u00bb df_cci_max_width=\u00bb15%\u00bb cc_button_button_text=\u00bbParticipe \u00bb cc_button_button_url_new_window=\u00bb1&#8243; image_wrapper_padding=\u00bb||45px||false|false\u00bb content_padding=\u00bb||30px||false|false\u00bb df_cci_max_width_tablet=\u00bb30%\u00bb df_cci_max_width_phone=\u00bb50%\u00bb df_cci_max_width_last_edited=\u00bbon|phone\u00bb _builder_version=\u00bb4.27.5&#8243; _module_preset=\u00bbdefault\u00bb background_image=\u00bbhttps:\/\/final.et-mg.com\/wp-content\/uploads\/2026\/01\/Welcome-slider.png\u00bb background_enable_image=\u00bbon\u00bb background_enable_video_mp4=\u00bboff\u00bb module_alignment=\u00bbcenter\u00bb hover_enabled=\u00bb0&#8243; global_colors_info=\u00bb{}\u00bb sticky_enabled=\u00bb0&#8243;]<\/p>\n<p>Una misi\u00f3n arraigada en la fe, el servicio y la comunidad.<\/p>\n<p>[\/difl_contentcarouselitem][difl_contentcarouselitem title=\u00bbLa Misi\u00f3n Josefita\u00bb df_cci_image=\u00bbhttps:\/\/final.et-mg.com\/wp-content\/uploads\/2026\/01\/New-Josephite-Blue-Logo-scaled.png\u00bb df_cci_image_align=\u00bbcenter\u00bb df_cci_max_width=\u00bb15%\u00bb cc_button_button_text=\u00bbM\u00e1s informaci\u00f3n\u00bb cc_button_button_url_new_window=\u00bb1&#8243; image_wrapper_padding=\u00bb||45px||false|false\u00bb content_padding=\u00bb|250px|30px|250px|false|true\u00bb content_padding_tablet=\u00bb|0px||0px|false|true\u00bb content_padding_phone=\u00bb|0px||0px|false|true\u00bb content_padding_last_edited=\u00bbon|tablet\u00bb df_cci_max_width_tablet=\u00bb30%\u00bb df_cci_max_width_phone=\u00bb50%\u00bb df_cci_max_width_last_edited=\u00bbon|phone\u00bb _builder_version=\u00bb4.27.5&#8243; _module_preset=\u00bbdefault\u00bb background_image=\u00bbhttps:\/\/final.et-mg.com\/wp-content\/uploads\/2026\/01\/Mission-slider.png\u00bb background_enable_image=\u00bbon\u00bb background_enable_video_mp4=\u00bboff\u00bb hover_enabled=\u00bb0&#8243; global_colors_info=\u00bb{}\u00bb sticky_enabled=\u00bb0&#8243;]<\/p>\n<p>Proclamando el Evangelio a trav\u00e9s del ministerio sacramental, educativo y pastoral, sirviendo a las comunidades necesitadas y promoviendo la justicia social a trav\u00e9s del testimonio vivido.<\/p>\n<p>[\/difl_contentcarouselitem][difl_contentcarouselitem title=\u00bb\u00danase a nosotros en la misi\u00f3n\u00bb df_cci_image=\u00bbhttps:\/\/final.et-mg.com\/wp-content\/uploads\/2026\/01\/New-Josephite-Blue-Logo-scaled.png\u00bb df_cci_image_align=\u00bbcenter\u00bb df_cci_max_width=\u00bb15%\u00bb cc_button_button_text=\u00bbParticipe \u00bb cc_button_button_url_new_window=\u00bb1&#8243; image_wrapper_padding=\u00bb||45px||false|false\u00bb content_padding=\u00bb||30px||false|true\u00bb content_padding_tablet=\u00bb|0px||0px|false|true\u00bb content_padding_last_edited=\u00bboff|desktop\u00bb df_cci_max_width_tablet=\u00bb30%\u00bb df_cci_max_width_phone=\u00bb50%\u00bb df_cci_max_width_last_edited=\u00bbon|phone\u00bb _builder_version=\u00bb4.27.5&#8243; _module_preset=\u00bbdefault\u00bb background_image=\u00bbhttps:\/\/final.et-mg.com\/wp-content\/uploads\/2026\/01\/Invitation-slider.png\u00bb background_enable_image=\u00bbon\u00bb background_enable_video_mp4=\u00bboff\u00bb global_colors_info=\u00bb{}\u00bb]<\/p>\n<p>A trav\u00e9s de la oraci\u00f3n, el servicio y la comunidad, caminamos juntos en la fe y el prop\u00f3sito.<\/p>\n<p>[\/difl_contentcarouselitem][\/difl_contentcarousel][\/et_pb_column][\/et_pb_row][\/et_pb_section][et_pb_section fb_built=\u00bb1&#8243; custom_padding_last_edited=\u00bboff|desktop\u00bb admin_label=\u00bb11 Advanced Carousel\u00bb _builder_version=\u00bb4.27.4&#8243; _module_preset=\u00bbdefault\u00bb background_color=\u00bb#f5f5f5&#8243; custom_padding=\u00bb47px||47px||true|false\u00bb custom_padding_tablet=\u00bb70px||70px||true|false\u00bb custom_padding_phone=\u00bb40px||40px||true|false\u00bb da_disable_devices=\u00bboff|off|off\u00bb locked=\u00bboff\u00bb collapsed=\u00bbon\u00bb global_colors_info=\u00bb{}\u00bb da_is_popup=\u00bboff\u00bb da_exit_intent=\u00bboff\u00bb da_has_close=\u00bbon\u00bb da_alt_close=\u00bboff\u00bb da_dark_close=\u00bboff\u00bb da_not_modal=\u00bbon\u00bb da_is_singular=\u00bboff\u00bb da_with_loader=\u00bboff\u00bb da_has_shadow=\u00bbon\u00bb][et_pb_row _builder_version=\u00bb4.27.4&#8243; _module_preset=\u00bbdefault\u00bb custom_padding=\u00bb0px||0px||true|false\u00bb locked=\u00bboff\u00bb global_colors_info=\u00bb{}\u00bb][et_pb_column type=\u00bb4_4&#8243; _builder_version=\u00bb4.27.4&#8243; _module_preset=\u00bbdefault\u00bb global_colors_info=\u00bb{}\u00bb][et_pb_text _builder_version=\u00bb4.27.5&#8243; _module_preset=\u00bbdefault\u00bb text_font=\u00bbLora|500|||||||\u00bb text_text_color=\u00bb#000000&#8243; text_font_size=\u00bb20px\u00bb text_line_height=\u00bb1.6em\u00bb header_2_font=\u00bbLora|600|||||||\u00bb header_2_font_size=\u00bb40px\u00bb header_2_line_height=\u00bb1.6em\u00bb text_orientation=\u00bbcenter\u00bb width=\u00bb60%\u00bb width_tablet=\u00bb100%\u00bb width_phone=\u00bb100%\u00bb width_last_edited=\u00bbon|tablet\u00bb module_alignment=\u00bbcenter\u00bb custom_margin=\u00bb||29px|||\u00bb animation_direction=\u00bbbottom\u00bb hover_enabled=\u00bb0&#8243; text_font_size_tablet=\u00bb20px\u00bb text_font_size_phone=\u00bb16px\u00bb text_font_size_last_edited=\u00bbon|phone\u00bb header_2_font_size_tablet=\u00bb35px\u00bb header_2_font_size_phone=\u00bb30px\u00bb header_2_font_size_last_edited=\u00bbon|phone\u00bb global_colors_info=\u00bb{}\u00bb header_2_text_color=\u00bb#0B233F\u00bb sticky_enabled=\u00bb0&#8243;]<\/p>\n<h2>Un lugar para usted y su familia<\/h2>\n<p>\u00danase a grupos peque\u00f1os, participe en actividades de divulgaci\u00f3n y descubra formas para que toda su familia crezca en su fe.<\/p>\n<p>[\/et_pb_text][\/et_pb_column][\/et_pb_row][et_pb_row column_structure=\u00bb1_2,1_2&#8243; use_custom_gutter=\u00bbon\u00bb gutter_width=\u00bb2&#8243; make_equal=\u00bbon\u00bb _builder_version=\u00bb4.27.5&#8243; _module_preset=\u00bbdefault\u00bb hover_enabled=\u00bb0&#8243; global_colors_info=\u00bb{}\u00bb sticky_enabled=\u00bb0&#8243;][et_pb_column type=\u00bb1_2&#8243; _builder_version=\u00bb4.27.5&#8243; _module_preset=\u00bbdefault\u00bb background_image=\u00bbhttps:\/\/final.et-mg.com\/wp-content\/uploads\/2026\/01\/Panel-1-1.png\u00bb custom_padding=\u00bb125px|30px|30px|30px|false|true\u00bb hover_enabled=\u00bb0&#8243; border_radii=\u00bbon|15px|15px|15px|15px\u00bb global_colors_info=\u00bb{}\u00bb title_text=\u00bbPanel 1&#8243; sticky_enabled=\u00bb0&#8243;][et_pb_text _builder_version=\u00bb4.27.5&#8243; _module_preset=\u00bbdefault\u00bb text_font=\u00bbLora||||||||\u00bb text_text_color=\u00bb#FBF6F4&#8243; text_font_size=\u00bb16px\u00bb text_line_height=\u00bb1.6em\u00bb header_3_font=\u00bbCinzel|700||on|||||\u00bb header_3_text_color=\u00bb#FFFFFF\u00bb header_3_font_size=\u00bb26px\u00bb header_3_line_height=\u00bb1.3em\u00bb custom_margin=\u00bb||67px||false|false\u00bb link_option_url=\u00bbhttps:\/\/final.et-mg.com\/es\/declaracion-de-mision\/\u00bb header_3_font_size_tablet=\u00bb30px\u00bb header_3_font_size_phone=\u00bb26px\u00bb header_3_font_size_last_edited=\u00bboff|desktop\u00bb global_colors_info=\u00bb{}\u00bb]<\/p>\n<h3>Arraigados en el amor.<\/h3>\n<p>Misi\u00f3n de los Josefitas arraigada en el amor. Sirviendo a la iglesia a trav\u00e9s de la presencia, la compasi\u00f3n y la vocaci\u00f3n.[\/et_pb_text][et_pb_button button_url=\u00bbhttps:\/\/final.et-mg.com\/es\/declaracion-de-mision\/\u00bb button_text=\u00bb M\u00e1s informaci\u00f3n sobre nuestra misi\u00f3n\u00bb _builder_version=\u00bb4.27.5&#8243; _module_preset=\u00bba20c90b8-498b-4b36-9699-797d2f9080b1&#8243; locked=\u00bboff\u00bb global_colors_info=\u00bb{}\u00bb][\/et_pb_button][\/et_pb_column][et_pb_column type=\u00bb1_2&#8243; _builder_version=\u00bb4.27.5&#8243; _module_preset=\u00bbdefault\u00bb background_color=\u00bbrgba(0,0,0,0.14)\u00bb background_image=\u00bbhttps:\/\/final.et-mg.com\/wp-content\/uploads\/2026\/01\/Panel-2-1.png\u00bb background_blend=\u00bbmultiply\u00bb custom_padding=\u00bb125px|30px|30px|30px|false|true\u00bb hover_enabled=\u00bb0&#8243; border_radii=\u00bbon|15px|15px|15px|15px\u00bb global_colors_info=\u00bb{}\u00bb title_text=\u00bbPanel 2&#8243; sticky_enabled=\u00bb0&#8243;][et_pb_text _builder_version=\u00bb4.27.5&#8243; _module_preset=\u00bbdefault\u00bb text_font=\u00bbLora||||||||\u00bb text_text_color=\u00bb#FBF6F4&#8243; text_font_size=\u00bb16px\u00bb text_line_height=\u00bb1.6em\u00bb header_3_font=\u00bbCinzel|700||on|||||\u00bb header_3_text_color=\u00bb#FFFFFF\u00bb header_3_font_size=\u00bb26px\u00bb header_3_line_height=\u00bb1.3em\u00bb custom_margin=\u00bb||67px||false|false\u00bb link_option_url=\u00bbhttps:\/\/final.et-mg.com\/es\/nuestra-historia\/\u00bb global_colors_info=\u00bb{}\u00bb]<\/p>\n<h3>Fieles a trav\u00e9s de las generaciones.<\/h3>\n<p>Nuestro llamado fiel a trav\u00e9s de las generaciones. Una misi\u00f3n sostenida por el pacto y el compromiso.[\/et_pb_text][et_pb_button button_url=\u00bbhttps:\/\/final.et-mg.com\/es\/nuestra-historia\/\u00bb button_text=\u00bbNuestra historia\u00bb _builder_version=\u00bb4.27.5&#8243; _module_preset=\u00bba20c90b8-498b-4b36-9699-797d2f9080b1&#8243; locked=\u00bboff\u00bb global_colors_info=\u00bb{}\u00bb][\/et_pb_button][\/et_pb_column][\/et_pb_row][et_pb_row column_structure=\u00bb1_3,1_3,1_3&#8243; use_custom_gutter=\u00bbon\u00bb gutter_width=\u00bb2&#8243; make_equal=\u00bbon\u00bb _builder_version=\u00bb4.27.5&#8243; _module_preset=\u00bbdefault\u00bb custom_padding=\u00bb5px||5px||true|false\u00bb hover_enabled=\u00bb0&#8243; global_colors_info=\u00bb{}\u00bb sticky_enabled=\u00bb0&#8243;][et_pb_column type=\u00bb1_3&#8243; _builder_version=\u00bb4.27.5&#8243; _module_preset=\u00bbdefault\u00bb background_image=\u00bbhttps:\/\/final.et-mg.com\/wp-content\/uploads\/2026\/01\/Panel-3-1.png\u00bb custom_padding=\u00bb125px|30px|30px|30px|false|true\u00bb hover_enabled=\u00bb0&#8243; border_radii=\u00bbon|15px|15px|15px|15px\u00bb global_colors_info=\u00bb{}\u00bb title_text=\u00bbPanel 3&#8243; sticky_enabled=\u00bb0&#8243;][et_pb_text _builder_version=\u00bb4.27.5&#8243; _module_preset=\u00bbdefault\u00bb text_font=\u00bbLora||||||||\u00bb text_text_color=\u00bb#FBF6F4&#8243; text_font_size=\u00bb16px\u00bb text_line_height=\u00bb1.6em\u00bb header_3_font=\u00bbCinzel|700||on|||||\u00bb header_3_text_color=\u00bb#FFFFFF\u00bb header_3_font_size=\u00bb26px\u00bb header_3_line_height=\u00bb1.3em\u00bb custom_margin=\u00bb||67px||false|false\u00bb link_option_url=\u00bbhttps:\/\/final.et-mg.com\/es\/respondiendo-a-la-llamada\/\u00bb global_colors_info=\u00bb{}\u00bb]<\/p>\n<h3>Formados con el tiempo.<\/h3>\n<p>Formaci\u00f3n y vocaciones formadas con el tiempo. Caminando pacientemente con aquellos que disciernen su llamado.[\/et_pb_text][et_pb_button button_url=\u00bbhttps:\/\/final.et-mg.com\/es\/respondiendo-a-la-llamada\/\u00bb button_text=\u00bbExplore las vocaciones\u00bb _builder_version=\u00bb4.27.5&#8243; _module_preset=\u00bba20c90b8-498b-4b36-9699-797d2f9080b1&#8243; locked=\u00bboff\u00bb global_colors_info=\u00bb{}\u00bb][\/et_pb_button][\/et_pb_column][et_pb_column type=\u00bb1_3&#8243; _builder_version=\u00bb4.27.5&#8243; _module_preset=\u00bbdefault\u00bb background_image=\u00bbhttps:\/\/final.et-mg.com\/wp-content\/uploads\/2026\/01\/Panel-4-1.png\u00bb custom_padding=\u00bb125px|30px|30px|30px|false|true\u00bb hover_enabled=\u00bb0&#8243; border_radii=\u00bbon|15px|15px|15px|15px\u00bb global_colors_info=\u00bb{}\u00bb title_text=\u00bbPanel 4&#8243; sticky_enabled=\u00bb0&#8243;][et_pb_text _builder_version=\u00bb4.27.5&#8243; _module_preset=\u00bbdefault\u00bb text_font=\u00bbLora||||||||\u00bb text_text_color=\u00bb#FBF6F4&#8243; text_font_size=\u00bb16px\u00bb text_line_height=\u00bb1.6em\u00bb header_3_font=\u00bbCinzel|700||on|||||\u00bb header_3_text_color=\u00bb#FFFFFF\u00bb header_3_font_size=\u00bb26px\u00bb header_3_line_height=\u00bb1.3em\u00bb custom_margin=\u00bb||67px||false|false\u00bb link_option_url=\u00bbhttps:\/\/final.et-mg.com\/coming-soon\/\u00bb locked=\u00bboff\u00bb global_colors_info=\u00bb{}\u00bb]<\/p>\n<h3>Guiados con sabidur\u00eda.<\/h3>\n<p>Discernimiento guiado con sabidur\u00eda. Discernimiento arraigado en la oraci\u00f3n, la disciplina y la claridad.[\/et_pb_text][et_pb_button button_url=\u00bbhttps:\/\/final.et-mg.com\/coming-soon\/\u00bb button_text=\u00bbLeer sermones\u00bb _builder_version=\u00bb4.27.5&#8243; _module_preset=\u00bba20c90b8-498b-4b36-9699-797d2f9080b1&#8243; locked=\u00bboff\u00bb global_colors_info=\u00bb{}\u00bb][\/et_pb_button][\/et_pb_column][et_pb_column type=\u00bb1_3&#8243; _builder_version=\u00bb4.27.5&#8243; _module_preset=\u00bbdefault\u00bb background_image=\u00bbhttps:\/\/final.et-mg.com\/wp-content\/uploads\/2026\/01\/Panel-5-1.png\u00bb custom_padding=\u00bb125px|30px|30px|30px|false|true\u00bb hover_enabled=\u00bb0&#8243; border_radii=\u00bbon|15px|15px|15px|15px\u00bb global_colors_info=\u00bb{}\u00bb title_text=\u00bbPanel 5&#8243; sticky_enabled=\u00bb0&#8243;][et_pb_text _builder_version=\u00bb4.27.5&#8243; _module_preset=\u00bbdefault\u00bb text_font=\u00bbLora||||||||\u00bb text_text_color=\u00bb#FBF6F4&#8243; text_font_size=\u00bb16px\u00bb text_line_height=\u00bb1.6em\u00bb header_3_font=\u00bbCinzel|700||on|||||\u00bb header_3_text_color=\u00bb#FFFFFF\u00bb header_3_font_size=\u00bb26px\u00bb header_3_line_height=\u00bb1.3em\u00bb custom_margin=\u00bb||67px||false|false\u00bb link_option_url=\u00bbhttps:\/\/final.et-mg.com\/coming-soon\/\u00bb locked=\u00bboff\u00bb global_colors_info=\u00bb{}\u00bb]<\/p>\n<h3>La fe se hace visible.<\/h3>\n<p>Nuestro trabajo, la fe se hace visible. Sirviendo a las comunidades a trav\u00e9s de actos tangibles de bondad.[\/et_pb_text][et_pb_button button_url=\u00bbhttps:\/\/final.et-mg.com\/coming-soon\/\u00bb button_text=\u00bbD\u00f3nde servimos\u00bb _builder_version=\u00bb4.27.5&#8243; _module_preset=\u00bba20c90b8-498b-4b36-9699-797d2f9080b1&#8243; locked=\u00bboff\u00bb global_colors_info=\u00bb{}\u00bb][\/et_pb_button][\/et_pb_column][\/et_pb_row][et_pb_row use_custom_gutter=\u00bbon\u00bb gutter_width=\u00bb2&#8243; make_equal=\u00bbon\u00bb _builder_version=\u00bb4.27.5&#8243; _module_preset=\u00bbdefault\u00bb background_enable_video_mp4=\u00bboff\u00bb hover_enabled=\u00bb0&#8243; global_colors_info=\u00bb{}\u00bb sticky_enabled=\u00bb0&#8243;][et_pb_column type=\u00bb4_4&#8243; _builder_version=\u00bb4.27.5&#8243; _module_preset=\u00bbdefault\u00bb background_image=\u00bbhttps:\/\/final.et-mg.com\/wp-content\/uploads\/2026\/01\/Panel-6-1-scaled.png\u00bb background_blend=\u00bbmultiply\u00bb background_enable_video_mp4=\u00bboff\u00bb custom_padding=\u00bb125px|30px|30px|30px|false|true\u00bb hover_enabled=\u00bb0&#8243; custom_css_before=\u00bbc\u00bb border_radii=\u00bbon|15px|15px|15px|15px\u00bb global_colors_info=\u00bb{}\u00bb title_text=\u00bbPanel 6-1&#8243; background_enable_color=\u00bboff\u00bb sticky_enabled=\u00bb0&#8243;][et_pb_text _builder_version=\u00bb4.27.5&#8243; _module_preset=\u00bbdefault\u00bb text_font=\u00bbLora||||||||\u00bb text_text_color=\u00bb#FBF6F4&#8243; text_font_size=\u00bb16px\u00bb text_line_height=\u00bb1.6em\u00bb header_3_font=\u00bbCinzel|700||on|||||\u00bb header_3_text_color=\u00bb#FFFFFF\u00bb header_3_font_size=\u00bb26px\u00bb header_3_line_height=\u00bb1.3em\u00bb max_width=\u00bb50%\u00bb max_width_tablet=\u00bb60%\u00bb max_width_phone=\u00bb100%\u00bb max_width_last_edited=\u00bbon|phone\u00bb custom_margin=\u00bb||67px||false|false\u00bb link_option_url=\u00bbhttps:\/\/final.et-mg.com\/es\/nuestra-comunidad\/\u00bb global_colors_info=\u00bb{}\u00bb]<\/p>\n<h3>Comunidad y culto.<\/h3>\n<p>Alegr\u00eda que se comparte. Encontrarse con Dios juntos en el culto y la comunidad.[\/et_pb_text][et_pb_button button_url=\u00bbhttps:\/\/final.et-mg.com\/es\/nuestra-comunidad\/\u00bb button_text=\u00bbNuestra comunidad\u00bb _builder_version=\u00bb4.27.5&#8243; _module_preset=\u00bba20c90b8-498b-4b36-9699-797d2f9080b1&#8243; locked=\u00bboff\u00bb global_colors_info=\u00bb{}\u00bb][\/et_pb_button][\/et_pb_column][\/et_pb_row][\/et_pb_section]<\/p>\n","protected":false},"excerpt":{"rendered":"<div class=\"et_pb_module difl_contentcarousel difl_contentcarousel_0\">\n\t\t\t\t\n\t\t\t\t\n\t\t\t\t\n\t\t\t\t\n\t\t\t\t\n\t\t\t\t\n\t\t\t\t<div class=\"et_pb_module_inner\">\n\t\t\t\t\t<h2 style=\"background:#eee; padding: 10px 20px;\">Please <strong>Add New Item<\/strong> to continue<\/h2>\n\t\t\t\t<\/div>\n\t\t\t<\/div>\n","protected":false},"author":1,"featured_media":0,"parent":0,"menu_order":0,"comment_status":"closed","ping_status":"closed","template":"","meta":{"_acf_changed":false,"give_campaign_id":0,"_et_pb_use_builder":"on","_et_pb_old_content":"","_et_gb_content_width":"","pmpro_default_level":"","_exactmetrics_skip_tracking":false,"_exactmetrics_sitenote_active":false,"_exactmetrics_sitenote_note":"","_exactmetrics_sitenote_category":0,"footnotes":""},"dipi_cpt_category":[],"difl_page_category":[],"class_list":["post-987612009","page","type-page","status-publish","hentry","pmpro-has-access"],"acf":[],"campaignId":"","_links":{"self":[{"href":"https:\/\/final.et-mg.com\/es\/wp-json\/wp\/v2\/pages\/987612009","targetHints":{"allow":["GET"]}}],"collection":[{"href":"https:\/\/final.et-mg.com\/es\/wp-json\/wp\/v2\/pages"}],"about":[{"href":"https:\/\/final.et-mg.com\/es\/wp-json\/wp\/v2\/types\/page"}],"author":[{"embeddable":true,"href":"https:\/\/final.et-mg.com\/es\/wp-json\/wp\/v2\/users\/1"}],"replies":[{"embeddable":true,"href":"https:\/\/final.et-mg.com\/es\/wp-json\/wp\/v2\/comments?post=987612009"}],"version-history":[{"count":0,"href":"https:\/\/final.et-mg.com\/es\/wp-json\/wp\/v2\/pages\/987612009\/revisions"}],"wp:attachment":[{"href":"https:\/\/final.et-mg.com\/es\/wp-json\/wp\/v2\/media?parent=987612009"}],"wp:term":[{"taxonomy":"dipi_cpt_category","embeddable":true,"href":"https:\/\/final.et-mg.com\/es\/wp-json\/wp\/v2\/dipi_cpt_category?post=987612009"},{"taxonomy":"difl_page_category","embeddable":true,"href":"https:\/\/final.et-mg.com\/es\/wp-json\/wp\/v2\/difl_page_category?post=987612009"}],"curies":[{"name":"wp","href":"https:\/\/api.w.org\/{rel}","templated":true}]}}