{"id":987612016,"date":"2025-12-23T05:45:34","date_gmt":"2025-12-23T05:45:34","guid":{"rendered":"https:\/\/final.et-mg.com\/archivos\/"},"modified":"2026-01-14T20:13:49","modified_gmt":"2026-01-14T20:13:49","slug":"archivos","status":"publish","type":"page","link":"https:\/\/final.et-mg.com\/es\/archivos\/","title":{"rendered":"Archivos"},"content":{"rendered":"<p>[et_pb_section fb_built=\u00bb1&#8243; admin_label=\u00bbsection\u00bb _builder_version=\u00bb4.16&#8243; global_colors_info=\u00bb{}\u00bb][et_pb_row admin_label=\u00bbfila\u00bb _builder_version=\u00bb4.16&#8243; background_size=\u00bbinitial\u00bb background_position=\u00bbtop_left\u00bb background_repeat=\u00bbrepeat\u00bb global_colors_info=\u00bb{}\u00bb][et_pb_column type=\u00bb4_4&#8243; _builder_version=\u00bb4.16&#8243; custom_padding=\u00bb|||\u00bb global_colors_info=\u00bb{}\u00bb custom_padding__hover=\u00bb|||\u00bb][et_pb_text _builder_version=\u00bb4.27.5&#8243; _module_preset=\u00bbf948cc9a-6cf1-423f-888b-8f4e4ea4d2af\u00bb _dynamic_attributes=\u00bbcontent\u00bb hover_enabled=\u00bb0&#8243; sticky_enabled=\u00bb0&#8243;]@ET-DC@eyJkeW5hbWljIjp0cnVlLCJjb250ZW50IjoicG9zdF90aXRsZSIsInNldHRpbmdzIjp7ImJlZm9yZSI6IiIsImFmdGVyIjoiIiwiZW5hYmxlX2h0bWwiOiJvZmYifX0=@[\/et_pb_text][\/et_pb_column][\/et_pb_row][et_pb_row use_custom_gutter=\u00bbon\u00bb make_equal=\u00bbon\u00bb custom_padding_last_edited=\u00bbon|phone\u00bb module_id=\u00bbarchives\u00bb _builder_version=\u00bb4.27.5&#8243; background_color=\u00bb#f6f6f6&#8243; width=\u00bb100%\u00bb max_width=\u00bb1210px\u00bb custom_margin=\u00bb0px||0px||true|false\u00bb custom_padding=\u00bb30px|50px|30px|50px|true|true\u00bb custom_padding_tablet=\u00bb20px|30px|20px|30px|true|true\u00bb custom_padding_phone=\u00bb20px|20px|20px|20px|true|true\u00bb hover_enabled=\u00bb0&#8243; custom_css_free_form=\u00bb@media only screen and (min-width: 981px) {|| .vertical_center{|| display: flex;|| align-items: center;|| }||}||\u00bb border_radii=\u00bbon|12px|12px|12px|12px\u00bb global_colors_info=\u00bb{}\u00bb theme_builder_area=\u00bbpost_content\u00bb sticky_enabled=\u00bb0&#8243;][et_pb_column type=\u00bb4_4&#8243; _builder_version=\u00bb4.27.4&#8243; _module_preset=\u00bbdefault\u00bb global_colors_info=\u00bb{}\u00bb theme_builder_area=\u00bbpost_content\u00bb][et_pb_image src=\u00bbhttps:\/\/shoem.et-mg.com\/wp-content\/uploads\/2025\/12\/Archives-696&#215;392-1.jpg\u00bb title_text=\u00bbArchivos-696&#215;392&#8243; _builder_version=\u00bb4.27.5&#8243; _module_preset=\u00bbdefault\u00bb hover_enabled=\u00bb0&#8243; global_colors_info=\u00bb{}\u00bb theme_builder_area=\u00bbpost_content\u00bb custom_margin=\u00bb10px||||false|false\u00bb sticky_enabled=\u00bb0&#8243;][\/et_pb_image][et_pb_text _builder_version=\u00bb4.27.4&#8243; _module_preset=\u00bbdefault\u00bb text_font=\u00bbVerdana||||||||\u00bb text_text_color=\u00bb#000000&#8243; text_font_size=\u00bb16px\u00bb text_line_height=\u00bb1.8em\u00bb link_text_color=\u00bb#012a6b\u00bb custom_margin=\u00bb-11px||||false|false\u00bb custom_margin_tablet=\u00bb||30px||false|false\u00bb custom_margin_phone=\u00bb||20px||false|false\u00bb custom_margin_last_edited=\u00bboff|desktop\u00bb custom_padding=\u00bb0px||0px||true|false\u00bb text_font_size_tablet=\u00bb16px\u00bb text_font_size_phone=\u00bb14px\u00bb text_font_size_last_edited=\u00bboff|desktop\u00bb locked=\u00bboff\u00bb global_colors_info=\u00bb{}\u00bb theme_builder_area=\u00bbpost_content\u00bb]<\/p>\n<p><strong>Contacto:<\/strong> Carla Canady<\/p>\n<p><strong>Direcci\u00f3n postal:<\/strong><br \/>1200 Varnum Street N.E.<br \/>Washington, D.C. 20017<\/p>\n<p><strong>Tel\u00e9fono:<\/strong> 202-851-4149 Fax: 202-851-4153<\/p>\n<p><strong>Correo electr\u00f3nico<\/strong>: <a href=\"mailto:archives@josephite.com\">archives@josephite.com<\/a><\/p>\n<p>Los archivos contienen los registros hist\u00f3ricos de la Sociedad de San Jos\u00e9 del Sagrado Coraz\u00f3n, Inc., tambi\u00e9n conocida como \u201cLos Josefitas\u201d y como \u201cLos Sacerdotes y Hermanos Josefitas\u201d.<\/p>\n<p>Los archivos tambi\u00e9n contienen registros, libros, boletines, obituarios, programas, fotos, libros de recuerdos y todo tipo de objetos de inter\u00e9s generados en nuestras parroquias, escuelas y otras instituciones en las que trabajamos o a las que servimos.<\/p>\n<p>Tiene secciones enormes dedicadas a la historia cat\u00f3lica afroamericana, la historia afroamericana, los Misioneros Mill Hill (tambi\u00e9n conocidos como la Sociedad de San Jos\u00e9 del Sagrado Coraz\u00f3n para las Misiones Extranjeras) y las comunidades y municipios c\u00edvicos en los que se encuentran las misiones y los ministerios en los que trabajamos.<\/p>\n<p>Nuestros archivos se utilizan para muchos prop\u00f3sitos. Algunos de los m\u00e1s comunes son: <\/p>\n<p>\u25cf La custodia de todos los documentos y materiales importantes que contienen nuestra historia y tradiciones josefitas,<br \/>\u25cf Informaci\u00f3n biogr\u00e1fica y logros de nuestros sacerdotes, hermanos y seminaristas,<br \/>\u25cf Un brazo de recursos para la administraci\u00f3n y el liderazgo de la Sociedad,<br \/>\u25cf Una herramienta de recursos para autores, historiadores, escritores y otros archivos.<\/p>\n<p>[\/et_pb_text][\/et_pb_column][\/et_pb_row][\/et_pb_section]<\/p>\n","protected":false},"excerpt":{"rendered":"<p>Contacto: Carla Canady Direcci\u00f3n postal:1200 Varnum Street N.E.Washington, D.C. 20017 Tel\u00e9fono: 202-851-4149 Fax: 202-851-4153 Correo electr\u00f3nico: archives@josephite.com Los archivos contienen los registros hist\u00f3ricos de la Sociedad de San Jos\u00e9 del [&hellip;]<\/p>\n","protected":false},"author":1,"featured_media":0,"parent":0,"menu_order":0,"comment_status":"closed","ping_status":"closed","template":"","meta":{"_acf_changed":false,"give_campaign_id":0,"_et_pb_use_builder":"on","_et_pb_old_content":"","_et_gb_content_width":"","pmpro_default_level":"","_exactmetrics_skip_tracking":false,"_exactmetrics_sitenote_active":false,"_exactmetrics_sitenote_note":"","_exactmetrics_sitenote_category":0,"footnotes":""},"dipi_cpt_category":[],"difl_page_category":[],"class_list":["post-987612016","page","type-page","status-publish","hentry","pmpro-has-access"],"acf":[],"campaignId":"","_links":{"self":[{"href":"https:\/\/final.et-mg.com\/es\/wp-json\/wp\/v2\/pages\/987612016","targetHints":{"allow":["GET"]}}],"collection":[{"href":"https:\/\/final.et-mg.com\/es\/wp-json\/wp\/v2\/pages"}],"about":[{"href":"https:\/\/final.et-mg.com\/es\/wp-json\/wp\/v2\/types\/page"}],"author":[{"embeddable":true,"href":"https:\/\/final.et-mg.com\/es\/wp-json\/wp\/v2\/users\/1"}],"replies":[{"embeddable":true,"href":"https:\/\/final.et-mg.com\/es\/wp-json\/wp\/v2\/comments?post=987612016"}],"version-history":[{"count":0,"href":"https:\/\/final.et-mg.com\/es\/wp-json\/wp\/v2\/pages\/987612016\/revisions"}],"wp:attachment":[{"href":"https:\/\/final.et-mg.com\/es\/wp-json\/wp\/v2\/media?parent=987612016"}],"wp:term":[{"taxonomy":"dipi_cpt_category","embeddable":true,"href":"https:\/\/final.et-mg.com\/es\/wp-json\/wp\/v2\/dipi_cpt_category?post=987612016"},{"taxonomy":"difl_page_category","embeddable":true,"href":"https:\/\/final.et-mg.com\/es\/wp-json\/wp\/v2\/difl_page_category?post=987612016"}],"curies":[{"name":"wp","href":"https:\/\/api.w.org\/{rel}","templated":true}]}}