{"id":987612019,"date":"2025-12-23T05:46:24","date_gmt":"2025-12-23T05:46:24","guid":{"rendered":"https:\/\/final.et-mg.com\/novenas\/"},"modified":"2026-01-14T20:14:50","modified_gmt":"2026-01-14T20:14:50","slug":"novenas","status":"publish","type":"page","link":"https:\/\/final.et-mg.com\/es\/novenas\/","title":{"rendered":"Novenas"},"content":{"rendered":"<p>[et_pb_section fb_built=\u00bb1&#8243; theme_builder_area=\u00bbpost_content\u00bb _builder_version=\u00bb4.27.5&#8243; _module_preset=\u00bbdefault\u00bb][et_pb_row _builder_version=\u00bb4.27.5&#8243; _module_preset=\u00bbdefault\u00bb theme_builder_area=\u00bbpost_content\u00bb][et_pb_column _builder_version=\u00bb4.27.5&#8243; _module_preset=\u00bbdefault\u00bb type=\u00bb4_4&#8243; theme_builder_area=\u00bbpost_content\u00bb][et_pb_text _builder_version=\u00bb4.27.5&#8243; _module_preset=\u00bbf948cc9a-6cf1-423f-888b-8f4e4ea4d2af\u00bb theme_builder_area=\u00bbpost_content\u00bb _dynamic_attributes=\u00bbcontent\u00bb hover_enabled=\u00bb0&#8243; sticky_enabled=\u00bb0&#8243;]@ET-DC@eyJkeW5hbWljIjp0cnVlLCJjb250ZW50IjoicG9zdF90aXRsZSIsInNldHRpbmdzIjp7ImJlZm9yZSI6IiIsImFmdGVyIjoiIiwiZW5hYmxlX2h0bWwiOiJvZmYifX0=@[\/et_pb_text][\/et_pb_column][\/et_pb_row][et_pb_row use_custom_gutter=\u00bbon\u00bb make_equal=\u00bbon\u00bb custom_padding_last_edited=\u00bbon|phone\u00bb _builder_version=\u00bb4.27.5&#8243; background_color=\u00bb#f6f6f6&#8243; width=\u00bb100%\u00bb max_width=\u00bb1210px\u00bb custom_margin=\u00bb0px||0px||true|false\u00bb custom_padding=\u00bb30px|50px|30px|50px|true|true\u00bb custom_padding_tablet=\u00bb20px|30px|20px|30px|true|true\u00bb custom_padding_phone=\u00bb20px|20px|20px|20px|true|true\u00bb custom_css_free_form=\u00bb@media only screen and (min-width: 981px) {|| .vertical_center{|| display: flex;|| align-items: center;|| }||}||\u00bb border_radii=\u00bbon|12px|12px|12px|12px\u00bb global_colors_info=\u00bb{}\u00bb theme_builder_area=\u00bbpost_content\u00bb][et_pb_column type=\u00bb4_4&#8243; _builder_version=\u00bb4.27.4&#8243; _module_preset=\u00bbdefault\u00bb global_colors_info=\u00bb{}\u00bb theme_builder_area=\u00bbpost_content\u00bb][dnxte_multi_heading text_two=\u00bbNovenas to Pray with Us\u00bb heading_tag=\u00bbh2&#8243; display_type_select=\u00bbon\u00bb text_one_margin=\u00bb0px||0px||false|false\u00bb text_one_padding=\u00bb0px||12px||false|false\u00bb text_two_margin=\u00bb0px||0px||true|false\u00bb text_two_padding=\u00bb0px||0px||false|false\u00bb text_three_margin=\u00bb0px||0px||true|false\u00bb text_three_padding=\u00bb0px||0px||true|false\u00bb text_one_padding_tablet=\u00bb||10px||false|false\u00bb text_one_padding_phone=\u00bb0px||8px||false|false\u00bb text_one_padding_last_edited=\u00bbon|tablet\u00bb text_two_padding_tablet=\u00bb||15px||false|false\u00bb text_two_padding_phone=\u00bb||10px||false|false\u00bb text_two_padding_last_edited=\u00bboff|desktop\u00bb _builder_version=\u00bb4.27.4&#8243; _module_preset=\u00bbdefault\u00bb text_one_font=\u00bbRokkitt|500||on|||||\u00bb text_one_text_color=\u00bb#469a11&#8243; text_one_font_size=\u00bb16px\u00bb text_one_letter_spacing=\u00bb2px\u00bb text_one_line_height=\u00bb1.2em\u00bb text_two_font=\u00bbRokkitt|600|||||||\u00bb text_two_text_color=\u00bb#012A6B\u00bb text_two_font_size=\u00bb35px\u00bb text_two_line_height=\u00bb1.3em\u00bb custom_margin=\u00bb0px||0px||false|false\u00bb custom_padding=\u00bb0px||0px||false|false\u00bb text_one_font_size_tablet=\u00bb14px\u00bb text_one_font_size_phone=\u00bb12px\u00bb text_one_font_size_last_edited=\u00bbon|tablet\u00bb text_two_font_size_tablet=\u00bb30px\u00bb text_two_font_size_phone=\u00bb28px\u00bb text_two_font_size_last_edited=\u00bbon|phone\u00bb text_two_line_height_tablet=\u00bb1.3em\u00bb text_two_line_height_phone=\u00bb1.2em\u00bb text_two_line_height_last_edited=\u00bbon|phone\u00bb locked=\u00bboff\u00bb global_colors_info=\u00bb{}\u00bb theme_builder_area=\u00bbpost_content\u00bb][\/dnxte_multi_heading][et_pb_image src=\u00bbhttps:\/\/shoem.et-mg.com\/wp-content\/uploads\/2025\/12\/stjoseph_glass_orig.jpg\u00bb title_text=\u00bbstjoseph_glass_orig\u00bb module_id=\u00bbnovenas\u00bb _builder_version=\u00bb4.27.5&#8243; _module_preset=\u00bbdefault\u00bb global_colors_info=\u00bb{}\u00bb theme_builder_area=\u00bbpost_content\u00bb][\/et_pb_image][et_pb_text _builder_version=\u00bb4.27.4&#8243; _module_preset=\u00bbdefault\u00bb text_font=\u00bbVerdana||||||||\u00bb text_text_color=\u00bb#000000&#8243; text_font_size=\u00bb16px\u00bb text_line_height=\u00bb1.8em\u00bb link_text_color=\u00bb#012a6b\u00bb custom_margin=\u00bb-11px||||false|false\u00bb custom_margin_tablet=\u00bb||30px||false|false\u00bb custom_margin_phone=\u00bb||20px||false|false\u00bb custom_margin_last_edited=\u00bboff|desktop\u00bb custom_padding=\u00bb0px||0px||true|false\u00bb text_font_size_tablet=\u00bb16px\u00bb text_font_size_phone=\u00bb14px\u00bb text_font_size_last_edited=\u00bboff|desktop\u00bb locked=\u00bboff\u00bb global_colors_info=\u00bb{}\u00bb theme_builder_area=\u00bbpost_content\u00bb]<\/p>\n<p>\u25cf <a href=\"https:\/\/et-mg.com\/pray-2\">Todas las Almas<\/a><br \/>\u25cf <a href=\"https:\/\/et-mg.com\/pray-2\">Novena por la Vida<\/a><br \/>\u25cf <a href=\"https:\/\/et-mg.com\/pray-2\">San Jos\u00e9 Obrero<\/a><br \/>\u25cf <a href=\"https:\/\/et-mg.com\/pray-2\">Oraci\u00f3n de Treinta D\u00edas a San Jos\u00e9<\/a><\/p>\n<p>[\/et_pb_text][\/et_pb_column][\/et_pb_row][\/et_pb_section]<\/p>\n","protected":false},"excerpt":{"rendered":"<div class=\"et_pb_module dnxte_multi_heading dnxte_multi_heading_0\">\n\t\t\t\t\n\t\t\t\t\n\t\t\t\t\n\t\t\t\t\n\t\t\t\t\n\t\t\t\t\n\t\t\t\t<div class=\"et_pb_module_inner\">\n\t\t\t\t\t<div class=\"wrapper\"><\u00bbh2&#8243; class='header-level '><span class=\"dnxt-text-two \"><span class=\"dnxt-gradient-text-color-2\">\u00bbNovenas<\/span><\/span><\/\u00bbh2&#8243;><\/div>\n\t\t\t\t<\/div>\n\t\t\t<\/div>\n","protected":false},"author":1,"featured_media":0,"parent":0,"menu_order":0,"comment_status":"closed","ping_status":"closed","template":"","meta":{"_acf_changed":false,"give_campaign_id":0,"_et_pb_use_builder":"on","_et_pb_old_content":"","_et_gb_content_width":"","pmpro_default_level":"","_exactmetrics_skip_tracking":false,"_exactmetrics_sitenote_active":false,"_exactmetrics_sitenote_note":"","_exactmetrics_sitenote_category":0,"footnotes":""},"dipi_cpt_category":[],"difl_page_category":[],"class_list":["post-987612019","page","type-page","status-publish","hentry","pmpro-has-access"],"acf":[],"campaignId":"","_links":{"self":[{"href":"https:\/\/final.et-mg.com\/es\/wp-json\/wp\/v2\/pages\/987612019","targetHints":{"allow":["GET"]}}],"collection":[{"href":"https:\/\/final.et-mg.com\/es\/wp-json\/wp\/v2\/pages"}],"about":[{"href":"https:\/\/final.et-mg.com\/es\/wp-json\/wp\/v2\/types\/page"}],"author":[{"embeddable":true,"href":"https:\/\/final.et-mg.com\/es\/wp-json\/wp\/v2\/users\/1"}],"replies":[{"embeddable":true,"href":"https:\/\/final.et-mg.com\/es\/wp-json\/wp\/v2\/comments?post=987612019"}],"version-history":[{"count":0,"href":"https:\/\/final.et-mg.com\/es\/wp-json\/wp\/v2\/pages\/987612019\/revisions"}],"wp:attachment":[{"href":"https:\/\/final.et-mg.com\/es\/wp-json\/wp\/v2\/media?parent=987612019"}],"wp:term":[{"taxonomy":"dipi_cpt_category","embeddable":true,"href":"https:\/\/final.et-mg.com\/es\/wp-json\/wp\/v2\/dipi_cpt_category?post=987612019"},{"taxonomy":"difl_page_category","embeddable":true,"href":"https:\/\/final.et-mg.com\/es\/wp-json\/wp\/v2\/difl_page_category?post=987612019"}],"curies":[{"name":"wp","href":"https:\/\/api.w.org\/{rel}","templated":true}]}}