{"id":987612022,"date":"2025-12-23T05:45:58","date_gmt":"2025-12-23T05:45:58","guid":{"rendered":"https:\/\/final.et-mg.com\/necrologia\/"},"modified":"2026-01-14T20:16:15","modified_gmt":"2026-01-14T20:16:15","slug":"necrologia","status":"publish","type":"page","link":"https:\/\/final.et-mg.com\/es\/necrologia\/","title":{"rendered":"Necrolog\u00eda"},"content":{"rendered":"<p>[et_pb_section fb_built=\u00bb1&#8243; theme_builder_area=\u00bbpost_content\u00bb _builder_version=\u00bb4.27.5&#8243; _module_preset=\u00bbdefault\u00bb][et_pb_row _builder_version=\u00bb4.27.5&#8243; _module_preset=\u00bbdefault\u00bb theme_builder_area=\u00bbpost_content\u00bb][et_pb_column _builder_version=\u00bb4.27.5&#8243; _module_preset=\u00bbdefault\u00bb type=\u00bb4_4&#8243; theme_builder_area=\u00bbpost_content\u00bb][et_pb_text _builder_version=\u00bb4.27.5&#8243; _module_preset=\u00bbf948cc9a-6cf1-423f-888b-8f4e4ea4d2af\u00bb theme_builder_area=\u00bbpost_content\u00bb _dynamic_attributes=\u00bbcontent\u00bb hover_enabled=\u00bb0&#8243; sticky_enabled=\u00bb0&#8243;]@ET-DC@eyJkeW5hbWljIjp0cnVlLCJjb250ZW50IjoicG9zdF90aXRsZSIsInNldHRpbmdzIjp7ImJlZm9yZSI6IiIsImFmdGVyIjoiIiwiZW5hYmxlX2h0bWwiOiJvZmYifX0=@[\/et_pb_text][\/et_pb_column][\/et_pb_row][et_pb_row module_id=\u00bbnecrology\u00bb _builder_version=\u00bb4.27.5&#8243; _module_preset=\u00bbdefault\u00bb global_colors_info=\u00bb{}\u00bb theme_builder_area=\u00bbpost_content\u00bb locked=\u00bboff\u00bb][et_pb_column type=\u00bb4_4&#8243; _builder_version=\u00bb4.27.4&#8243; _module_preset=\u00bbdefault\u00bb global_colors_info=\u00bb{}\u00bb theme_builder_area=\u00bbpost_content\u00bb][et_pb_text _builder_version=\u00bb4.27.5&#8243; _module_preset=\u00bbdefault\u00bb text_font=\u00bbVerdana||||||||\u00bb text_text_color=\u00bb#000000&#8243; text_font_size=\u00bb16px\u00bb text_line_height=\u00bb1.8em\u00bb hover_enabled=\u00bb0&#8243; global_colors_info=\u00bb{}\u00bb theme_builder_area=\u00bbpost_content\u00bb sticky_enabled=\u00bb0&#8243;]Los josefitas llevamos m\u00e1s de 140 a\u00f1os realizando la labor de evangelizaci\u00f3n en la comunidad afroamericana. Los josefitas han servido a los afroamericanos en su camino de fe desde 1871. La historia de los josefitas es una parte emocionante de la historia de nuestro pa\u00eds y de nuestra iglesia. De cara al futuro, podemos hacerlo con confianza gracias a socios como usted.<\/p>\n<p>Ser un socio colaborador de los josefitas es comprometerse a apoyar la labor de los josefitas en todos los aspectos de nuestra existencia: reclutar y formar a j\u00f3venes para que sean sacerdotes y hermanos, cuidar de los enfermos o jubilados y seguir ministrando en lugares y asignaciones que no pueden permitirse mantener a un josefita. Ese compromiso nos \u201csustenta\u201d, y nuestros socios lo hacen mensualmente, trimestralmente, semestralmente o incluso anualmente para esta labor especial. Su apoyo tambi\u00e9n es un \u201ccompromiso\u201d, regular y continuo, en el entendido de que un socio colaborador puede optar por no participar en cualquier momento que as\u00ed lo desee.<\/p>\n<p>Si ya es uno de los 1.400 \u201csocios colaboradores\u201d que contribuyen regularmente a la misi\u00f3n josefita, \u00a1le doy las gracias y le animo a renovar su compromiso hoy mismo!<\/p>\n<p>Si no es un socio colaborador, le pido que considere la posibilidad de hacer de los josefitas beneficiarios de su bondad. Complete este<a title=\"Donaci\u00f3n de socios colaboradores\" href=\"https:\/\/josephites.org\/donate-2\/sustaining-partners-donation\/\"> formulario de donaci\u00f3n segura<\/a> para hacer una donaci\u00f3n continua al ministerio josefita. O, si lo prefiere, puede hacer una donaci\u00f3n \u00fanica como \u201csocio colaborador\u201d.<\/p>\n<p>Nuestros socios colaboradores son nuestra fuente de apoyo m\u00e1s fiable para la misi\u00f3n josefita.<\/p>\n<p><strong>He aqu\u00ed por qu\u00e9 necesitamos su ayuda:<\/strong><\/p>\n<ul>\n<li>No tenemos suficientes sacerdotes. Los ingresos b\u00e1sicos que han sustentado la labor de los josefitas durante m\u00e1s de un siglo proceden del apoyo de los sacerdotes que sirven en las parroquias. Cuantos menos sacerdotes activos tengamos, menos ingresos de sustento tendremos. Hoy tenemos un 47% menos de sacerdotes que hace 25 a\u00f1os.<\/li>\n<li>Aunque nuestros ingresos de sustento han disminuido, tenemos costes crecientes en dos frentes:\n<ul>\n<li>Cada a\u00f1o, tenemos que atender a m\u00e1s sacerdotes ancianos y enfermos, a un coste medio de 150,00 $ al d\u00eda.<\/li>\n<li>Todav\u00eda tenemos que encontrar y educar a los candidatos al sacerdocio a un promedio de 50,00 $ por d\u00eda en los Estados Unidos.<\/li>\n<\/ul>\n<\/li>\n<\/ul>\n<p>Como socio colaborador, recibir\u00e1 los beneficios de una misa especial que se dice cada mes por su bienestar espiritual y temporal. Adem\u00e1s, compartir\u00e1 las oraciones de todos los sacerdotes, hermanos y seminaristas josefitas.<\/p>\n<p>Para rellenar un formulario y enviarlo por correo, <a href=\"https:\/\/josephites.org\/wp-content\/uploads\/2018\/03\/SustainingPartners_2018-1.pdf\">haga clic aqu\u00ed<\/a>.<\/p>\n<p>Cada d\u00eda de nuestras vidas, los josefitas nos dedicamos a nuestra misi\u00f3n de evangelizaci\u00f3n en la comunidad afroamericana. Cada d\u00eda, nos preparamos para el futuro y, al mismo tiempo, cuidamos de quienes ya han entregado totalmente sus vidas al servicio misionero. Cada d\u00eda, nosotros, los josefitas, rezamos por nuestros benefactores, vivos y difuntos.<\/p>\n<p>Para obtener m\u00e1s informaci\u00f3n sobre los programas de socios colaboradores, p\u00f3ngase en contacto con la Oficina de Misiones Josefitas:<\/p>\n<p><strong>Direcci\u00f3n postal:<\/strong><\/p>\n<p>Sede de los Josefitas<br \/>\nP.O. Box 65010<br \/>\nBaltimore, MD 21209<\/p>\n<p><strong>Tel\u00e9fono gratuito:<\/strong> 844-249-5730<\/p>\n<p><strong>Correo electr\u00f3nico: <\/strong><a href=\"mailto:missionoffice@josephite.com\">missionoffice@josephite.com<\/a>[\/et_pb_text][\/et_pb_column][\/et_pb_row][\/et_pb_section]<\/p>\n","protected":false},"excerpt":{"rendered":"<p>Los josefitas llevamos m\u00e1s de 140 a\u00f1os realizando la labor de evangelizaci\u00f3n en la comunidad afroamericana. Los josefitas han servido a los afroamericanos en su camino de fe desde 1871. [&hellip;]<\/p>\n","protected":false},"author":1,"featured_media":0,"parent":0,"menu_order":0,"comment_status":"closed","ping_status":"closed","template":"","meta":{"_acf_changed":false,"give_campaign_id":0,"_et_pb_use_builder":"on","_et_pb_old_content":"","_et_gb_content_width":"","pmpro_default_level":"","_exactmetrics_skip_tracking":false,"_exactmetrics_sitenote_active":false,"_exactmetrics_sitenote_note":"","_exactmetrics_sitenote_category":0,"footnotes":""},"dipi_cpt_category":[],"difl_page_category":[],"class_list":["post-987612022","page","type-page","status-publish","hentry","pmpro-has-access"],"acf":[],"campaignId":"","_links":{"self":[{"href":"https:\/\/final.et-mg.com\/es\/wp-json\/wp\/v2\/pages\/987612022","targetHints":{"allow":["GET"]}}],"collection":[{"href":"https:\/\/final.et-mg.com\/es\/wp-json\/wp\/v2\/pages"}],"about":[{"href":"https:\/\/final.et-mg.com\/es\/wp-json\/wp\/v2\/types\/page"}],"author":[{"embeddable":true,"href":"https:\/\/final.et-mg.com\/es\/wp-json\/wp\/v2\/users\/1"}],"replies":[{"embeddable":true,"href":"https:\/\/final.et-mg.com\/es\/wp-json\/wp\/v2\/comments?post=987612022"}],"version-history":[{"count":0,"href":"https:\/\/final.et-mg.com\/es\/wp-json\/wp\/v2\/pages\/987612022\/revisions"}],"wp:attachment":[{"href":"https:\/\/final.et-mg.com\/es\/wp-json\/wp\/v2\/media?parent=987612022"}],"wp:term":[{"taxonomy":"dipi_cpt_category","embeddable":true,"href":"https:\/\/final.et-mg.com\/es\/wp-json\/wp\/v2\/dipi_cpt_category?post=987612022"},{"taxonomy":"difl_page_category","embeddable":true,"href":"https:\/\/final.et-mg.com\/es\/wp-json\/wp\/v2\/difl_page_category?post=987612022"}],"curies":[{"name":"wp","href":"https:\/\/api.w.org\/{rel}","templated":true}]}}