{"id":987612029,"date":"2025-12-21T17:52:29","date_gmt":"2025-12-21T17:52:29","guid":{"rendered":"https:\/\/final.et-mg.com\/respondiendo-a-la-llamada\/"},"modified":"2026-01-14T20:18:54","modified_gmt":"2026-01-14T20:18:54","slug":"respondiendo-a-la-llamada","status":"publish","type":"page","link":"https:\/\/final.et-mg.com\/es\/respondiendo-a-la-llamada\/","title":{"rendered":"Respondiendo a la llamada"},"content":{"rendered":"<p>[et_pb_section fb_built=\u00bb1&#8243; custom_padding_last_edited=\u00bboff|desktop\u00bb _builder_version=\u00bb4.27.5&#8243; background_enable_color=\u00bboff\u00bb custom_padding=\u00bb|0px||0px|true|false\u00bb custom_padding_tablet=\u00bb30px|0px|30px|0px|true|false\u00bb custom_padding_phone=\u00bb50px|0px|50px|0px|true|false\u00bb hover_enabled=\u00bb0&#8243; locked=\u00bboff\u00bb global_colors_info=\u00bb{}\u00bb sticky_enabled=\u00bb0&#8243;][et_pb_row _builder_version=\u00bb4.27.5&#8243; _module_preset=\u00bbdefault\u00bb][et_pb_column _builder_version=\u00bb4.27.5&#8243; _module_preset=\u00bbdefault\u00bb type=\u00bb4_4&#8243;][et_pb_text _builder_version=\u00bb4.27.5&#8243; _module_preset=\u00bbf948cc9a-6cf1-423f-888b-8f4e4ea4d2af\u00bb _dynamic_attributes=\u00bbcontent\u00bb hover_enabled=\u00bb0&#8243; sticky_enabled=\u00bb0&#8243;]@ET-DC@eyJkeW5hbWljIjp0cnVlLCJjb250ZW50IjoicG9zdF90aXRsZSIsInNldHRpbmdzIjp7ImJlZm9yZSI6IiIsImFmdGVyIjoiIiwiZW5hYmxlX2h0bWwiOiJvZmYifX0=@[\/et_pb_text][\/et_pb_column][\/et_pb_row][et_pb_row column_structure=\u00bb1_2,1_2&#8243; use_custom_gutter=\u00bbon\u00bb make_equal=\u00bbon\u00bb custom_padding_last_edited=\u00bbon|phone\u00bb _builder_version=\u00bb4.27.5&#8243; background_color=\u00bb#f6f6f6&#8243; width=\u00bb100%\u00bb max_width=\u00bb1210px\u00bb custom_margin=\u00bb20px||0px||false|false\u00bb custom_padding=\u00bb30px|50px|30px|50px|true|true\u00bb custom_padding_tablet=\u00bb20px|30px|20px|30px|true|true\u00bb custom_padding_phone=\u00bb20px|20px|20px|20px|true|true\u00bb hover_enabled=\u00bb0&#8243; custom_css_free_form=\u00bb@media only screen and (min-width: 981px) {|| .vertical_center{|| display: flex;|| align-items: center;|| }||}||\u00bb border_radii=\u00bbon|12px|12px|12px|12px\u00bb global_colors_info=\u00bb{}\u00bb theme_builder_area=\u00bbpost_content\u00bb sticky_enabled=\u00bb0&#8243;][et_pb_column type=\u00bb1_2&#8243; _builder_version=\u00bb4.27.4&#8243; _module_preset=\u00bbdefault\u00bb global_colors_info=\u00bb{}\u00bb theme_builder_area=\u00bbpost_content\u00bb][et_pb_image src=\u00bbhttps:\/\/et-mg.com\/wp-content\/uploads\/2025\/11\/Seminarians-1.jpg\u00bb title_text=\u00bbSeminaristas-1&#8243; _builder_version=\u00bb4.27.4&#8243; _module_preset=\u00bbdefault\u00bb border_radii=\u00bbon|8px|8px|8px|8px\u00bb global_colors_info=\u00bb{}\u00bb theme_builder_area=\u00bbpost_content\u00bb][\/et_pb_image][dnxte_multi_heading text_two=\u00bbRequest More Information\u00bb heading_tag=\u00bbh2&#8243; display_type_select=\u00bbon\u00bb text_one_margin=\u00bb0px||0px||false|false\u00bb text_one_padding=\u00bb0px||12px||false|false\u00bb text_two_margin=\u00bb0px||0px||true|false\u00bb text_two_padding=\u00bb0px||0px||false|false\u00bb text_three_margin=\u00bb0px||0px||true|false\u00bb text_three_padding=\u00bb0px||0px||true|false\u00bb text_one_padding_tablet=\u00bb||10px||false|false\u00bb text_one_padding_phone=\u00bb0px||8px||false|false\u00bb text_one_padding_last_edited=\u00bbon|tablet\u00bb text_two_padding_tablet=\u00bb||15px||false|false\u00bb text_two_padding_phone=\u00bb||10px||false|false\u00bb text_two_padding_last_edited=\u00bboff|desktop\u00bb _builder_version=\u00bb4.27.4&#8243; _module_preset=\u00bbdefault\u00bb text_one_font=\u00bbRokkitt|500||on|||||\u00bb text_one_text_color=\u00bb#469a11&#8243; text_one_font_size=\u00bb16px\u00bb text_one_letter_spacing=\u00bb2px\u00bb text_one_line_height=\u00bb1.2em\u00bb text_two_font=\u00bbRokkitt|600|||||||\u00bb text_two_text_color=\u00bb#012A6B\u00bb text_two_font_size=\u00bb26px\u00bb text_two_line_height=\u00bb1.3em\u00bb custom_margin=\u00bb0px||0px||false|false\u00bb custom_padding=\u00bb0px||0px||false|false\u00bb text_one_font_size_tablet=\u00bb14px\u00bb text_one_font_size_phone=\u00bb12px\u00bb text_one_font_size_last_edited=\u00bbon|tablet\u00bb text_two_font_size_tablet=\u00bb30px\u00bb text_two_font_size_phone=\u00bb28px\u00bb text_two_font_size_last_edited=\u00bboff|desktop\u00bb text_two_line_height_tablet=\u00bb1.3em\u00bb text_two_line_height_phone=\u00bb1.2em\u00bb text_two_line_height_last_edited=\u00bbon|phone\u00bb locked=\u00bboff\u00bb global_colors_info=\u00bb{}\u00bb theme_builder_area=\u00bbpost_content\u00bb][\/dnxte_multi_heading][et_pb_code _builder_version=\u00bb4.27.4&#8243; _module_preset=\u00bbdefault\u00bb global_colors_info=\u00bb{}\u00bb theme_builder_area=\u00bbpost_content\u00bb]<div class='fluentform ff-default fluentform_wrapper_10 ffs_default_wrap'><form data-form_id=\"10\" id=\"fluentform_10\" class=\"frm-fluent-form fluent_form_10 ff-el-form-top ff_form_instance_10_1 ff-form-loading ffs_default\" data-form_instance=\"ff_form_instance_10_1\" method=\"POST\" ><fieldset  style=\"border: none!important;margin: 0!important;padding: 0!important;background-color: transparent!important;box-shadow: none!important;outline: none!important; min-inline-size: 100%;\">\n                    <legend class=\"ff_screen_reader_title\" style=\"display: block; margin: 0!important;padding: 0!important;height: 0!important;text-indent: -999999px;width: 0!important;overflow:hidden;\">Member Form<\/legend><input type='hidden' name='__fluent_form_embded_post_id' value='987612029' \/><input type=\"hidden\" id=\"_fluentform_10_fluentformnonce\" name=\"_fluentform_10_fluentformnonce\" value=\"9c2435bb27\" \/><input type=\"hidden\" name=\"_wp_http_referer\" value=\"\/es\/wp-json\/wp\/v2\/pages\/987612029\" \/><div data-type=\"name-element\" data-name=\"names\" class=\" ff-field_container ff-name-field-wrapper\" ><div class='ff-t-container'><div class='ff-t-cell '><div class='ff-el-group ff-el-form-top'><div class=\"ff-el-input--label asterisk-right\"><label for='ff_10_names_first_name_' id='label_ff_10_names_first_name_' >First Name<\/label><\/div><div class='ff-el-input--content'><input type=\"text\" name=\"names[first_name]\" id=\"ff_10_names_first_name_\" class=\"ff-el-form-control\" placeholder=\"Enter Your First Name\" aria-invalid=\"false\" aria-required=false><\/div><\/div><\/div><\/div><\/div><div class='ff-el-group'><div class=\"ff-el-input--label ff-el-is-required asterisk-right\"><label for='ff_10_input_text' id='label_ff_10_input_text' aria-label=\"Bio\">Bio<\/label><\/div><div class='ff-el-input--content'><input type=\"text\" name=\"input_text\" class=\"ff-el-form-control\" data-name=\"input_text\" id=\"ff_10_input_text\"  aria-invalid=\"false\" aria-required=true><\/div><\/div><div class='ff-el-group'><div class=\"ff-el-input--label ff-el-is-required asterisk-right\"><label for='ff_10_file-upload_1' id='label_ff_10_file-upload_1' aria-label=\"Profile Photo\">Profile Photo<\/label><\/div><div class='ff-el-input--content'><label for='ff_10_file-upload_1' class='ff_file_upload_holder'><span class='ff_upload_btn ff-btn' tabindex='0'>Choose File<\/span> <input type=\"file\" name=\"file-upload\" id=\"ff_10_file-upload_1\" class=\"ff-el-form-control  ff-screen-reader-element\" data-name=\"file-upload\" multiple=\"1\"  aria-invalid='false' aria-required=true><\/label><\/div><\/div><div class='ff-el-group  ff-dropzone'><div class=\"ff-el-input--label ff-el-is-required asterisk-right\"><label for='ff_10_file-upload_1_1' id='label_ff_10_file-upload_1_1' aria-label=\"Gallery\">Gallery<\/label><\/div><div class='ff-el-input--content'><label for='ff_10_file-upload_1_1' class='ff_file_upload_holder'><span class='ff_upload_btn ff-btn' tabindex='0'>Choose File<\/span> <input type=\"file\" name=\"file-upload_1\" id=\"ff_10_file-upload_1_1\" class=\"ff-el-form-control  ff-screen-reader-element\" data-name=\"file-upload_1\" multiple=\"1\"  aria-invalid='false' aria-required=true><\/label><\/div><\/div><div class='ff-el-group'><div class=\"ff-el-input--label ff-el-is-required asterisk-right\"><label for='ff_10_input_text_1' id='label_ff_10_input_text_1' aria-label=\"Social Links\">Social Links<\/label><\/div><div class='ff-el-input--content'><input type=\"text\" name=\"input_text_1\" class=\"ff-el-form-control\" data-name=\"input_text_1\" id=\"ff_10_input_text_1\"  aria-invalid=\"false\" aria-required=true><\/div><\/div><div class='ff-el-group ff-text-left ff_submit_btn_wrapper'><button type=\"submit\" class=\"ff-btn ff-btn-submit ff-btn-md ff_btn_style\"  aria-label=\"Submit Form\">Submit Form<\/button><\/div><\/fieldset><\/form><div id='fluentform_10_errors' class='ff-errors-in-stack ff_form_instance_10_1 ff-form-loading_errors ff_form_instance_10_1_errors'><\/div><\/div>            <script type=\"text\/javascript\">\n                window.fluent_form_ff_form_instance_10_1 = {\"id\":\"10\",\"settings\":{\"layout\":{\"labelPlacement\":\"top\",\"asteriskPlacement\":\"asterisk-right\",\"helpMessagePlacement\":\"with_label\",\"errorMessagePlacement\":\"inline\",\"cssClassName\":\"\"},\"restrictions\":{\"denyEmptySubmission\":{\"enabled\":false}}},\"form_instance\":\"ff_form_instance_10_1\",\"form_id_selector\":\"fluentform_10\",\"rules\":{\"names[first_name]\":{\"required\":{\"value\":false,\"message\":\"Este campo es obligatorio\",\"global_message\":\"This field is required\",\"global\":true}},\"names[middle_name]\":{\"required\":{\"value\":false,\"message\":\"Este campo es obligatorio\",\"global_message\":\"This field is required\",\"global\":true}},\"names[last_name]\":{\"required\":{\"value\":false,\"message\":\"Este campo es obligatorio\",\"global_message\":\"This field is required\",\"global\":true}},\"input_text\":{\"required\":{\"value\":true,\"message\":\"Este campo es obligatorio\",\"global_message\":\"This field is required\",\"global\":true}},\"file-upload\":{\"required\":{\"value\":true,\"message\":\"Este campo es obligatorio\",\"global_message\":\"This field is required\",\"global\":true},\"max_file_size\":{\"value\":1048576,\"_valueFrom\":\"MB\",\"message\":\"La validaci\\u00f3n falla por el tama\\u00f1o m\\u00e1ximo de archivo\",\"global_message\":\"Validation fails for maximum file size\",\"global\":true},\"max_file_count\":{\"value\":1,\"message\":\"La validaci\\u00f3n falla para el recuento m\\u00e1ximo de archivos\",\"global_message\":\"Validation fails for maximum file count\",\"global\":true},\"allowed_file_types\":{\"value\":[\"jpg|jpeg|gif|png|bmp\"],\"message\":\"Tipo de archivo no v\\u00e1lido\",\"global_message\":\"Allowed image types does not match\",\"global\":true}},\"file-upload_1\":{\"required\":{\"value\":true,\"message\":\"Este campo es obligatorio\",\"global_message\":\"This field is required\",\"global\":true},\"max_file_size\":{\"value\":1048576,\"_valueFrom\":\"MB\",\"message\":\"La validaci\\u00f3n falla por el tama\\u00f1o m\\u00e1ximo de archivo\",\"global_message\":\"Validation fails for maximum file size\",\"global\":true},\"max_file_count\":{\"value\":\"20\",\"message\":\"La validaci\\u00f3n falla para el recuento m\\u00e1ximo de archivos\",\"global_message\":\"Validation fails for maximum file count\",\"global\":true},\"allowed_file_types\":{\"value\":[\"jpg|jpeg|gif|png|bmp\"],\"message\":\"Tipo de archivo no v\\u00e1lido\",\"global_message\":\"Allowed image types does not match\",\"global\":true}},\"input_text_1\":{\"required\":{\"value\":true,\"message\":\"Este campo es obligatorio\",\"global_message\":\"This field is required\",\"global\":true}}},\"debounce_time\":300};\n                            <\/script>\n            [\/et_pb_code][\/et_pb_column][et_pb_column type=\u00bb1_2&#8243; _builder_version=\u00bb4.27.4&#8243; _module_preset=\u00bbdefault\u00bb global_colors_info=\u00bb{}\u00bb theme_builder_area=\u00bbpost_content\u00bb][et_pb_text _builder_version=\u00bb4.27.4&#8243; _module_preset=\u00bbdefault\u00bb text_font=\u00bbVerdana||||||||\u00bb text_text_color=\u00bb#000000&#8243; text_font_size=\u00bb16px\u00bb text_line_height=\u00bb1.8em\u00bb custom_margin=\u00bb-11px||||false|false\u00bb custom_margin_tablet=\u00bb||30px||false|false\u00bb custom_margin_phone=\u00bb||20px||false|false\u00bb custom_margin_last_edited=\u00bboff|desktop\u00bb custom_padding=\u00bb0px||0px||true|false\u00bb text_font_size_tablet=\u00bb16px\u00bb text_font_size_phone=\u00bb14px\u00bb text_font_size_last_edited=\u00bboff|desktop\u00bb locked=\u00bboff\u00bb global_colors_info=\u00bb{}\u00bb theme_builder_area=\u00bbpost_content\u00bb]<\/p>\n<p>Fundada despu\u00e9s de la Guerra Civil para atender a los esclavos reci\u00e9n liberados, la Sociedad de San Jos\u00e9 del Sagrado Coraz\u00f3n es la \u00fanica congregaci\u00f3n en la Iglesia Cat\u00f3lica estadounidense cuya misi\u00f3n exclusiva es la comunidad afroamericana.<\/p>\n<p>La espiritualidad josefina se centra en San Jos\u00e9 y el Sagrado Coraz\u00f3n de Jes\u00fas. Bajo el patrocinio de San Jos\u00e9, el primer misionero, los josefinos est\u00e1n comprometidos con el ministerio de la esperanza y la formaci\u00f3n de la fe entre los afroamericanos. <\/p>\n<p>Desde 1871, los josefinos han estado proclamando las buenas nuevas a trav\u00e9s de obras apost\u00f3licas, parroquiales y educativas seg\u00fan lo requieran las necesidades y los tiempos.<\/p>\n<ul>\n<li>La Sociedad presta sus servicios en parroquias, escuelas y ministerios especiales en las di\u00f3cesis y arquidi\u00f3cesis de los Estados Unidos y el Distrito de Columbia.<\/li>\n<li>Los josefinos fueron fundamentales para incorporar la experiencia cultural afroamericana en la liturgia de la Iglesia Cat\u00f3lica en los Estados Unidos.<\/li>\n<li>Cuatro josefinos y tres laicos fundaron los Caballeros y Damas de Pedro Claver en 1909, que hoy es la organizaci\u00f3n fraternal m\u00e1s grande de cat\u00f3licos afroamericanos.<\/li>\n<\/ul>\n<p><strong>P\u00f3ngase en contacto con la Oficina del Ministerio de Vocaciones Josefino:<\/strong><\/p>\n<p><strong>Tel\u00e9fono:<\/strong> (202) 832-9100<\/p>\n<p><strong>Correo electr\u00f3nico:<\/strong> <a href=\"mailto:Vocations@Josephite.com\" target=\"_blank\" rel=\"noopener noreferrer\">Vocations@Josephite.com<\/a><\/p>\n<p><strong>Correo:<\/strong> P.O. Box 65010<br \/>Baltimore, MD 21209<\/p>\n<p>[\/et_pb_text][\/et_pb_column][\/et_pb_row][\/et_pb_section]<\/p>\n","protected":false},"excerpt":{"rendered":"<div class=\"et_pb_module dnxte_multi_heading dnxte_multi_heading_0\">\n\t\t\t\t\n\t\t\t\t\n\t\t\t\t\n\t\t\t\t\n\t\t\t\t\n\t\t\t\t\n\t\t\t\t<div class=\"et_pb_module_inner\">\n\t\t\t\t\t<div class=\"wrapper\"><\u00bbh2&#8243; class='header-level '><span class=\"dnxt-text-two \"><span class=\"dnxt-gradient-text-color-2\">\u00bbRequest<\/span><\/span><\/\u00bbh2&#8243;><\/div>\n\t\t\t\t<\/div>\n\t\t\t<\/div>\n","protected":false},"author":1,"featured_media":0,"parent":0,"menu_order":0,"comment_status":"closed","ping_status":"closed","template":"","meta":{"_acf_changed":false,"give_campaign_id":0,"_et_pb_use_builder":"on","_et_pb_old_content":"","_et_gb_content_width":"","pmpro_default_level":"","_exactmetrics_skip_tracking":false,"_exactmetrics_sitenote_active":false,"_exactmetrics_sitenote_note":"","_exactmetrics_sitenote_category":0,"footnotes":""},"dipi_cpt_category":[],"difl_page_category":[],"class_list":["post-987612029","page","type-page","status-publish","hentry","pmpro-has-access"],"acf":[],"campaignId":"","_links":{"self":[{"href":"https:\/\/final.et-mg.com\/es\/wp-json\/wp\/v2\/pages\/987612029","targetHints":{"allow":["GET"]}}],"collection":[{"href":"https:\/\/final.et-mg.com\/es\/wp-json\/wp\/v2\/pages"}],"about":[{"href":"https:\/\/final.et-mg.com\/es\/wp-json\/wp\/v2\/types\/page"}],"author":[{"embeddable":true,"href":"https:\/\/final.et-mg.com\/es\/wp-json\/wp\/v2\/users\/1"}],"replies":[{"embeddable":true,"href":"https:\/\/final.et-mg.com\/es\/wp-json\/wp\/v2\/comments?post=987612029"}],"version-history":[{"count":0,"href":"https:\/\/final.et-mg.com\/es\/wp-json\/wp\/v2\/pages\/987612029\/revisions"}],"wp:attachment":[{"href":"https:\/\/final.et-mg.com\/es\/wp-json\/wp\/v2\/media?parent=987612029"}],"wp:term":[{"taxonomy":"dipi_cpt_category","embeddable":true,"href":"https:\/\/final.et-mg.com\/es\/wp-json\/wp\/v2\/dipi_cpt_category?post=987612029"},{"taxonomy":"difl_page_category","embeddable":true,"href":"https:\/\/final.et-mg.com\/es\/wp-json\/wp\/v2\/difl_page_category?post=987612029"}],"curies":[{"name":"wp","href":"https:\/\/api.w.org\/{rel}","templated":true}]}}