{"id":987612035,"date":"2025-12-30T13:09:21","date_gmt":"2025-12-30T13:09:21","guid":{"rendered":"https:\/\/final.et-mg.com\/seminario\/"},"modified":"2026-01-14T20:22:48","modified_gmt":"2026-01-14T20:22:48","slug":"seminario","status":"publish","type":"page","link":"https:\/\/final.et-mg.com\/es\/seminario\/","title":{"rendered":"Seminario"},"content":{"rendered":"<p>[et_pb_section fb_built=\u00bb1&#8243; admin_label=\u00bbsection\u00bb _builder_version=\u00bb4.16&#8243; global_colors_info=\u00bb{}\u00bb][et_pb_row admin_label=\u00bbfila\u00bb _builder_version=\u00bb4.16&#8243; background_size=\u00bbinitial\u00bb background_position=\u00bbtop_left\u00bb background_repeat=\u00bbrepeat\u00bb global_colors_info=\u00bb{}\u00bb][et_pb_column type=\u00bb4_4&#8243; _builder_version=\u00bb4.16&#8243; custom_padding=\u00bb|||\u00bb global_colors_info=\u00bb{}\u00bb custom_padding__hover=\u00bb|||\u00bb][et_pb_text _builder_version=\u00bb4.27.5&#8243; _module_preset=\u00bbf948cc9a-6cf1-423f-888b-8f4e4ea4d2af\u00bb _dynamic_attributes=\u00bbcontent\u00bb hover_enabled=\u00bb0&#8243; sticky_enabled=\u00bb0&#8243;]@ET-DC@eyJkeW5hbWljIjp0cnVlLCJjb250ZW50IjoicG9zdF90aXRsZSIsInNldHRpbmdzIjp7ImJlZm9yZSI6IiIsImFmdGVyIjoiIiwiZW5hYmxlX2h0bWwiOiJvZmYifX0=@[\/et_pb_text][\/et_pb_column][\/et_pb_row][et_pb_row use_custom_gutter=\u00bbon\u00bb make_equal=\u00bbon\u00bb custom_padding_last_edited=\u00bbon|phone\u00bb _builder_version=\u00bb4.27.5&#8243; background_color=\u00bb#f6f6f6&#8243; width=\u00bb100%\u00bb max_width=\u00bb1210px\u00bb custom_margin=\u00bb20px||0px||false|false\u00bb custom_padding=\u00bb30px|50px|30px|50px|true|true\u00bb custom_padding_tablet=\u00bb20px|30px|20px|30px|true|true\u00bb custom_padding_phone=\u00bb20px|20px|20px|20px|true|true\u00bb hover_enabled=\u00bb0&#8243; custom_css_free_form=\u00bb@media only screen and (min-width: 981px) {|| .vertical_center{|| display: flex;|| align-items: center;|| }||}||\u00bb border_radii=\u00bbon|12px|12px|12px|12px\u00bb global_colors_info=\u00bb{}\u00bb theme_builder_area=\u00bbpost_content\u00bb sticky_enabled=\u00bb0&#8243;][et_pb_column type=\u00bb4_4&#8243; _builder_version=\u00bb4.27.4&#8243; _module_preset=\u00bbdefault\u00bb global_colors_info=\u00bb{}\u00bb theme_builder_area=\u00bbpost_content\u00bb][dnxte_multi_heading text_two=\u00bbST. JOSEPH SEMINARY\u00bb heading_tag=\u00bbh2&#8243; display_type_select=\u00bbon\u00bb text_one_margin=\u00bb0px||0px||false|false\u00bb text_one_padding=\u00bb0px||12px||false|false\u00bb text_two_margin=\u00bb0px||0px||true|false\u00bb text_two_padding=\u00bb0px||0px||false|false\u00bb text_three_margin=\u00bb0px||0px||true|false\u00bb text_three_padding=\u00bb0px||0px||true|false\u00bb text_one_padding_tablet=\u00bb||10px||false|false\u00bb text_one_padding_phone=\u00bb0px||8px||false|false\u00bb text_one_padding_last_edited=\u00bbon|tablet\u00bb text_two_padding_tablet=\u00bb||15px||false|false\u00bb text_two_padding_phone=\u00bb||10px||false|false\u00bb text_two_padding_last_edited=\u00bboff|desktop\u00bb _builder_version=\u00bb4.27.5&#8243; _module_preset=\u00bbdefault\u00bb text_one_font=\u00bbRokkitt|500||on|||||\u00bb text_one_text_color=\u00bb#469a11&#8243; text_one_font_size=\u00bb16px\u00bb text_one_letter_spacing=\u00bb2px\u00bb text_one_line_height=\u00bb1.2em\u00bb text_two_font=\u00bbRokkitt|600|||||||\u00bb text_two_text_color=\u00bb#012A6B\u00bb text_two_font_size=\u00bb28px\u00bb text_two_line_height=\u00bb1.3em\u00bb custom_margin=\u00bb0px||0px||false|false\u00bb custom_padding=\u00bb0px||0px||false|false\u00bb hover_enabled=\u00bb0&#8243; text_one_font_size_tablet=\u00bb14px\u00bb text_one_font_size_phone=\u00bb12px\u00bb text_one_font_size_last_edited=\u00bbon|tablet\u00bb text_two_font_size_tablet=\u00bb30px\u00bb text_two_font_size_phone=\u00bb28px\u00bb text_two_font_size_last_edited=\u00bboff|desktop\u00bb text_two_line_height_tablet=\u00bb1.3em\u00bb text_two_line_height_phone=\u00bb1.2em\u00bb text_two_line_height_last_edited=\u00bbon|phone\u00bb locked=\u00bboff\u00bb global_colors_info=\u00bb{}\u00bb theme_builder_area=\u00bbpost_content\u00bb sticky_enabled=\u00bb0&#8243;][\/dnxte_multi_heading][et_pb_image src=\u00bbhttps:\/\/et-mg.com\/wp-content\/uploads\/2025\/12\/Seminary-photo.jpg\u00bb title_text=\u00bbSeminario-foto\u00bb _builder_version=\u00bb4.27.4&#8243; _module_preset=\u00bbdefault\u00bb global_colors_info=\u00bb{}\u00bb theme_builder_area=\u00bbpost_content\u00bb][\/et_pb_image][et_pb_text _builder_version=\u00bb4.27.4&#8243; _module_preset=\u00bbdefault\u00bb text_font=\u00bbVerdana||||||||\u00bb text_text_color=\u00bb#000000&#8243; text_font_size=\u00bb16px\u00bb text_line_height=\u00bb1.8em\u00bb link_text_color=\u00bb#012a6b\u00bb header_4_font_size=\u00bb20px\u00bb custom_margin=\u00bb-11px||||false|false\u00bb custom_margin_tablet=\u00bb||30px||false|false\u00bb custom_margin_phone=\u00bb||20px||false|false\u00bb custom_margin_last_edited=\u00bboff|desktop\u00bb custom_padding=\u00bb0px||0px||true|false\u00bb text_font_size_tablet=\u00bb16px\u00bb text_font_size_phone=\u00bb14px\u00bb text_font_size_last_edited=\u00bboff|desktop\u00bb locked=\u00bboff\u00bb global_colors_info=\u00bb{}\u00bb theme_builder_area=\u00bbpost_content\u00bb]<\/p>\n<p><strong>1200 Varnum Street, NE<\/strong><br \/><strong>Washington, D.C. 20017-2740<\/strong><\/p>\n<p><strong>Principal: 202-526-4231<\/strong><br \/><strong>Fax: 202-526-7811<\/strong><\/p>\n<p>El Seminario de San Jos\u00e9 est\u00e1 ubicado en la secci\u00f3n noreste de la capital de nuestra naci\u00f3n, a pocas cuadras del campus de la Universidad Cat\u00f3lica de Am\u00e9rica (CUA) y de la Bas\u00edlica del Santuario Nacional de la Inmaculada Concepci\u00f3n.<\/p>\n<p>El prop\u00f3sito principal del seminario es la formaci\u00f3n de hombres para el servicio a la Iglesia, como sacerdotes o hermanos josefitas. Incluye la formaci\u00f3n pre-noviciado, la formaci\u00f3n de la Hermandad Josefita y la formaci\u00f3n de seminaristas para aquellos en el programa de Filosof\u00eda o Teolog\u00eda para el sacerdocio.<\/p>\n<p>Este edificio tambi\u00e9n sirve como sede del Centro Pastoral Josefita, los Archivos Josefitas y la Oficina de Vocaciones Josefitas.<\/p>\n<p>Adem\u00e1s, peque\u00f1os grupos visitantes pueden utilizar esta instalaci\u00f3n para reuniones de un d\u00eda. P\u00f3ngase en contacto con el Maestro de Hu\u00e9spedes del Seminario para conocer la estructura de tarifas y la disponibilidad de fechas.<\/p>\n<p><strong>Nuestro personal<\/strong><\/p>\n<p>Reverendo Leo Udeagu, SSJ \u2013 Rector y Director de Formaci\u00f3n Espiritual<\/p>\n<p>Reverendo Richard Wagner, SSJ \u2013 Director Espiritual<\/p>\n<p>Reverendo Cornelius K. Ejiogu, SSJ \u2013 Decano Acad\u00e9mico<\/p>\n<h4><strong>HISTORIA DEL SEMINARIO DE SAN JOS\u00c9<\/strong><\/h4>\n<p><strong>MILL HILL (Londres 1871)<\/strong><br \/>La Sociedad Inglesa de San Jos\u00e9 para la Misi\u00f3n Extranjera fue fundada por el Padre Herbert Vaughan. Este fue el primer grupo de misi\u00f3n extranjera de habla inglesa en el mundo. Los primeros sacerdotes del Padre Vaughan fueron ordenados en 1870 y fueron enviados a Baltimore en 1871 a petici\u00f3n del Papa P\u00edo IX para trabajar entre los afroamericanos. Ese fue el a\u00f1o en que se erigi\u00f3 un edificio permanente para el seminario en una propiedad ya pose\u00edda en la secci\u00f3n de Mill Hill en Londres. El seminario se llamaba \u00abSt. Joseph College\u00bb. El Colegio, de 147 a\u00f1os de antig\u00fcedad, se vendi\u00f3 en 2016 y sus seminaristas ahora se forman en varias de las ubicaciones de la Sociedad.<\/p>\n<p><strong>SEMINARIO DE SAN JOS\u00c9 (Baltimore 1888)<\/strong><br \/>Diecisiete a\u00f1os despu\u00e9s, se consider\u00f3 que se necesitaba un seminario adicional en Estados Unidos. Con un costo de $34.000, el peque\u00f1o Hotel Western Maryland, vac\u00edo, adyacente al Seminario de St. Mary en Baltimore, servir\u00eda como un sitio temporal. Fue nombrado Seminario de San Jos\u00e9 y dedicado por el Cardenal James Gibbons el 9 de septiembre de 1888.<\/p>\n<p><strong>SEMINARIO DE SAN JOS\u00c9 (Baltimore 1893)<\/strong><br \/>Con un aumento de miembros y misiones en Estados Unidos, era hora de considerar una comunidad estadounidense independiente. La Sociedad matriz en Londres estaba ampliando su campo de misi\u00f3n y exist\u00eda el temor de descuidar el compromiso de servir a los afroamericanos y el problema de la comunicaci\u00f3n era evidente.<\/p>\n<p>Se sancion\u00f3 una divisi\u00f3n permanente con cinco miembros que acordaron formar la nueva Sociedad Americana de San Jos\u00e9 del Sagrado Coraz\u00f3n. Otros regresaron a Londres o se unieron a di\u00f3cesis estadounidenses. El Padre John Slattery fue el primer Superior Josefita y sirvi\u00f3 como rector del seminario. La estatua de San Jos\u00e9 en el nicho exterior del cuarto piso ahora se encuentra en el corredor principal del seminario actual en Washington, D.C.<\/p>\n<p>La nueva sede de la Sociedad estaba en el reci\u00e9n construido Seminario de San Jos\u00e9, tambi\u00e9n adyacente al Seminario de St. Mary, donde los estudiantes asist\u00edan a clase. El nuevo seminario fue dedicado en octubre de 1893.<\/p>\n<p>El edificio de 129 a\u00f1os de antig\u00fcedad todav\u00eda se mantiene como un centro para personas mayores propiedad de la ciudad, nombrado en honor al Padre Josefita Charles Uncles, el primer sacerdote afroamericano capacitado y ordenado en los Estados Unidos (1891).<\/p>\n<p><strong>SEMINARIO DE SAN JOS\u00c9 (Washington 1930)<\/strong><\/p>\n<p>A finales de la d\u00e9cada de 1920, el Seminario de St. Mary plane\u00f3 mudarse de su ubicaci\u00f3n en el centro de Baltimore, junto al Seminario de San Jos\u00e9. Entonces, los Josefitas decidieron construir en una nueva ubicaci\u00f3n en medio de varias comunidades religiosas que se agrupaban alrededor de la Universidad Cat\u00f3lica en Washington, D.C., y su escuela de teolog\u00eda. Un imponente edificio de estilo georgiano, dise\u00f1ado por los arquitectos de Boston, McGinnis y Walsh (arquitectos del cercano Santuario Nacional de la Inmaculada Concepci\u00f3n), se complet\u00f3 en 1930 y fue dedicado el 12 de noviembre de 1930 por el Cardenal William O&#8217;Connell de Boston.<\/p>\n<p>Inicialmente, los estudiantes asistieron a la Universidad Cat\u00f3lica, pero en 1934, el seminario form\u00f3 su propia facultad Josefita hasta 1968, cuando el seminario se combin\u00f3 con los Oblatos de Mar\u00eda Inmaculada. Desde entonces, los seminaristas josefitas han estudiado bajo una uni\u00f3n combinada de varias comunidades religiosas, con los Dominicos, el Instituto del Verbo Divino, la Universidad Cat\u00f3lica y la Universidad de Howard.<\/p>\n<p>En 1959, el seminario vio la finalizaci\u00f3n del ala oeste, a\u00f1adiendo la hermosa capilla y una nueva biblioteca y auditorio. Fue dedicado por el Cardenal Patrick O&#8217;Boyle de Washington en mayo de 1959. El Padre Edward Casserly fue el rector.<\/p>\n<p>Desde 1930, el Seminario de San Jos\u00e9 en Washington ha acogido la ordenaci\u00f3n de cientos de sacerdotes, incluyendo tres obispos.<\/p>\n<p>[\/et_pb_text][\/et_pb_column][\/et_pb_row][\/et_pb_section]<\/p>\n","protected":false},"excerpt":{"rendered":"<div class=\"et_pb_module dnxte_multi_heading dnxte_multi_heading_0\">\n\t\t\t\t\n\t\t\t\t\n\t\t\t\t\n\t\t\t\t\n\t\t\t\t\n\t\t\t\t\n\t\t\t\t<div class=\"et_pb_module_inner\">\n\t\t\t\t\t<div class=\"wrapper\"><\u00bbh2&#8243; class='header-level '><span class=\"dnxt-text-two \"><span class=\"dnxt-gradient-text-color-2\">\u00bbST.<\/span><\/span><\/\u00bbh2&#8243;><\/div>\n\t\t\t\t<\/div>\n\t\t\t<\/div>\n","protected":false},"author":1,"featured_media":0,"parent":0,"menu_order":0,"comment_status":"closed","ping_status":"closed","template":"","meta":{"_acf_changed":false,"give_campaign_id":0,"_et_pb_use_builder":"on","_et_pb_old_content":"","_et_gb_content_width":"","pmpro_default_level":"","_exactmetrics_skip_tracking":false,"_exactmetrics_sitenote_active":false,"_exactmetrics_sitenote_note":"","_exactmetrics_sitenote_category":0,"footnotes":""},"dipi_cpt_category":[],"difl_page_category":[],"class_list":["post-987612035","page","type-page","status-publish","hentry","pmpro-has-access"],"acf":[],"campaignId":"","_links":{"self":[{"href":"https:\/\/final.et-mg.com\/es\/wp-json\/wp\/v2\/pages\/987612035","targetHints":{"allow":["GET"]}}],"collection":[{"href":"https:\/\/final.et-mg.com\/es\/wp-json\/wp\/v2\/pages"}],"about":[{"href":"https:\/\/final.et-mg.com\/es\/wp-json\/wp\/v2\/types\/page"}],"author":[{"embeddable":true,"href":"https:\/\/final.et-mg.com\/es\/wp-json\/wp\/v2\/users\/1"}],"replies":[{"embeddable":true,"href":"https:\/\/final.et-mg.com\/es\/wp-json\/wp\/v2\/comments?post=987612035"}],"version-history":[{"count":0,"href":"https:\/\/final.et-mg.com\/es\/wp-json\/wp\/v2\/pages\/987612035\/revisions"}],"wp:attachment":[{"href":"https:\/\/final.et-mg.com\/es\/wp-json\/wp\/v2\/media?parent=987612035"}],"wp:term":[{"taxonomy":"dipi_cpt_category","embeddable":true,"href":"https:\/\/final.et-mg.com\/es\/wp-json\/wp\/v2\/dipi_cpt_category?post=987612035"},{"taxonomy":"difl_page_category","embeddable":true,"href":"https:\/\/final.et-mg.com\/es\/wp-json\/wp\/v2\/difl_page_category?post=987612035"}],"curies":[{"name":"wp","href":"https:\/\/api.w.org\/{rel}","templated":true}]}}