{"id":987612050,"date":"2025-12-30T14:26:55","date_gmt":"2025-12-30T14:26:55","guid":{"rendered":"https:\/\/final.et-mg.com\/inscripcion-perpetua\/"},"modified":"2026-01-14T20:31:52","modified_gmt":"2026-01-14T20:31:52","slug":"inscripcion-perpetua","status":"publish","type":"page","link":"https:\/\/final.et-mg.com\/es\/inscripcion-perpetua\/","title":{"rendered":"Inscripci\u00f3n Perpetua"},"content":{"rendered":"<p>[et_pb_section fb_built=\u00bb1&#8243; admin_label=\u00bbsection\u00bb _builder_version=\u00bb4.16&#8243; global_colors_info=\u00bb{}\u00bb][et_pb_row admin_label=\u00bbfila\u00bb _builder_version=\u00bb4.16&#8243; background_size=\u00bbinitial\u00bb background_position=\u00bbtop_left\u00bb background_repeat=\u00bbrepeat\u00bb global_colors_info=\u00bb{}\u00bb][et_pb_column type=\u00bb4_4&#8243; _builder_version=\u00bb4.16&#8243; custom_padding=\u00bb|||\u00bb global_colors_info=\u00bb{}\u00bb custom_padding__hover=\u00bb|||\u00bb][et_pb_text admin_label=\u00bbText\u00bb _builder_version=\u00bb4.27.5&#8243; background_size=\u00bbinitial\u00bb background_position=\u00bbtop_left\u00bb background_repeat=\u00bbrepeat\u00bb hover_enabled=\u00bb0&#8243; global_colors_info=\u00bb{}\u00bb _dynamic_attributes=\u00bbcontent\u00bb _module_preset=\u00bbf948cc9a-6cf1-423f-888b-8f4e4ea4d2af\u00bb sticky_enabled=\u00bb0&#8243;]@ET-DC@eyJkeW5hbWljIjp0cnVlLCJjb250ZW50IjoicG9zdF90aXRsZSIsInNldHRpbmdzIjp7ImJlZm9yZSI6IiIsImFmdGVyIjoiIiwiZW5hYmxlX2h0bWwiOiJvZmYifX0=@[\/et_pb_text][\/et_pb_column][\/et_pb_row][et_pb_row _builder_version=\u00bb4.27.4&#8243; _module_preset=\u00bbdefault\u00bb global_colors_info=\u00bb{}\u00bb theme_builder_area=\u00bbpost_content\u00bb][et_pb_column type=\u00bb4_4&#8243; _builder_version=\u00bb4.27.4&#8243; _module_preset=\u00bbdefault\u00bb global_colors_info=\u00bb{}\u00bb theme_builder_area=\u00bbpost_content\u00bb][et_pb_text _builder_version=\u00bb4.27.4&#8243; _module_preset=\u00bbdefault\u00bb text_font=\u00bbVerdana||||||||\u00bb text_text_color=\u00bb#000000&#8243; text_font_size=\u00bb16px\u00bb text_line_height=\u00bb1.8em\u00bb locked=\u00bboff\u00bb global_colors_info=\u00bb{}\u00bb theme_builder_area=\u00bbpost_content\u00bb]<\/p>\n<p><a href=\"https:\/\/et-mg.com\/wp-content\/uploads\/2025\/12\/Seal-Circle.jpg\"><img loading=\"lazy\" decoding=\"async\" src=\"https:\/\/et-mg.com\/wp-content\/uploads\/2025\/12\/Seal-Circle.jpg\" width=\"323\" height=\"323\" alt=\"\" class=\"wp-image-987610044 alignnone size-full\"><\/a><\/p>\n<p>Una Membres\u00eda Perpetua en la Familia Josefita es la forma perfecta de demostrar que le importa un familiar o amigo, vivo o fallecido.<\/p>\n<p>Una persona inscrita como Miembro Perpetuo en la Familia Josefita participa en todas las misas, oraciones y buenas obras de los sacerdotes, hermanos, seminaristas y novicios josefitas mientras exista la Sociedad Josefita. Las personas vivas inscritas no necesitan ser inscritas de nuevo despu\u00e9s de su fallecimiento.<\/p>\n<p>Todas las ofrendas de las Membres\u00edas Perpetuas en la Familia Josefita se utilizan para la educaci\u00f3n y formaci\u00f3n de futuros sacerdotes y hermanos josefitas.<\/p>\n<p>La ofrenda por una inscripci\u00f3n individual es de 10 $. Las familias y otros grupos tambi\u00e9n pueden ser inscritos, por una ofrenda de 50 $.<\/p>\n<p>Se enviar\u00e1 un atractivo certificado de inscripci\u00f3n previa solicitud. El certificado es un bonito regalo como recordatorio de su amor y generosidad.<\/p>\n<p>Para inscribirse en l\u00ednea, haga clic aqu\u00ed:<a href=\"https:\/\/josephites.weshareonline.org\/ws\/opportunities\/PerpetualEnrollment\" target=\"_blank\" rel=\"noopener noreferrer\"><span> <\/span>https:\/\/josephites.weshareonline.org\/ws\/opportunities\/PerpetualEnrollment<\/a><\/p>\n<p>Para m\u00e1s informaci\u00f3n:<\/p>\n<p>Correo electr\u00f3nico:<span> <\/span><a href=\"mailto:missionoffice@josephite.com\" target=\"_blank\" rel=\"noopener noreferrer\">missionoffice@josephite.com<\/a><\/p>\n<p>Llame al: 1-844-249-5730<\/p>\n<p>Escriba a: The Josephite Mission Office<br \/>1200 Varnum Street, NE<br \/>Washington, DC 20017<\/p>\n<p>[\/et_pb_text][\/et_pb_column][\/et_pb_row][\/et_pb_section]<\/p>\n","protected":false},"excerpt":{"rendered":"<p>Una Membres\u00eda Perpetua en la Familia Josefita es la forma perfecta de demostrar que le importa un familiar o amigo, vivo o fallecido. Una persona inscrita como Miembro Perpetuo en [&hellip;]<\/p>\n","protected":false},"author":1,"featured_media":0,"parent":0,"menu_order":0,"comment_status":"closed","ping_status":"closed","template":"","meta":{"_acf_changed":false,"give_campaign_id":0,"_et_pb_use_builder":"on","_et_pb_old_content":"","_et_gb_content_width":"","pmpro_default_level":"","_exactmetrics_skip_tracking":false,"_exactmetrics_sitenote_active":false,"_exactmetrics_sitenote_note":"","_exactmetrics_sitenote_category":0,"footnotes":""},"dipi_cpt_category":[],"difl_page_category":[],"class_list":["post-987612050","page","type-page","status-publish","hentry","pmpro-has-access"],"acf":[],"campaignId":"","_links":{"self":[{"href":"https:\/\/final.et-mg.com\/es\/wp-json\/wp\/v2\/pages\/987612050","targetHints":{"allow":["GET"]}}],"collection":[{"href":"https:\/\/final.et-mg.com\/es\/wp-json\/wp\/v2\/pages"}],"about":[{"href":"https:\/\/final.et-mg.com\/es\/wp-json\/wp\/v2\/types\/page"}],"author":[{"embeddable":true,"href":"https:\/\/final.et-mg.com\/es\/wp-json\/wp\/v2\/users\/1"}],"replies":[{"embeddable":true,"href":"https:\/\/final.et-mg.com\/es\/wp-json\/wp\/v2\/comments?post=987612050"}],"version-history":[{"count":0,"href":"https:\/\/final.et-mg.com\/es\/wp-json\/wp\/v2\/pages\/987612050\/revisions"}],"wp:attachment":[{"href":"https:\/\/final.et-mg.com\/es\/wp-json\/wp\/v2\/media?parent=987612050"}],"wp:term":[{"taxonomy":"dipi_cpt_category","embeddable":true,"href":"https:\/\/final.et-mg.com\/es\/wp-json\/wp\/v2\/dipi_cpt_category?post=987612050"},{"taxonomy":"difl_page_category","embeddable":true,"href":"https:\/\/final.et-mg.com\/es\/wp-json\/wp\/v2\/difl_page_category?post=987612050"}],"curies":[{"name":"wp","href":"https:\/\/api.w.org\/{rel}","templated":true}]}}