{"id":987612059,"date":"2025-12-30T15:29:21","date_gmt":"2025-12-30T15:29:21","guid":{"rendered":"https:\/\/final.et-mg.com\/directorio-de-departamentos\/"},"modified":"2026-01-14T20:34:18","modified_gmt":"2026-01-14T20:34:18","slug":"directorio-de-departamentos","status":"publish","type":"page","link":"https:\/\/final.et-mg.com\/es\/directorio-de-departamentos\/","title":{"rendered":"Directorio de departamentos"},"content":{"rendered":"<p>[et_pb_section fb_built=\u00bb1&#8243; admin_label=\u00bbsection\u00bb _builder_version=\u00bb4.16&#8243; global_colors_info=\u00bb{}\u00bb][et_pb_row admin_label=\u00bbfila\u00bb _builder_version=\u00bb4.16&#8243; background_size=\u00bbinitial\u00bb background_position=\u00bbtop_left\u00bb background_repeat=\u00bbrepeat\u00bb global_colors_info=\u00bb{}\u00bb][et_pb_column type=\u00bb4_4&#8243; _builder_version=\u00bb4.16&#8243; custom_padding=\u00bb|||\u00bb global_colors_info=\u00bb{}\u00bb custom_padding__hover=\u00bb|||\u00bb][et_pb_text admin_label=\u00bbText\u00bb _builder_version=\u00bb4.27.5&#8243; background_size=\u00bbinitial\u00bb background_position=\u00bbtop_left\u00bb background_repeat=\u00bbrepeat\u00bb hover_enabled=\u00bb0&#8243; global_colors_info=\u00bb{}\u00bb _dynamic_attributes=\u00bbcontent\u00bb _module_preset=\u00bbf948cc9a-6cf1-423f-888b-8f4e4ea4d2af\u00bb sticky_enabled=\u00bb0&#8243;]@ET-DC@eyJkeW5hbWljIjp0cnVlLCJjb250ZW50IjoicG9zdF90aXRsZSIsInNldHRpbmdzIjp7ImJlZm9yZSI6IiIsImFmdGVyIjoiIiwiZW5hYmxlX2h0bWwiOiJvZmYifX0=@[\/et_pb_text][\/et_pb_column][\/et_pb_row][et_pb_row use_custom_gutter=\u00bbon\u00bb make_equal=\u00bbon\u00bb custom_padding_last_edited=\u00bbon|phone\u00bb _builder_version=\u00bb4.27.5&#8243; background_color=\u00bb#f6f6f6&#8243; width=\u00bb100%\u00bb max_width=\u00bb1210px\u00bb custom_margin=\u00bb20px||0px||false|false\u00bb custom_padding=\u00bb30px|50px|30px|50px|true|true\u00bb custom_padding_tablet=\u00bb20px|30px|20px|30px|true|true\u00bb custom_padding_phone=\u00bb20px|20px|20px|20px|true|true\u00bb hover_enabled=\u00bb0&#8243; custom_css_free_form=\u00bb@media only screen and (min-width: 981px) {|| .vertical_center{|| display: flex;|| align-items: center;|| }||}||\u00bb border_radii=\u00bbon|12px|12px|12px|12px\u00bb global_colors_info=\u00bb{}\u00bb theme_builder_area=\u00bbpost_content\u00bb sticky_enabled=\u00bb0&#8243;][et_pb_column type=\u00bb4_4&#8243; _builder_version=\u00bb4.27.4&#8243; _module_preset=\u00bbdefault\u00bb global_colors_info=\u00bb{}\u00bb theme_builder_area=\u00bbpost_content\u00bb][et_pb_accordion open_toggle_text_color=\u00bb#012a6b\u00bb open_toggle_background_color=\u00bb#FFFFFF\u00bb closed_toggle_text_color=\u00bb#012a6b\u00bb closed_toggle_background_color=\u00bb#FFFFFF\u00bb toggle_icon=\u00bb&#x32;||divi||400&#8243; icon_color=\u00bb#012a6b\u00bb use_icon_font_size=\u00bbon\u00bb icon_font_size=\u00bb18px\u00bb _builder_version=\u00bb4.27.4&#8243; _module_preset=\u00bbdefault\u00bb toggle_text_color=\u00bb#012a6b\u00bb toggle_font=\u00bbRokkitt|600|||||||\u00bb toggle_font_size=\u00bb26px\u00bb body_font=\u00bbVerdana||||||||\u00bb body_text_color=\u00bb#000000&#8243; body_font_size=\u00bb16px\u00bb border_radii=\u00bbon|10px|10px|10px|10px\u00bb global_colors_info=\u00bb{}\u00bb theme_builder_area=\u00bbpost_content\u00bb][et_pb_accordion_item title=\u00bbLos josefitas (Oficina General)\u00bb _builder_version=\u00bb4.27.4&#8243; _module_preset=\u00bbdefault\u00bb global_colors_info=\u00bb{}\u00bb theme_builder_area=\u00bbpost_content\u00bb open=\u00bbon\u00bb]<\/p>\n<p>Apartado de correos 65010<br \/>Baltimore, MD 21209<br \/>Tel\u00e9fono: 410-727-3386<br \/>Fax: 410-727-1006<br \/>Correo electr\u00f3nico: communications@josephite.com<\/p>\n<p>[\/et_pb_accordion_item][et_pb_accordion_item title=\u00bbTesorero \/ Finanzas\u00bb _builder_version=\u00bb4.27.4&#8243; _module_preset=\u00bbdefault\u00bb global_colors_info=\u00bb{}\u00bb theme_builder_area=\u00bbpost_content\u00bb open=\u00bboff\u00bb]Apartado de correos 65010<br \/>\nBaltimore, MD 21209<br \/>\nTel\u00e9fono: 410-727-3386[\/et_pb_accordion_item][et_pb_accordion_item title=\u00bbOficina de Vocaciones\u00bb open=\u00bboff\u00bb _builder_version=\u00bb4.27.4&#8243; _module_preset=\u00bbdefault\u00bb global_colors_info=\u00bb{}\u00bb theme_builder_area=\u00bbpost_content\u00bb]<\/p>\n<p>Correo electr\u00f3nico: vocations@josephite.com<br \/>Tel\u00e9fono: 202-832-9100<br \/>Direcci\u00f3n postal:<br \/>Apartado de correos 65010<br \/>Baltimore, MD 21209<\/p>\n<p>[\/et_pb_accordion_item][et_pb_accordion_item title=\u00bbOficina de Misiones\u00bb open=\u00bboff\u00bb _builder_version=\u00bb4.27.4&#8243; _module_preset=\u00bbdefault\u00bb global_colors_info=\u00bb{}\u00bb theme_builder_area=\u00bbpost_content\u00bb]<\/p>\n<p>1200 Varnum Street, NE<br \/>Washington, DC 20017<br \/>L\u00ednea gratuita: 844-249-5730<br \/>Local: 443-708-4273<br \/>L\u00ednea de oraci\u00f3n: 443-708-4673<br \/>Correo electr\u00f3nico: missionoffice@josephite.com<\/p>\n<p>[\/et_pb_accordion_item][et_pb_accordion_item title=\u00bbArchivos\u00bb open=\u00bboff\u00bb _builder_version=\u00bb4.27.4&#8243; _module_preset=\u00bbdefault\u00bb global_colors_info=\u00bb{}\u00bb theme_builder_area=\u00bbpost_content\u00bb]<\/p>\n<p>1200 Varnum Street, NE<br \/>Washington, DC 20017<br \/>Tel\u00e9fono: 202-851-4149<br \/>Fax: 202-851-4153<br \/>Correo electr\u00f3nico: archives@josephite.com<\/p>\n<p>[\/et_pb_accordion_item][et_pb_accordion_item title=\u00bbDirector de Comunicaciones\u00bb open=\u00bboff\u00bb _builder_version=\u00bb4.27.4&#8243; _module_preset=\u00bbdefault\u00bb global_colors_info=\u00bb{}\u00bb theme_builder_area=\u00bbpost_content\u00bb]<\/p>\n<p>1200 Varnum Street, NE<br \/>Washington, DC 20017<br \/>Correo electr\u00f3nico: communications@josephite.com<\/p>\n<p>[\/et_pb_accordion_item][et_pb_accordion_item title=\u00bbLa revista Harvest (Josephite Harvest)\u00bb open=\u00bboff\u00bb _builder_version=\u00bb4.27.4&#8243; _module_preset=\u00bbdefault\u00bb global_colors_info=\u00bb{}\u00bb theme_builder_area=\u00bbpost_content\u00bb]<\/p>\n<p>1200 Varnum Street, NE<br \/>Washington, DC 20017<br \/>Tel\u00e9fono: 410-740-5009<br \/>Fax: 410-740-5888<br \/>Correo electr\u00f3nico: harvest@josephite.com<\/p>\n<p>[\/et_pb_accordion_item][et_pb_accordion_item title=\u00bbServicios Web\u00bb open=\u00bboff\u00bb _builder_version=\u00bb4.27.4&#8243; _module_preset=\u00bbdefault\u00bb global_colors_info=\u00bb{}\u00bb theme_builder_area=\u00bbpost_content\u00bb]<\/p>\n<p>Correo electr\u00f3nico: webteam@josephite.com<\/p>\n<p>[\/et_pb_accordion_item][\/et_pb_accordion][\/et_pb_column][\/et_pb_row][\/et_pb_section]<\/p>\n","protected":false},"excerpt":{"rendered":"<p>Apartado de correos 65010Baltimore, MD 21209Tel\u00e9fono: 410-727-3386Fax: 410-727-1006Correo electr\u00f3nico: communications@josephite.comApartado de correos 65010 Baltimore, MD 21209 Tel\u00e9fono: 410-727-3386Correo electr\u00f3nico: vocations@josephite.comTel\u00e9fono: 202-832-9100Direcci\u00f3n postal:Apartado de correos 65010Baltimore, MD 212091200 Varnum Street, NEWashington, [&hellip;]<\/p>\n","protected":false},"author":1,"featured_media":0,"parent":0,"menu_order":0,"comment_status":"closed","ping_status":"closed","template":"","meta":{"_acf_changed":false,"give_campaign_id":0,"_et_pb_use_builder":"on","_et_pb_old_content":"","_et_gb_content_width":"","pmpro_default_level":"","_exactmetrics_skip_tracking":false,"_exactmetrics_sitenote_active":false,"_exactmetrics_sitenote_note":"","_exactmetrics_sitenote_category":0,"footnotes":""},"dipi_cpt_category":[],"difl_page_category":[],"class_list":["post-987612059","page","type-page","status-publish","hentry","pmpro-has-access"],"acf":[],"campaignId":"","_links":{"self":[{"href":"https:\/\/final.et-mg.com\/es\/wp-json\/wp\/v2\/pages\/987612059","targetHints":{"allow":["GET"]}}],"collection":[{"href":"https:\/\/final.et-mg.com\/es\/wp-json\/wp\/v2\/pages"}],"about":[{"href":"https:\/\/final.et-mg.com\/es\/wp-json\/wp\/v2\/types\/page"}],"author":[{"embeddable":true,"href":"https:\/\/final.et-mg.com\/es\/wp-json\/wp\/v2\/users\/1"}],"replies":[{"embeddable":true,"href":"https:\/\/final.et-mg.com\/es\/wp-json\/wp\/v2\/comments?post=987612059"}],"version-history":[{"count":0,"href":"https:\/\/final.et-mg.com\/es\/wp-json\/wp\/v2\/pages\/987612059\/revisions"}],"wp:attachment":[{"href":"https:\/\/final.et-mg.com\/es\/wp-json\/wp\/v2\/media?parent=987612059"}],"wp:term":[{"taxonomy":"dipi_cpt_category","embeddable":true,"href":"https:\/\/final.et-mg.com\/es\/wp-json\/wp\/v2\/dipi_cpt_category?post=987612059"},{"taxonomy":"difl_page_category","embeddable":true,"href":"https:\/\/final.et-mg.com\/es\/wp-json\/wp\/v2\/difl_page_category?post=987612059"}],"curies":[{"name":"wp","href":"https:\/\/api.w.org\/{rel}","templated":true}]}}