{"id":987612062,"date":"2025-12-30T15:39:49","date_gmt":"2025-12-30T15:39:49","guid":{"rendered":"https:\/\/final.et-mg.com\/denunciar-abuso\/"},"modified":"2026-01-14T20:35:15","modified_gmt":"2026-01-14T20:35:15","slug":"denunciar-abuso","status":"publish","type":"page","link":"https:\/\/final.et-mg.com\/es\/denunciar-abuso\/","title":{"rendered":"Denunciar abuso"},"content":{"rendered":"<p>[et_pb_section fb_built=\u00bb1&#8243; admin_label=\u00bbsection\u00bb _builder_version=\u00bb4.16&#8243; global_colors_info=\u00bb{}\u00bb][et_pb_row admin_label=\u00bbfila\u00bb _builder_version=\u00bb4.16&#8243; background_size=\u00bbinitial\u00bb background_position=\u00bbtop_left\u00bb background_repeat=\u00bbrepeat\u00bb global_colors_info=\u00bb{}\u00bb][et_pb_column type=\u00bb4_4&#8243; _builder_version=\u00bb4.16&#8243; custom_padding=\u00bb|||\u00bb global_colors_info=\u00bb{}\u00bb custom_padding__hover=\u00bb|||\u00bb][et_pb_text admin_label=\u00bbText\u00bb _builder_version=\u00bb4.27.5&#8243; background_size=\u00bbinitial\u00bb background_position=\u00bbtop_left\u00bb background_repeat=\u00bbrepeat\u00bb hover_enabled=\u00bb0&#8243; global_colors_info=\u00bb{}\u00bb _module_preset=\u00bbf948cc9a-6cf1-423f-888b-8f4e4ea4d2af\u00bb sticky_enabled=\u00bb0&#8243;]Denuncie el abuso y obtenga ayuda[\/et_pb_text][\/et_pb_column][\/et_pb_row][et_pb_row use_custom_gutter=\u00bbon\u00bb make_equal=\u00bbon\u00bb custom_padding_last_edited=\u00bbon|phone\u00bb _builder_version=\u00bb4.27.4&#8243; background_color=\u00bb#f6f6f6&#8243; width=\u00bb100%\u00bb max_width=\u00bb1210px\u00bb custom_margin=\u00bb0px||0px||true|false\u00bb custom_padding=\u00bb30px|50px|30px|50px|true|true\u00bb custom_padding_tablet=\u00bb20px|30px|20px|30px|true|true\u00bb custom_padding_phone=\u00bb20px|20px|20px|20px|true|true\u00bb custom_css_free_form=\u00bb@media only screen and (min-width: 981px) {|| .vertical_center{|| display: flex;|| align-items: center;|| }||}||\u00bb border_radii=\u00bbon|12px|12px|12px|12px\u00bb global_colors_info=\u00bb{}\u00bb theme_builder_area=\u00bbpost_content\u00bb][et_pb_column type=\u00bb4_4&#8243; _builder_version=\u00bb4.27.4&#8243; _module_preset=\u00bbdefault\u00bb global_colors_info=\u00bb{}\u00bb theme_builder_area=\u00bbpost_content\u00bb][et_pb_accordion open_toggle_text_color=\u00bb#012a6b\u00bb open_toggle_background_color=\u00bb#FFFFFF\u00bb closed_toggle_text_color=\u00bb#012a6b\u00bb closed_toggle_background_color=\u00bb#FFFFFF\u00bb toggle_icon=\u00bb&#x32;||divi||400&#8243; icon_color=\u00bb#012a6b\u00bb use_icon_font_size=\u00bbon\u00bb icon_font_size=\u00bb18px\u00bb _builder_version=\u00bb4.27.4&#8243; _module_preset=\u00bbdefault\u00bb toggle_text_color=\u00bb#012a6b\u00bb toggle_font=\u00bbRokkitt|600|||||||\u00bb toggle_font_size=\u00bb26px\u00bb body_font=\u00bbVerdana||||||||\u00bb body_text_color=\u00bb#000000&#8243; body_font_size=\u00bb16px\u00bb border_radii=\u00bbon|10px|10px|10px|10px\u00bb global_colors_info=\u00bb{}\u00bb theme_builder_area=\u00bbpost_content\u00bb][et_pb_accordion_item title=\u00bbInforme de emergencia\u00bb open=\u00bbon\u00bb _builder_version=\u00bb4.27.4&#8243; _module_preset=\u00bbdefault\u00bb body_line_height=\u00bb2em\u00bb global_colors_info=\u00bb{}\u00bb theme_builder_area=\u00bbpost_content\u00bb]<\/p>\n<h4><strong>Personas que deseen denunciar un abuso:<\/strong><\/h4>\n<p>Si usted sufri\u00f3 un abuso, no fue su culpa. Si usted es v\u00edctima de abuso sexual por parte de un sacerdote, di\u00e1cono o persona que represente a la Iglesia Cat\u00f3lica, puede hacer varias cosas:<\/p>\n<ul>\n<li>Si cree que alguien est\u00e1 en peligro inminente o se trata de una situaci\u00f3n de abuso actual que involucra a un menor, llame al 911.<\/li>\n<li>P\u00f3ngase en contacto con la agencia policial correspondiente, que puede ayudarle a determinar las opciones para presentar una denuncia penal.<\/li>\n<li>P\u00f3ngase en contacto con una agencia local de protecci\u00f3n infantil, un abogado privado, un grupo de apoyo, una l\u00ednea directa de ayuda en casos de abuso o un profesional de la salud mental.<\/li>\n<li>P\u00f3ngase en contacto con el coordinador de asistencia a las v\u00edctimas de los Josefitas, que est\u00e1 a su disposici\u00f3n para ayudar a las v\u00edctimas\/supervivientes a presentar una denuncia formal de abuso ante la (arqui)di\u00f3cesis.\n<ul>\n<li>Si lo solicita y tanto la v\u00edctima superviviente como el coordinador de asistencia a las v\u00edctimas (VAC) lo consideran apropiado, el VAC puede concertar una reuni\u00f3n personal con el obispo o su representante.<\/li>\n<li>El VAC tambi\u00e9n est\u00e1 en condiciones de conectar a las v\u00edctimas con servicios de apoyo que aborden el impacto emocional, psicol\u00f3gico y\/o espiritual que el abuso ha tenido en una v\u00edctima y\/o en su familia.<\/li>\n<li>Puede ponerse en contacto con el VAC en el 410-727-3386, Sr. Ralph McCloud.<\/li>\n<\/ul>\n<\/li>\n<\/ul>\n<p>[\/et_pb_accordion_item][\/et_pb_accordion][\/et_pb_column][\/et_pb_row][\/et_pb_section]<\/p>\n","protected":false},"excerpt":{"rendered":"<p>Denuncie el abuso y obtenga ayudaPersonas que deseen denunciar un abuso: Si usted sufri\u00f3 un abuso, no fue su culpa. Si usted es v\u00edctima de abuso sexual por parte de [&hellip;]<\/p>\n","protected":false},"author":1,"featured_media":0,"parent":0,"menu_order":0,"comment_status":"closed","ping_status":"closed","template":"","meta":{"_acf_changed":false,"give_campaign_id":0,"_et_pb_use_builder":"on","_et_pb_old_content":"","_et_gb_content_width":"","pmpro_default_level":"","_exactmetrics_skip_tracking":false,"_exactmetrics_sitenote_active":false,"_exactmetrics_sitenote_note":"","_exactmetrics_sitenote_category":0,"footnotes":""},"dipi_cpt_category":[],"difl_page_category":[],"class_list":["post-987612062","page","type-page","status-publish","hentry","pmpro-has-access"],"acf":[],"campaignId":"","_links":{"self":[{"href":"https:\/\/final.et-mg.com\/es\/wp-json\/wp\/v2\/pages\/987612062","targetHints":{"allow":["GET"]}}],"collection":[{"href":"https:\/\/final.et-mg.com\/es\/wp-json\/wp\/v2\/pages"}],"about":[{"href":"https:\/\/final.et-mg.com\/es\/wp-json\/wp\/v2\/types\/page"}],"author":[{"embeddable":true,"href":"https:\/\/final.et-mg.com\/es\/wp-json\/wp\/v2\/users\/1"}],"replies":[{"embeddable":true,"href":"https:\/\/final.et-mg.com\/es\/wp-json\/wp\/v2\/comments?post=987612062"}],"version-history":[{"count":0,"href":"https:\/\/final.et-mg.com\/es\/wp-json\/wp\/v2\/pages\/987612062\/revisions"}],"wp:attachment":[{"href":"https:\/\/final.et-mg.com\/es\/wp-json\/wp\/v2\/media?parent=987612062"}],"wp:term":[{"taxonomy":"dipi_cpt_category","embeddable":true,"href":"https:\/\/final.et-mg.com\/es\/wp-json\/wp\/v2\/dipi_cpt_category?post=987612062"},{"taxonomy":"difl_page_category","embeddable":true,"href":"https:\/\/final.et-mg.com\/es\/wp-json\/wp\/v2\/difl_page_category?post=987612062"}],"curies":[{"name":"wp","href":"https:\/\/api.w.org\/{rel}","templated":true}]}}