{"id":987612065,"date":"2025-12-30T15:46:00","date_gmt":"2025-12-30T15:46:00","guid":{"rendered":"https:\/\/final.et-mg.com\/soporte-tecnico\/"},"modified":"2026-01-14T20:37:40","modified_gmt":"2026-01-14T20:37:40","slug":"soporte-tecnico","status":"publish","type":"page","link":"https:\/\/final.et-mg.com\/es\/soporte-tecnico\/","title":{"rendered":"Soporte t\u00e9cnico"},"content":{"rendered":"<p>[et_pb_section fb_built=\u00bb1&#8243; theme_builder_area=\u00bbpost_content\u00bb _builder_version=\u00bb4.27.5&#8243; _module_preset=\u00bbdefault\u00bb][et_pb_row _builder_version=\u00bb4.27.5&#8243; _module_preset=\u00bbdefault\u00bb theme_builder_area=\u00bbpost_content\u00bb][et_pb_column _builder_version=\u00bb4.27.5&#8243; _module_preset=\u00bbdefault\u00bb type=\u00bb4_4&#8243; theme_builder_area=\u00bbpost_content\u00bb][et_pb_text _builder_version=\u00bb4.27.5&#8243; _module_preset=\u00bbf948cc9a-6cf1-423f-888b-8f4e4ea4d2af\u00bb theme_builder_area=\u00bbpost_content\u00bb _dynamic_attributes=\u00bbcontent\u00bb hover_enabled=\u00bb0&#8243; sticky_enabled=\u00bb0&#8243;]@ET-DC@eyJkeW5hbWljIjp0cnVlLCJjb250ZW50IjoicG9zdF90aXRsZSIsInNldHRpbmdzIjp7ImJlZm9yZSI6IiIsImFmdGVyIjoiIiwiZW5hYmxlX2h0bWwiOiJvZmYifX0=@[\/et_pb_text][\/et_pb_column][\/et_pb_row][et_pb_row column_structure=\u00bb1_2,1_2&#8243; use_custom_gutter=\u00bbon\u00bb make_equal=\u00bbon\u00bb custom_padding_last_edited=\u00bbon|phone\u00bb _builder_version=\u00bb4.27.5&#8243; background_color=\u00bb#f6f6f6&#8243; width=\u00bb100%\u00bb max_width=\u00bb1210px\u00bb custom_margin=\u00bb20px||0px||false|false\u00bb custom_padding=\u00bb30px|50px|30px|50px|true|true\u00bb custom_padding_tablet=\u00bb20px|30px|20px|30px|true|true\u00bb custom_padding_phone=\u00bb20px|20px|20px|20px|true|true\u00bb hover_enabled=\u00bb0&#8243; custom_css_free_form=\u00bb@media only screen and (min-width: 981px) {|| .vertical_center{|| display: flex;|| align-items: center;|| }||}||\u00bb border_radii=\u00bbon|12px|12px|12px|12px\u00bb global_colors_info=\u00bb{}\u00bb theme_builder_area=\u00bbpost_content\u00bb sticky_enabled=\u00bb0&#8243;][et_pb_column type=\u00bb1_2&#8243; _builder_version=\u00bb4.27.4&#8243; _module_preset=\u00bbdefault\u00bb global_colors_info=\u00bb{}\u00bb theme_builder_area=\u00bbpost_content\u00bb][dnxte_multi_heading text_two=\u00bbWebsite &#038; Technical Support\u00bb heading_tag=\u00bbh2&#8243; display_type_select=\u00bbon\u00bb text_one_margin=\u00bb0px||0px||false|false\u00bb text_one_padding=\u00bb0px||12px||false|false\u00bb text_two_margin=\u00bb0px||0px||true|false\u00bb text_two_padding=\u00bb0px||0px||false|false\u00bb text_three_margin=\u00bb0px||0px||true|false\u00bb text_three_padding=\u00bb0px||0px||true|false\u00bb text_one_padding_tablet=\u00bb||10px||false|false\u00bb text_one_padding_phone=\u00bb0px||8px||false|false\u00bb text_one_padding_last_edited=\u00bbon|tablet\u00bb text_two_padding_tablet=\u00bb||15px||false|false\u00bb text_two_padding_phone=\u00bb||10px||false|false\u00bb text_two_padding_last_edited=\u00bboff|desktop\u00bb _builder_version=\u00bb4.27.5&#8243; _module_preset=\u00bbdefault\u00bb text_one_font=\u00bbRokkitt|500||on|||||\u00bb text_one_text_color=\u00bb#469a11&#8243; text_one_font_size=\u00bb16px\u00bb text_one_letter_spacing=\u00bb2px\u00bb text_one_line_height=\u00bb1.2em\u00bb text_two_font=\u00bbRokkitt|600|||||||\u00bb text_two_text_color=\u00bb#012A6B\u00bb text_two_font_size=\u00bb32px\u00bb text_two_line_height=\u00bb1.3em\u00bb custom_margin=\u00bb0px||0px||false|false\u00bb custom_padding=\u00bb0px||0px||false|false\u00bb hover_enabled=\u00bb0&#8243; text_one_font_size_tablet=\u00bb14px\u00bb text_one_font_size_phone=\u00bb12px\u00bb text_one_font_size_last_edited=\u00bbon|tablet\u00bb text_two_font_size_tablet=\u00bb30px\u00bb text_two_font_size_phone=\u00bb28px\u00bb text_two_font_size_last_edited=\u00bbon|phone\u00bb text_two_line_height_tablet=\u00bb1.3em\u00bb text_two_line_height_phone=\u00bb1.2em\u00bb text_two_line_height_last_edited=\u00bbon|phone\u00bb locked=\u00bboff\u00bb global_colors_info=\u00bb{}\u00bb theme_builder_area=\u00bbpost_content\u00bb sticky_enabled=\u00bb0&#8243;][\/dnxte_multi_heading][et_pb_text _builder_version=\u00bb4.27.4&#8243; _module_preset=\u00bbdefault\u00bb text_font=\u00bbVerdana||||||||\u00bb text_text_color=\u00bb#000000&#8243; text_font_size=\u00bb16px\u00bb text_line_height=\u00bb1.8em\u00bb custom_margin=\u00bb-11px||||false|false\u00bb custom_margin_tablet=\u00bb||30px||false|false\u00bb custom_margin_phone=\u00bb||20px||false|false\u00bb custom_margin_last_edited=\u00bboff|desktop\u00bb custom_padding=\u00bb0px||0px||true|false\u00bb text_font_size_tablet=\u00bb16px\u00bb text_font_size_phone=\u00bb14px\u00bb text_font_size_last_edited=\u00bboff|desktop\u00bb locked=\u00bboff\u00bb global_colors_info=\u00bb{}\u00bb theme_builder_area=\u00bbpost_content\u00bb]<\/p>\n<p>Si tiene problemas con los sitios web o las herramientas en l\u00ednea de los Josefitas, nuestro equipo web est\u00e1 aqu\u00ed para ayudarle. Utilice este formulario para informarnos de lo que est\u00e1 sucediendo para que podamos revisar el problema y responder lo m\u00e1s r\u00e1pido posible.<\/p>\n<p>[\/et_pb_text][dnxte_multi_heading text_two=\u00bbWhen to use this form\u00bb heading_tag=\u00bbh2&#8243; display_type_select=\u00bbon\u00bb text_one_margin=\u00bb0px||0px||false|false\u00bb text_one_padding=\u00bb0px||12px||false|false\u00bb text_two_margin=\u00bb0px||0px||true|false\u00bb text_two_padding=\u00bb0px||0px||false|false\u00bb text_three_margin=\u00bb0px||0px||true|false\u00bb text_three_padding=\u00bb0px||0px||true|false\u00bb text_one_padding_tablet=\u00bb||10px||false|false\u00bb text_one_padding_phone=\u00bb0px||8px||false|false\u00bb text_one_padding_last_edited=\u00bbon|tablet\u00bb text_two_padding_tablet=\u00bb||15px||false|false\u00bb text_two_padding_phone=\u00bb||10px||false|false\u00bb text_two_padding_last_edited=\u00bboff|desktop\u00bb _builder_version=\u00bb4.27.4&#8243; _module_preset=\u00bbdefault\u00bb text_one_font=\u00bbRokkitt|500||on|||||\u00bb text_one_text_color=\u00bb#469a11&#8243; text_one_font_size=\u00bb16px\u00bb text_one_letter_spacing=\u00bb2px\u00bb text_one_line_height=\u00bb1.2em\u00bb text_two_font=\u00bbRokkitt|600|||||||\u00bb text_two_text_color=\u00bb#012A6B\u00bb text_two_font_size=\u00bb28px\u00bb text_two_line_height=\u00bb1.3em\u00bb custom_margin=\u00bb0px||0px||false|false\u00bb custom_padding=\u00bb0px||0px||false|false\u00bb text_one_font_size_tablet=\u00bb14px\u00bb text_one_font_size_phone=\u00bb12px\u00bb text_one_font_size_last_edited=\u00bbon|tablet\u00bb text_two_font_size_tablet=\u00bb30px\u00bb text_two_font_size_phone=\u00bb28px\u00bb text_two_font_size_last_edited=\u00bbon|phone\u00bb text_two_line_height_tablet=\u00bb1.3em\u00bb text_two_line_height_phone=\u00bb1.2em\u00bb text_two_line_height_last_edited=\u00bbon|phone\u00bb locked=\u00bboff\u00bb global_colors_info=\u00bb{}\u00bb theme_builder_area=\u00bbpost_content\u00bb][\/dnxte_multi_heading][et_pb_text _builder_version=\u00bb4.27.4&#8243; _module_preset=\u00bbdefault\u00bb text_font=\u00bbVerdana||||||||\u00bb text_text_color=\u00bb#000000&#8243; text_font_size=\u00bb16px\u00bb text_line_height=\u00bb1.8em\u00bb custom_margin=\u00bb-11px||||false|false\u00bb custom_margin_tablet=\u00bb||30px||false|false\u00bb custom_margin_phone=\u00bb||20px||false|false\u00bb custom_margin_last_edited=\u00bboff|desktop\u00bb custom_padding=\u00bb0px||0px||true|false\u00bb text_font_size_tablet=\u00bb16px\u00bb text_font_size_phone=\u00bb14px\u00bb text_font_size_last_edited=\u00bboff|desktop\u00bb locked=\u00bboff\u00bb global_colors_info=\u00bb{}\u00bb theme_builder_area=\u00bbpost_content\u00bb]<\/p>\n<p>\u25cf P\u00e1ginas que no se cargan o muestran un error<br \/>\u25cf Enlaces rotos, im\u00e1genes faltantes o problemas de dise\u00f1o<br \/>\u25cf Problemas con formularios en l\u00ednea, donaciones o suscripciones al bolet\u00edn<br \/>\u25cf Problemas de acceso a la cuenta o al inicio de sesi\u00f3n en cualquier sitio web de los Josefitas<br \/>\u25cf Preguntas generales sobre c\u00f3mo usar el sitio web<\/p>\n<p>[\/et_pb_text][dnxte_multi_heading text_two=\u00bbInformation that helps us help you\u00bb heading_tag=\u00bbh2&#8243; display_type_select=\u00bbon\u00bb text_one_margin=\u00bb0px||0px||false|false\u00bb text_one_padding=\u00bb0px||12px||false|false\u00bb text_two_margin=\u00bb0px||0px||true|false\u00bb text_two_padding=\u00bb0px||0px||false|false\u00bb text_three_margin=\u00bb0px||0px||true|false\u00bb text_three_padding=\u00bb0px||0px||true|false\u00bb text_one_padding_tablet=\u00bb||10px||false|false\u00bb text_one_padding_phone=\u00bb0px||8px||false|false\u00bb text_one_padding_last_edited=\u00bbon|tablet\u00bb text_two_padding_tablet=\u00bb||15px||false|false\u00bb text_two_padding_phone=\u00bb||10px||false|false\u00bb text_two_padding_last_edited=\u00bboff|desktop\u00bb _builder_version=\u00bb4.27.4&#8243; _module_preset=\u00bbdefault\u00bb text_one_font=\u00bbRokkitt|500||on|||||\u00bb text_one_text_color=\u00bb#469a11&#8243; text_one_font_size=\u00bb16px\u00bb text_one_letter_spacing=\u00bb2px\u00bb text_one_line_height=\u00bb1.2em\u00bb text_two_font=\u00bbRokkitt|600|||||||\u00bb text_two_text_color=\u00bb#012A6B\u00bb text_two_font_size=\u00bb28px\u00bb text_two_line_height=\u00bb1.3em\u00bb custom_margin=\u00bb0px||0px||false|false\u00bb custom_padding=\u00bb0px||0px||false|false\u00bb text_one_font_size_tablet=\u00bb14px\u00bb text_one_font_size_phone=\u00bb12px\u00bb text_one_font_size_last_edited=\u00bbon|tablet\u00bb text_two_font_size_tablet=\u00bb30px\u00bb text_two_font_size_phone=\u00bb28px\u00bb text_two_font_size_last_edited=\u00bbon|phone\u00bb text_two_line_height_tablet=\u00bb1.3em\u00bb text_two_line_height_phone=\u00bb1.2em\u00bb text_two_line_height_last_edited=\u00bbon|phone\u00bb locked=\u00bboff\u00bb global_colors_info=\u00bb{}\u00bb theme_builder_area=\u00bbpost_content\u00bb][\/dnxte_multi_heading][et_pb_text _builder_version=\u00bb4.27.4&#8243; _module_preset=\u00bbdefault\u00bb text_font=\u00bbVerdana||||||||\u00bb text_text_color=\u00bb#000000&#8243; text_font_size=\u00bb16px\u00bb text_line_height=\u00bb1.8em\u00bb custom_margin=\u00bb-11px||||false|false\u00bb custom_margin_tablet=\u00bb||30px||false|false\u00bb custom_margin_phone=\u00bb||20px||false|false\u00bb custom_margin_last_edited=\u00bboff|desktop\u00bb custom_padding=\u00bb0px||0px||true|false\u00bb text_font_size_tablet=\u00bb16px\u00bb text_font_size_phone=\u00bb14px\u00bb text_font_size_last_edited=\u00bboff|desktop\u00bb locked=\u00bboff\u00bb global_colors_info=\u00bb{}\u00bb theme_builder_area=\u00bbpost_content\u00bb]<\/p>\n<p>\u25cf En qu\u00e9 sitio web o p\u00e1gina de los Josefitas se encontraba<br \/>\u25cf Qu\u00e9 intentaba hacer cuando ocurri\u00f3 el problema<br \/>\u25cf Cualquier mensaje de error que haya visto<br \/>\u25cf El dispositivo y el navegador que est\u00e1 utilizando (por ejemplo: iPhone + Safari, Windows + Chrome)<\/p>\n<p>[\/et_pb_text][et_pb_text _builder_version=\u00bb4.27.4&#8243; _module_preset=\u00bbdefault\u00bb text_font=\u00bbVerdana||||||||\u00bb text_text_color=\u00bb#000000&#8243; text_font_size=\u00bb16px\u00bb text_line_height=\u00bb1.8em\u00bb link_font=\u00bb||||on||||\u00bb link_text_color=\u00bb#000000&#8243; custom_margin=\u00bb-11px||||false|false\u00bb custom_margin_tablet=\u00bb||30px||false|false\u00bb custom_margin_phone=\u00bb||20px||false|false\u00bb custom_margin_last_edited=\u00bboff|desktop\u00bb custom_padding=\u00bb0px||0px||true|false\u00bb text_font_size_tablet=\u00bb16px\u00bb text_font_size_phone=\u00bb14px\u00bb text_font_size_last_edited=\u00bboff|desktop\u00bb locked=\u00bboff\u00bb global_colors_info=\u00bb{}\u00bb theme_builder_area=\u00bbpost_content\u00bb]<\/p>\n<p>Si no puede enviar el formulario, puede enviar un correo electr\u00f3nico directamente a nuestro equipo web a <a href=\"mailto:webteam@josephite.com\">webteam@josephite.com<\/a><\/p>\n<p>[\/et_pb_text][\/et_pb_column][et_pb_column type=\u00bb1_2&#8243; _builder_version=\u00bb4.27.4&#8243; _module_preset=\u00bbdefault\u00bb global_colors_info=\u00bb{}\u00bb theme_builder_area=\u00bbpost_content\u00bb][dnxte_multi_heading text_two=\u00bbSubmit a Ticket\u00bb heading_tag=\u00bbh2&#8243; display_type_select=\u00bbon\u00bb text_one_margin=\u00bb0px||0px||false|false\u00bb text_one_padding=\u00bb0px||12px||false|false\u00bb text_two_margin=\u00bb0px||0px||true|false\u00bb text_two_padding=\u00bb0px||0px||false|false\u00bb text_three_margin=\u00bb0px||0px||true|false\u00bb text_three_padding=\u00bb0px||0px||true|false\u00bb text_one_padding_tablet=\u00bb||10px||false|false\u00bb text_one_padding_phone=\u00bb0px||8px||false|false\u00bb text_one_padding_last_edited=\u00bbon|tablet\u00bb text_two_padding_tablet=\u00bb||15px||false|false\u00bb text_two_padding_phone=\u00bb||10px||false|false\u00bb text_two_padding_last_edited=\u00bboff|desktop\u00bb _builder_version=\u00bb4.27.4&#8243; _module_preset=\u00bbdefault\u00bb text_one_font=\u00bbRokkitt|500||on|||||\u00bb text_one_text_color=\u00bb#469a11&#8243; text_one_font_size=\u00bb16px\u00bb text_one_letter_spacing=\u00bb2px\u00bb text_one_line_height=\u00bb1.2em\u00bb text_two_font=\u00bbRokkitt|600|||||||\u00bb text_two_text_color=\u00bb#012A6B\u00bb text_two_font_size=\u00bb26px\u00bb text_two_line_height=\u00bb1.3em\u00bb custom_margin=\u00bb0px||0px||false|false\u00bb custom_padding=\u00bb0px||0px||false|false\u00bb text_one_font_size_tablet=\u00bb14px\u00bb text_one_font_size_phone=\u00bb12px\u00bb text_one_font_size_last_edited=\u00bbon|tablet\u00bb text_two_font_size_tablet=\u00bb30px\u00bb text_two_font_size_phone=\u00bb28px\u00bb text_two_font_size_last_edited=\u00bboff|desktop\u00bb text_two_line_height_tablet=\u00bb1.3em\u00bb text_two_line_height_phone=\u00bb1.2em\u00bb text_two_line_height_last_edited=\u00bbon|phone\u00bb locked=\u00bboff\u00bb global_colors_info=\u00bb{}\u00bb theme_builder_area=\u00bbpost_content\u00bb][\/dnxte_multi_heading][et_pb_code _builder_version=\u00bb4.27.4&#8243; _module_preset=\u00bbdefault\u00bb global_colors_info=\u00bb{}\u00bb theme_builder_area=\u00bbpost_content\u00bb]<div class='fluentform ff-default fluentform_wrapper_11 ffs_custom_wrap'><form data-form_id=\"11\" id=\"fluentform_11\" class=\"frm-fluent-form fluent_form_11 ff-el-form-top ff_form_instance_11_1 ff-form-loading ffs_custom\" data-form_instance=\"ff_form_instance_11_1\" method=\"POST\" ><fieldset  style=\"border: none!important;margin: 0!important;padding: 0!important;background-color: transparent!important;box-shadow: none!important;outline: none!important; min-inline-size: 100%;\">\n                    <legend class=\"ff_screen_reader_title\" style=\"display: block; margin: 0!important;padding: 0!important;height: 0!important;text-indent: -999999px;width: 0!important;overflow:hidden;\">Share Your Prayer Request<\/legend><input type='hidden' name='__fluent_form_embded_post_id' value='987612065' \/><input type=\"hidden\" id=\"_fluentform_11_fluentformnonce\" name=\"_fluentform_11_fluentformnonce\" value=\"9c2435bb27\" \/><input type=\"hidden\" name=\"_wp_http_referer\" value=\"\/es\/wp-json\/wp\/v2\/pages\/987612065\" \/><div data-type=\"name-element\" data-name=\"names\" class=\" ff-field_container ff-name-field-wrapper\" ><div class='ff-t-container'><div class='ff-t-cell '><div class='ff-el-group ff-el-form-top'><div class=\"ff-el-input--label asterisk-right\"><label for='ff_11_names_first_name_' id='label_ff_11_names_first_name_' >First Name<\/label><\/div><div class='ff-el-input--content'><input type=\"text\" name=\"names[first_name]\" id=\"ff_11_names_first_name_\" class=\"ff-el-form-control\" placeholder=\"Your first name (optional)\" aria-invalid=\"false\" aria-required=false><\/div><\/div><\/div><div class='ff-t-cell '><div class='ff-el-group ff-el-form-top'><div class=\"ff-el-input--label asterisk-right\"><label for='ff_11_names_last_name_' id='label_ff_11_names_last_name_' >Last Name<\/label><\/div><div class='ff-el-input--content'><input type=\"text\" name=\"names[last_name]\" id=\"ff_11_names_last_name_\" class=\"ff-el-form-control\" placeholder=\"Your last name (optional)\" aria-invalid=\"false\" aria-required=false><\/div><\/div><\/div><\/div><\/div><div class='ff-el-group'><div class=\"ff-el-input--label asterisk-right\"><label for='ff_11_email' id='label_ff_11_email' aria-label=\"Email Address\">Email Address<\/label><\/div><div class='ff-el-input--content'><input type=\"email\" name=\"email\" id=\"ff_11_email\" class=\"ff-el-form-control\" placeholder=\"Email address (optional)\" data-name=\"email\"  aria-invalid=\"false\" aria-required=false><\/div><\/div><div class='ff-el-group'><div class=\"ff-el-input--label ff-el-is-required asterisk-right\"><label for='ff_11_description' id='label_ff_11_description' aria-label=\"Your Prayer Intention\">Your Prayer Intention<\/label><\/div><div class='ff-el-input--content'><textarea aria-required=\"true\" aria-labelledby=\"label_ff_11_description\" name=\"description\" id=\"ff_11_description\" class=\"ff-el-form-control\" placeholder=\"Share your prayer intention here\u2026\" rows=\"5\" cols=\"2\" data-name=\"description\" ><\/textarea><\/div><\/div><div class='ff-el-group'><div class=\"ff-el-input--label ff-el-is-required asterisk-right\"><label for='ff_11_dropdown' id='label_ff_11_dropdown' aria-label=\"Type of Prayer Intention\">Type of Prayer Intention<\/label><\/div><div class='ff-el-input--content'><select name=\"dropdown\" id=\"ff_11_dropdown\" class=\"ff-el-form-control\" data-name=\"dropdown\" data-calc_value=\"0\"  aria-invalid=\"false\" aria-required=\"true\" aria-labelledby=\"label_ff_11_dropdown\"><option value=\"\">- Select -<\/option><option value=\"Health \/ Healing\"  >Health \/ Healing<\/option><option value=\"Family \/ Relationships\"  >Family \/ Relationships<\/option><option value=\"Grief \/ Loss\"  >Grief \/ Loss<\/option><option value=\"Vocations \/ Discernment\"  >Vocations \/ Discernment<\/option><option value=\"Spiritual Growth\"  >Spiritual Growth<\/option><option value=\"Work \/ Finances\"  >Work \/ Finances<\/option><option value=\"Community \/ Justice\"  >Community \/ Justice<\/option><option value=\"Thanksgiving \/ Gratitude\"  >Thanksgiving \/ Gratitude<\/option><option value=\"Other\"  >Other<\/option><\/select><\/div><\/div><div class='ff-el-group'><div class=\"ff-el-input--label asterisk-right\"><label   aria-label=\"How would you like your prayer request to be handled?\">How would you like your prayer request to be handled?<\/label><\/div><div class='ff-el-input--content'><div class='ff-el-form-check ff-el-form-check-'><label class='ff-el-form-check-label' for='checkbox_32cb85a78c81cc9ff9d88b10d317bb71'><input  type=\"checkbox\" name=\"checkbox[]\" data-name=\"checkbox\" class=\"ff-el-form-check-input ff-el-form-check-checkbox\" value=\"Share only with the Josephite community (private)\"  id='checkbox_32cb85a78c81cc9ff9d88b10d317bb71' aria-label='Share only with the Josephite community (private)' aria-invalid='false' aria-required=false> <span>Share only with the Josephite community (private)<\/span><\/label><\/div><div class='ff-el-form-check ff-el-form-check-'><label class='ff-el-form-check-label' for='checkbox_513fc20418a3b7d80081026cc261904c'><input  type=\"checkbox\" name=\"checkbox[]\" data-name=\"checkbox\" class=\"ff-el-form-check-input ff-el-form-check-checkbox\" value=\"May be shared anonymously in communal prayer\"  id='checkbox_513fc20418a3b7d80081026cc261904c' aria-label='May be shared anonymously in communal prayer' aria-invalid='false' aria-required=false> <span>May be shared anonymously in communal prayer<\/span><\/label><\/div><div class='ff-el-form-check ff-el-form-check-'><label class='ff-el-form-check-label' for='checkbox_5de8b4417ce12114595d4946658991ad'><input  type=\"checkbox\" name=\"checkbox[]\" data-name=\"checkbox\" class=\"ff-el-form-check-input ff-el-form-check-checkbox\" value=\"Keep completely confidential\"  id='checkbox_5de8b4417ce12114595d4946658991ad' aria-label='Keep completely confidential' aria-invalid='false' aria-required=false> <span>Keep completely confidential<\/span><\/label><\/div><\/div><\/div><div class='ff-el-group'><div class=\"ff-el-input--label asterisk-right\"><label   aria-label=\"Would you like someone from the Josephite community to contact you?\">Would you like someone from the Josephite community to contact you?<\/label><\/div><div class='ff-el-input--content'><div class='ff-el-form-check ff-el-form-check-'><label class='ff-el-form-check-label' for='input_radio_8e2098b23005b7029c2913064b31c32a'><input  type=\"radio\" name=\"input_radio\" data-name=\"input_radio\" class=\"ff-el-form-check-input ff-el-form-check-radio\" value=\"yes\"  id='input_radio_8e2098b23005b7029c2913064b31c32a' aria-label='Yes' aria-invalid='false' aria-required=false> <span>Yes<\/span><\/label><\/div><div class='ff-el-form-check ff-el-form-check-'><label class='ff-el-form-check-label' for='input_radio_2a621ff11bf24bd464c063ee0ea29270'><input  type=\"radio\" name=\"input_radio\" data-name=\"input_radio\" class=\"ff-el-form-check-input ff-el-form-check-radio\" value=\"no\"  id='input_radio_2a621ff11bf24bd464c063ee0ea29270' aria-label='No' aria-invalid='false' aria-required=false> <span>No<\/span><\/label><\/div><\/div><\/div><div class='ff-el-group ' ><div class='ff-el-input--content'><div data-fluent_id='11' name='g-recaptcha-response'><div\n\t\tdata-sitekey='6LcX1jQsAAAAADJigVkP5hSvCMokZAAHU41Kr_s4'\n\t\tid='fluentform-recaptcha-11-1'\n\t\tclass='ff-el-recaptcha g-recaptcha'\n\t\tdata-callback='fluentFormrecaptchaSuccessCallback'><\/div><\/div><\/div><\/div><div class='ff-el-group ff-text-left ff_submit_btn_wrapper'><button type=\"submit\" class=\"ff-btn ff-btn-submit ff-btn-md ff_btn_style\"  aria-label=\"Submit Prayer Request\">Submit Prayer Request<\/button><\/div><\/fieldset><\/form><div id='fluentform_11_errors' class='ff-errors-in-stack ff_form_instance_11_1 ff-form-loading_errors ff_form_instance_11_1_errors'><\/div><\/div>            <script type=\"text\/javascript\">\n                window.fluent_form_ff_form_instance_11_1 = {\"id\":\"11\",\"settings\":{\"layout\":{\"labelPlacement\":\"top\",\"asteriskPlacement\":\"asterisk-right\",\"helpMessagePlacement\":\"with_label\",\"errorMessagePlacement\":\"inline\",\"cssClassName\":\"\"},\"restrictions\":{\"denyEmptySubmission\":{\"enabled\":false}}},\"form_instance\":\"ff_form_instance_11_1\",\"form_id_selector\":\"fluentform_11\",\"rules\":{\"names[first_name]\":{\"required\":{\"value\":false,\"message\":\"Este campo es obligatorio\",\"global_message\":\"This field is required\",\"global\":true}},\"names[middle_name]\":{\"required\":{\"value\":false,\"message\":\"Este campo es obligatorio\",\"global_message\":\"This field is required\",\"global\":true}},\"names[last_name]\":{\"required\":{\"value\":false,\"message\":\"Este campo es obligatorio\",\"global_message\":\"This field is required\",\"global\":true}},\"email\":{\"required\":{\"value\":false,\"message\":\"Este campo es obligatorio\",\"global_message\":\"This field is required\",\"global\":true},\"email\":{\"value\":true,\"message\":\"Este campo debe contener un correo electr\\u00f3nico v\\u00e1lido\",\"global_message\":\"This field must contain a valid email\",\"global\":true}},\"description\":{\"required\":{\"value\":true,\"message\":\"Este campo es obligatorio\",\"global_message\":\"This field is required\",\"global\":true}},\"dropdown\":{\"required\":{\"value\":true,\"message\":\"Este campo es obligatorio\",\"global_message\":\"This field is required\",\"global\":true}},\"checkbox\":{\"required\":{\"value\":false,\"message\":\"Este campo es obligatorio\",\"global_message\":\"This field is required\",\"global\":true}},\"input_radio\":{\"required\":{\"value\":false,\"message\":\"Este campo es obligatorio\",\"global_message\":\"This field is required\",\"global\":true}},\"g-recaptcha-response\":[]},\"debounce_time\":300};\n                            <\/script>\n            [\/et_pb_code][\/et_pb_column][\/et_pb_row][\/et_pb_section]<\/p>\n","protected":false},"excerpt":{"rendered":"<div class=\"et_pb_module dnxte_multi_heading dnxte_multi_heading_0\">\n\t\t\t\t\n\t\t\t\t\n\t\t\t\t\n\t\t\t\t\n\t\t\t\t\n\t\t\t\t\n\t\t\t\t<div class=\"et_pb_module_inner\">\n\t\t\t\t\t<div class=\"wrapper\"><\u00bbh2&#8243; class='header-level '><span class=\"dnxt-text-two \"><span class=\"dnxt-gradient-text-color-2\">\u00bbWebsite<\/span><\/span><\/\u00bbh2&#8243;><\/div>\n\t\t\t\t<\/div>\n\t\t\t<\/div>\n","protected":false},"author":1,"featured_media":0,"parent":0,"menu_order":0,"comment_status":"closed","ping_status":"closed","template":"","meta":{"_acf_changed":false,"give_campaign_id":0,"_et_pb_use_builder":"on","_et_pb_old_content":"","_et_gb_content_width":"","pmpro_default_level":"","_exactmetrics_skip_tracking":false,"_exactmetrics_sitenote_active":false,"_exactmetrics_sitenote_note":"","_exactmetrics_sitenote_category":0,"footnotes":""},"dipi_cpt_category":[],"difl_page_category":[],"class_list":["post-987612065","page","type-page","status-publish","hentry","pmpro-has-access"],"acf":[],"campaignId":"","_links":{"self":[{"href":"https:\/\/final.et-mg.com\/es\/wp-json\/wp\/v2\/pages\/987612065","targetHints":{"allow":["GET"]}}],"collection":[{"href":"https:\/\/final.et-mg.com\/es\/wp-json\/wp\/v2\/pages"}],"about":[{"href":"https:\/\/final.et-mg.com\/es\/wp-json\/wp\/v2\/types\/page"}],"author":[{"embeddable":true,"href":"https:\/\/final.et-mg.com\/es\/wp-json\/wp\/v2\/users\/1"}],"replies":[{"embeddable":true,"href":"https:\/\/final.et-mg.com\/es\/wp-json\/wp\/v2\/comments?post=987612065"}],"version-history":[{"count":0,"href":"https:\/\/final.et-mg.com\/es\/wp-json\/wp\/v2\/pages\/987612065\/revisions"}],"wp:attachment":[{"href":"https:\/\/final.et-mg.com\/es\/wp-json\/wp\/v2\/media?parent=987612065"}],"wp:term":[{"taxonomy":"dipi_cpt_category","embeddable":true,"href":"https:\/\/final.et-mg.com\/es\/wp-json\/wp\/v2\/dipi_cpt_category?post=987612065"},{"taxonomy":"difl_page_category","embeddable":true,"href":"https:\/\/final.et-mg.com\/es\/wp-json\/wp\/v2\/difl_page_category?post=987612065"}],"curies":[{"name":"wp","href":"https:\/\/api.w.org\/{rel}","templated":true}]}}